{"id":75006,"date":"2023-11-06T13:15:39","date_gmt":"2023-11-06T12:15:39","guid":{"rendered":"https:\/\/poppers-online.ch\/?post_type=product&#038;p=75006"},"modified":"2025-11-03T03:59:54","modified_gmt":"2025-11-03T02:59:54","slug":"kinky-monster-analdouche-15cm","status":"publish","type":"product","link":"https:\/\/dev.poppers-online.ch\/fr\/produit\/kinky-monster-analdouche-15cm\/","title":{"rendered":"Douche anale Kinky Monster 15cm"},"content":{"rendered":"","protected":false},"excerpt":{"rendered":"<p>L&rsquo;irrigation anale fait partie de la pr\u00e9paration au sexe anal prolong\u00e9. Si tu te sens propre de l&rsquo;int\u00e9rieur, tu peux encore mieux te d\u00e9tendre et tu n&rsquo;as pas \u00e0 craindre les mauvaises surprises. Le petit embout de douche pratique s&rsquo;adapte \u00e0 tous les flexibles de douche habituels de \u00bd pouce. Il est pr\u00e9f\u00e9rable d&rsquo;ins\u00e9rer la pomme de douche lorsque l&rsquo;eau est en train de couler. Tu peux aussi utiliser un peu de lubrifiant \u00e0 cet effet. Tu devrais garder l&rsquo;eau dans le rectum pendant environ 20 secondes avec 3 r\u00e9p\u00e9titions. <\/p>\n<p>La douche anale Kinky Monster 15cm est relativement courte et avec un diam\u00e8tre d&rsquo;environ 2 cm, elle convient tr\u00e8s bien aux d\u00e9butants. Le mat\u00e9riau aluminium est robuste et assure une surface tr\u00e8s lisse et une longue dur\u00e9e de vie. Poids 95g.<\/p>\n","protected":false},"featured_media":75018,"comment_status":"open","ping_status":"closed","template":"","meta":{"_acf_changed":false,"_glsr_average":0,"_glsr_ranking":0,"_glsr_reviews":0},"product_brand":[],"product_cat":[2064,166],"product_tag":[1407],"class_list":{"0":"post-75006","1":"product","2":"type-product","3":"status-publish","4":"has-post-thumbnail","6":"product_cat-douche-anale","7":"product_cat-droguerie","8":"product_tag-douche-anale-kinky-monster-14cm","10":"first","11":"instock","12":"taxable","13":"shipping-taxable","14":"purchasable","15":"product-type-simple"},"acf":[],"_links":{"self":[{"href":"https:\/\/dev.poppers-online.ch\/fr\/wp-json\/wp\/v2\/product\/75006","targetHints":{"allow":["GET"]}}],"collection":[{"href":"https:\/\/dev.poppers-online.ch\/fr\/wp-json\/wp\/v2\/product"}],"about":[{"href":"https:\/\/dev.poppers-online.ch\/fr\/wp-json\/wp\/v2\/types\/product"}],"replies":[{"embeddable":true,"href":"https:\/\/dev.poppers-online.ch\/fr\/wp-json\/wp\/v2\/comments?post=75006"}],"wp:featuredmedia":[{"embeddable":true,"href":"https:\/\/dev.poppers-online.ch\/fr\/wp-json\/wp\/v2\/media\/75018"}],"wp:attachment":[{"href":"https:\/\/dev.poppers-online.ch\/fr\/wp-json\/wp\/v2\/media?parent=75006"}],"wp:term":[{"taxonomy":"product_brand","embeddable":true,"href":"https:\/\/dev.poppers-online.ch\/fr\/wp-json\/wp\/v2\/product_brand?post=75006"},{"taxonomy":"product_cat","embeddable":true,"href":"https:\/\/dev.poppers-online.ch\/fr\/wp-json\/wp\/v2\/product_cat?post=75006"},{"taxonomy":"product_tag","embeddable":true,"href":"https:\/\/dev.poppers-online.ch\/fr\/wp-json\/wp\/v2\/product_tag?post=75006"}],"curies":[{"name":"wp","href":"https:\/\/api.w.org\/{rel}","templated":true}]}}