{"id":75024,"date":"2023-11-06T13:40:54","date_gmt":"2023-11-06T12:40:54","guid":{"rendered":"https:\/\/poppers-online.ch\/?post_type=product&#038;p=75024"},"modified":"2025-11-29T02:05:35","modified_gmt":"2025-11-29T01:05:35","slug":"kinky-monster-dildo-en-acier-inox-courbe-20cm","status":"publish","type":"product","link":"https:\/\/dev.poppers-online.ch\/fr\/produit\/kinky-monster-dildo-en-acier-inox-courbe-20cm\/","title":{"rendered":"Godemich\u00e9 Kinky Monster en acier inoxydable courb\u00e9 20cm"},"content":{"rendered":"","protected":false},"excerpt":{"rendered":"<p>Ce gode de haute qualit\u00e9 Kinky Monster en acier inoxydable courb\u00e9 20cm a deux boules de tailles diff\u00e9rentes \u00e0 chaque extr\u00e9mit\u00e9. Tandis que l&rsquo;une des extr\u00e9mit\u00e9s sert de poign\u00e9e, la courbure du godemich\u00e9 en acier inoxydable te permet d&rsquo;atterrir avec pr\u00e9cision sur ta prostate. Pour une stimulation encore plus intense, place le godemich\u00e9 Kinky Monster en acier inoxydable dans le r\u00e9frig\u00e9rateur ou dans de l&rsquo;eau chaude pendant 30 minutes avant de l&rsquo;ins\u00e9rer dans ton arri\u00e8re-train. Longueur totale 20cm, longueur ins\u00e9rable 18cm, diam\u00e8tre des deux boules 3,8cm et 2,5cm. Poids 630g. Tr\u00e8s hygi\u00e9nique et nettoyage tr\u00e8s facile possible. Le godemich\u00e9 Kinky Monster en acier inoxydable est livr\u00e9 avec une bo\u00eete de rangement pratique.<\/p>\n<ul>\n<li><strong>Longueur du plug:<\/strong> environ 20cm<\/li>\n<li><strong>Mat\u00e9riau:<\/strong> acier inoxydable<\/li>\n<li><strong>Couleur:<\/strong> M\u00e9tal<\/li>\n<\/ul>\n","protected":false},"featured_media":75044,"comment_status":"open","ping_status":"closed","template":"","meta":{"_acf_changed":false,"_glsr_average":0,"_glsr_ranking":0,"_glsr_reviews":0},"product_brand":[],"product_cat":[2085,171],"product_tag":[1412],"class_list":{"0":"post-75024","1":"product","2":"type-product","3":"status-publish","4":"has-post-thumbnail","6":"product_cat-anal-play","7":"product_cat-sex-toys","8":"product_tag-godemiche-kinky-monster-en-acier-inoxydable-courbe-20cm","10":"first","11":"instock","12":"sale","13":"taxable","14":"shipping-taxable","15":"purchasable","16":"product-type-simple"},"acf":[],"_links":{"self":[{"href":"https:\/\/dev.poppers-online.ch\/fr\/wp-json\/wp\/v2\/product\/75024","targetHints":{"allow":["GET"]}}],"collection":[{"href":"https:\/\/dev.poppers-online.ch\/fr\/wp-json\/wp\/v2\/product"}],"about":[{"href":"https:\/\/dev.poppers-online.ch\/fr\/wp-json\/wp\/v2\/types\/product"}],"replies":[{"embeddable":true,"href":"https:\/\/dev.poppers-online.ch\/fr\/wp-json\/wp\/v2\/comments?post=75024"}],"wp:featuredmedia":[{"embeddable":true,"href":"https:\/\/dev.poppers-online.ch\/fr\/wp-json\/wp\/v2\/media\/75044"}],"wp:attachment":[{"href":"https:\/\/dev.poppers-online.ch\/fr\/wp-json\/wp\/v2\/media?parent=75024"}],"wp:term":[{"taxonomy":"product_brand","embeddable":true,"href":"https:\/\/dev.poppers-online.ch\/fr\/wp-json\/wp\/v2\/product_brand?post=75024"},{"taxonomy":"product_cat","embeddable":true,"href":"https:\/\/dev.poppers-online.ch\/fr\/wp-json\/wp\/v2\/product_cat?post=75024"},{"taxonomy":"product_tag","embeddable":true,"href":"https:\/\/dev.poppers-online.ch\/fr\/wp-json\/wp\/v2\/product_tag?post=75024"}],"curies":[{"name":"wp","href":"https:\/\/api.w.org\/{rel}","templated":true}]}}