{"id":75048,"date":"2023-11-06T14:24:11","date_gmt":"2023-11-06T13:24:11","guid":{"rendered":"https:\/\/poppers-online.ch\/?post_type=product&#038;p=75048"},"modified":"2025-02-06T10:34:19","modified_gmt":"2025-02-06T09:34:19","slug":"kinky-monster-ball-strecher-en-acier-inox-avec-fermeture-magnetique-haut-30mm","status":"publish","type":"product","link":"https:\/\/dev.poppers-online.ch\/fr\/produit\/kinky-monster-ball-strecher-en-acier-inox-avec-fermeture-magnetique-haut-30mm\/","title":{"rendered":"Kinky Monster Ball Strecher en acier inoxydable avec fermeture magn\u00e9tique hauteur 30mm"},"content":{"rendered":"","protected":false},"excerpt":{"rendered":"<p><span style=\"font-weight: 400;\">Ce <strong>strecher de balle Kinky Monster en acier inoxydable avec fermeture magn\u00e9tique d&rsquo;une hauteur de 30 mm<\/strong> n&rsquo;est d\u00e9finitivement pas seulement g\u00e9nial \u00e0 porter, mais il attire aussi les regards. Gr\u00e2ce \u00e0 la fermeture magn\u00e9tique, le Ball Strecher est particuli\u00e8rement facile \u00e0 monter et \u00e0 d\u00e9monter.  La surface est polie miroir et les bords sont cass\u00e9s, ce qui assure un grand confort au porter. Le strecher Kinky Monster Ball donne une sensation de fra\u00eecheur au d\u00e9but, mais s&rsquo;adapte rapidement \u00e0 la temp\u00e9rature du corps. Pour les sessions particuli\u00e8rement mouvement\u00e9es, tu peux obtenir une stabilisation suppl\u00e9mentaire en pla\u00e7ant un anneau ferm\u00e9 sous le ball strecher. En cas de douleur, vous devez imm\u00e9diatement retirer l&rsquo;extenseur de balle. L&rsquo;acier inoxydable assure une longue dur\u00e9e de vie et un nettoyage tr\u00e8s facile et hygi\u00e9nique.  <\/span><\/p>\n<p>&nbsp;<\/p>\n<p><span style=\"font-weight: 400;\">Le strecher Kinky Monster Ball en acier inoxydable avec fermeture magn\u00e9tique est disponible en deux diam\u00e8tres int\u00e9rieurs diff\u00e9rents<strong>(35mm = M, 40mm = L<\/strong>). Le poids est de 590g et la hauteur est de 30mm.<\/span><\/p>\n","protected":false},"featured_media":75062,"comment_status":"open","ping_status":"closed","template":"","meta":{"_acf_changed":false,"_glsr_average":0,"_glsr_ranking":0,"_glsr_reviews":0},"product_brand":[],"product_cat":[2088,171],"product_tag":[1416],"class_list":{"0":"post-75048","1":"product","2":"type-product","3":"status-publish","4":"has-post-thumbnail","6":"product_cat-ball-play","7":"product_cat-sex-toys","8":"product_tag-kinky-monster-ball-strecher-en-acier-inoxydable-avec-fermeture-magnetique","10":"first","11":"instock","12":"taxable","13":"shipping-taxable","14":"purchasable","15":"product-type-variable","16":"has-default-attributes"},"acf":[],"_links":{"self":[{"href":"https:\/\/dev.poppers-online.ch\/fr\/wp-json\/wp\/v2\/product\/75048","targetHints":{"allow":["GET"]}}],"collection":[{"href":"https:\/\/dev.poppers-online.ch\/fr\/wp-json\/wp\/v2\/product"}],"about":[{"href":"https:\/\/dev.poppers-online.ch\/fr\/wp-json\/wp\/v2\/types\/product"}],"replies":[{"embeddable":true,"href":"https:\/\/dev.poppers-online.ch\/fr\/wp-json\/wp\/v2\/comments?post=75048"}],"wp:featuredmedia":[{"embeddable":true,"href":"https:\/\/dev.poppers-online.ch\/fr\/wp-json\/wp\/v2\/media\/75062"}],"wp:attachment":[{"href":"https:\/\/dev.poppers-online.ch\/fr\/wp-json\/wp\/v2\/media?parent=75048"}],"wp:term":[{"taxonomy":"product_brand","embeddable":true,"href":"https:\/\/dev.poppers-online.ch\/fr\/wp-json\/wp\/v2\/product_brand?post=75048"},{"taxonomy":"product_cat","embeddable":true,"href":"https:\/\/dev.poppers-online.ch\/fr\/wp-json\/wp\/v2\/product_cat?post=75048"},{"taxonomy":"product_tag","embeddable":true,"href":"https:\/\/dev.poppers-online.ch\/fr\/wp-json\/wp\/v2\/product_tag?post=75048"}],"curies":[{"name":"wp","href":"https:\/\/api.w.org\/{rel}","templated":true}]}}