{"id":75151,"date":"2023-11-06T17:35:51","date_gmt":"2023-11-06T16:35:52","guid":{"rendered":"https:\/\/poppers-online.ch\/?post_type=product&#038;p=75151"},"modified":"2024-10-15T23:36:05","modified_gmt":"2024-10-15T21:36:05","slug":"kinky-monster-cockring-acier-inoxydable-rainbow-edition-largeur-10mm","status":"publish","type":"product","link":"https:\/\/dev.poppers-online.ch\/fr\/produit\/kinky-monster-cockring-acier-inoxydable-rainbow-edition-largeur-10mm\/","title":{"rendered":"Kinky Monster Cockring en acier inoxydable Rainbow Edition Largeur 10mm"},"content":{"rendered":"","protected":false},"excerpt":{"rendered":"<p><span style=\"font-weight: 400\">Le cockring Kinky Monster en acier inoxydable dans l&rsquo;\u00e9dition Rainbow brille dans toutes les couleurs de l&rsquo;arc-en-ciel. L&rsquo;anneau cockring plat est en acier inoxydable tr\u00e8s fin et a une largeur d&rsquo;environ 10 mm. L&rsquo;\u00e9paisseur du profil est de 5 mm. Ce bijou \u00e9rotique pour hommes permet de prolonger et d&rsquo;intensifier les rapports sexuels, mais les cockrings en m\u00e9tal ne conviennent pas aux d\u00e9butants. N&rsquo;enfile jamais le cockring lorsque le p\u00e9nis est excit\u00e9. Introduis un testicule \u00e0 la fois, puis le p\u00e9nis \u00e0 la fin. Ne porte pas le cockring plus de 30 minutes et retire-le facilement avec un lubrifiant. Comment trouver la bonne taille pour toi ? Mesure la circonf\u00e9rence autour des testicules et de la queue \u00e0 l&rsquo;aide d&rsquo;une bande \u00e9lastique et divise la longueur en mm par Pi (3,14) pour obtenir le diam\u00e8tre n\u00e9cessaire. Le mieux est de prendre plusieurs mesures \u00e0 diff\u00e9rents moments de la journ\u00e9e. En cas de doute, choisis le diam\u00e8tre le plus grand. Le poids de ce cockring est de 53g. Le cockring Kinky Monster est disponible en 4 diam\u00e8tres int\u00e9rieurs diff\u00e9rents : <strong>S=35mm, M=40mm, L=45mm, XL-50mm.<\/strong><\/span><\/p>\n","protected":false},"featured_media":80088,"comment_status":"open","ping_status":"closed","template":"","meta":{"_acf_changed":false,"_glsr_average":0,"_glsr_ranking":0,"_glsr_reviews":0},"product_brand":[],"product_cat":[2091,171],"product_tag":[1426,1427],"class_list":{"0":"post-75151","1":"product","2":"type-product","3":"status-publish","4":"has-post-thumbnail","6":"product_cat-cock-play","7":"product_cat-sex-toys","8":"product_tag-cockring-kinky-monster-en-acier-inoxydable","9":"product_tag-rainbow-edition-largeur-10mm","11":"first","12":"instock","13":"taxable","14":"shipping-taxable","15":"purchasable","16":"product-type-variable","17":"has-default-attributes"},"acf":[],"_links":{"self":[{"href":"https:\/\/dev.poppers-online.ch\/fr\/wp-json\/wp\/v2\/product\/75151","targetHints":{"allow":["GET"]}}],"collection":[{"href":"https:\/\/dev.poppers-online.ch\/fr\/wp-json\/wp\/v2\/product"}],"about":[{"href":"https:\/\/dev.poppers-online.ch\/fr\/wp-json\/wp\/v2\/types\/product"}],"replies":[{"embeddable":true,"href":"https:\/\/dev.poppers-online.ch\/fr\/wp-json\/wp\/v2\/comments?post=75151"}],"wp:featuredmedia":[{"embeddable":true,"href":"https:\/\/dev.poppers-online.ch\/fr\/wp-json\/wp\/v2\/media\/80088"}],"wp:attachment":[{"href":"https:\/\/dev.poppers-online.ch\/fr\/wp-json\/wp\/v2\/media?parent=75151"}],"wp:term":[{"taxonomy":"product_brand","embeddable":true,"href":"https:\/\/dev.poppers-online.ch\/fr\/wp-json\/wp\/v2\/product_brand?post=75151"},{"taxonomy":"product_cat","embeddable":true,"href":"https:\/\/dev.poppers-online.ch\/fr\/wp-json\/wp\/v2\/product_cat?post=75151"},{"taxonomy":"product_tag","embeddable":true,"href":"https:\/\/dev.poppers-online.ch\/fr\/wp-json\/wp\/v2\/product_tag?post=75151"}],"curies":[{"name":"wp","href":"https:\/\/api.w.org\/{rel}","templated":true}]}}