{"id":75504,"date":"2023-11-09T15:00:26","date_gmt":"2023-11-09T14:00:27","guid":{"rendered":"https:\/\/poppers-online.ch\/?post_type=product&#038;p=75504"},"modified":"2024-10-15T23:36:04","modified_gmt":"2024-10-15T21:36:04","slug":"all-black-69-black-anal-dildo-32-cm","status":"publish","type":"product","link":"https:\/\/dev.poppers-online.ch\/fr\/produit\/all-black-69-black-anal-dildo-32-cm\/","title":{"rendered":"All Black 69 Black Gode anal 32 cm"},"content":{"rendered":"","protected":false},"excerpt":{"rendered":"<p>Tige anale extr\u00eamement flexible avec 5 bosses sph\u00e9riques successives. La flexibilit\u00e9 de la tige s&rsquo;adapte parfaitement \u00e0 ton anatomie et avec la surface bomb\u00e9e, tu fais l&rsquo;exp\u00e9rience d&rsquo;un flux et d&rsquo;un reflux de plaisir. La mati\u00e8re glissante fait de l&rsquo;utilisation du godemich\u00e9 All Black une exp\u00e9rience de plaisir sans cesse renouvel\u00e9e. La petite plateforme \u00e0 l&rsquo;extr\u00e9mit\u00e9 permet une bonne prise en main de la tige et \u00e9vite de l&rsquo;ins\u00e9rer trop loin.<\/p>\n<p>All Black AB 69 est propos\u00e9 comme un jouet sexuel absolument s\u00fbr. Il ne contient aucune substance toxique comme le cadmium, le plomb ou le phtalate.<\/p>\n<ul>\n<li><strong>longueur:<\/strong> environ 32 cm<\/li>\n<li><strong>Taille:<\/strong> 32 x 3,50 x 3,50 cm<\/li>\n<li><strong>Mat\u00e9riau:<\/strong> PVC<\/li>\n<li><strong>Couleur:<\/strong> Noir<\/li>\n<\/ul>\n","protected":false},"featured_media":75516,"comment_status":"open","ping_status":"closed","template":"","meta":{"_acf_changed":false,"_glsr_average":0,"_glsr_ranking":0,"_glsr_reviews":0},"product_brand":[],"product_cat":[2085,171],"product_tag":[688],"class_list":{"0":"post-75504","1":"product","2":"type-product","3":"status-publish","4":"has-post-thumbnail","6":"product_cat-anal-play","7":"product_cat-sex-toys","8":"product_tag-all-black-fr","10":"first","11":"instock","12":"taxable","13":"shipping-taxable","14":"purchasable","15":"product-type-simple"},"acf":[],"_links":{"self":[{"href":"https:\/\/dev.poppers-online.ch\/fr\/wp-json\/wp\/v2\/product\/75504","targetHints":{"allow":["GET"]}}],"collection":[{"href":"https:\/\/dev.poppers-online.ch\/fr\/wp-json\/wp\/v2\/product"}],"about":[{"href":"https:\/\/dev.poppers-online.ch\/fr\/wp-json\/wp\/v2\/types\/product"}],"replies":[{"embeddable":true,"href":"https:\/\/dev.poppers-online.ch\/fr\/wp-json\/wp\/v2\/comments?post=75504"}],"wp:featuredmedia":[{"embeddable":true,"href":"https:\/\/dev.poppers-online.ch\/fr\/wp-json\/wp\/v2\/media\/75516"}],"wp:attachment":[{"href":"https:\/\/dev.poppers-online.ch\/fr\/wp-json\/wp\/v2\/media?parent=75504"}],"wp:term":[{"taxonomy":"product_brand","embeddable":true,"href":"https:\/\/dev.poppers-online.ch\/fr\/wp-json\/wp\/v2\/product_brand?post=75504"},{"taxonomy":"product_cat","embeddable":true,"href":"https:\/\/dev.poppers-online.ch\/fr\/wp-json\/wp\/v2\/product_cat?post=75504"},{"taxonomy":"product_tag","embeddable":true,"href":"https:\/\/dev.poppers-online.ch\/fr\/wp-json\/wp\/v2\/product_tag?post=75504"}],"curies":[{"name":"wp","href":"https:\/\/api.w.org\/{rel}","templated":true}]}}