{"id":75522,"date":"2023-11-09T15:24:03","date_gmt":"2023-11-09T14:24:03","guid":{"rendered":"https:\/\/poppers-online.ch\/?post_type=product&#038;p=75522"},"modified":"2024-10-15T23:36:02","modified_gmt":"2024-10-15T21:36:02","slug":"all-black-anal-fist-plug-93","status":"publish","type":"product","link":"https:\/\/dev.poppers-online.ch\/fr\/produit\/all-black-anal-fist-plug-93\/","title":{"rendered":"All Black Anal Fist Plug 93"},"content":{"rendered":"","protected":false},"excerpt":{"rendered":"<p>Bienvenue dans le monde des poings s\u00e9duisants ! All Black Anal Fist Plug 93 te fournit la taille fantastique qui imite un vrai poing jusque dans les moindres d\u00e9tails.<\/p>\n<p>Il s&rsquo;agit ici de la variante Medium, qui est d\u00e9j\u00e0 destin\u00e9e aux utilisateurs avanc\u00e9s. M\u00eame s&rsquo;il s&rsquo;agit de la taille moyenne, elle te stimule dans tous les cas plus que la moyenne.<\/p>\n<p>Avec sa surface en PVC sans phtalates sp\u00e9cialement con\u00e7ue pour les rapports anaux, la premi\u00e8re insertion est d\u00e9j\u00e0 une exp\u00e9rience de r\u00eave. La stimulation est encore plus souple si l&rsquo;on ajoute un peu de lubrifiant. La base \u00e9vas\u00e9e t&rsquo;offre un bon maintien tout en \u00e9vitant une p\u00e9n\u00e9tration trop profonde.<\/p>\n<p>Si tu nettoies soigneusement ton nouveau jouet avec du Toy-Cleaner ou de l&rsquo;eau chaude savonneuse juste apr\u00e8s l&rsquo;avoir utilis\u00e9 et que tu le stockes au sec, tu pourras t&rsquo;amuser longtemps avec. Que tu veuilles te faire plaisir ou faire plaisir \u00e0 ton partenaire, ce poing est toujours pr\u00eat.<\/p>\n<p><strong>Remarque :<\/strong> nettoyer soigneusement avant chaque utilisation !<\/p>\n<p>longueur totale : environ 14 cm<br \/>\nLongueur d&rsquo;insertion : environ 13 cm<br \/>\ndiam\u00e8tre : environ 10 cm<br \/>\nPoids : env. 235 g<br \/>\nMat\u00e9riau : PVC sans phtalate<br \/>\ncouleur : noir<\/p>\n","protected":false},"featured_media":75542,"comment_status":"open","ping_status":"closed","template":"","meta":{"_acf_changed":false,"_glsr_average":0,"_glsr_ranking":0,"_glsr_reviews":0},"product_brand":[],"product_cat":[2085,171],"product_tag":[688],"class_list":{"0":"post-75522","1":"product","2":"type-product","3":"status-publish","4":"has-post-thumbnail","6":"product_cat-anal-play","7":"product_cat-sex-toys","8":"product_tag-all-black-fr","10":"first","11":"outofstock","12":"taxable","13":"shipping-taxable","14":"purchasable","15":"product-type-simple"},"acf":[],"_links":{"self":[{"href":"https:\/\/dev.poppers-online.ch\/fr\/wp-json\/wp\/v2\/product\/75522","targetHints":{"allow":["GET"]}}],"collection":[{"href":"https:\/\/dev.poppers-online.ch\/fr\/wp-json\/wp\/v2\/product"}],"about":[{"href":"https:\/\/dev.poppers-online.ch\/fr\/wp-json\/wp\/v2\/types\/product"}],"replies":[{"embeddable":true,"href":"https:\/\/dev.poppers-online.ch\/fr\/wp-json\/wp\/v2\/comments?post=75522"}],"wp:featuredmedia":[{"embeddable":true,"href":"https:\/\/dev.poppers-online.ch\/fr\/wp-json\/wp\/v2\/media\/75542"}],"wp:attachment":[{"href":"https:\/\/dev.poppers-online.ch\/fr\/wp-json\/wp\/v2\/media?parent=75522"}],"wp:term":[{"taxonomy":"product_brand","embeddable":true,"href":"https:\/\/dev.poppers-online.ch\/fr\/wp-json\/wp\/v2\/product_brand?post=75522"},{"taxonomy":"product_cat","embeddable":true,"href":"https:\/\/dev.poppers-online.ch\/fr\/wp-json\/wp\/v2\/product_cat?post=75522"},{"taxonomy":"product_tag","embeddable":true,"href":"https:\/\/dev.poppers-online.ch\/fr\/wp-json\/wp\/v2\/product_tag?post=75522"}],"curies":[{"name":"wp","href":"https:\/\/api.w.org\/{rel}","templated":true}]}}