{"id":75927,"date":"2023-11-11T16:44:07","date_gmt":"2023-11-11T15:44:07","guid":{"rendered":"https:\/\/poppers-online.ch\/produkt\/preservatifs-top-standard-100-pieces\/"},"modified":"2023-11-11T16:45:32","modified_gmt":"2023-11-11T15:45:32","slug":"top-condoms-standard-100-pieces","status":"publish","type":"product","link":"https:\/\/dev.poppers-online.ch\/fr\/produit\/top-condoms-standard-100-pieces\/","title":{"rendered":"Pr\u00e9servatifs TOP STANDARD (100 pi\u00e8ces)"},"content":{"rendered":"","protected":false},"excerpt":{"rendered":"<p><span style=\"font-weight: 400\">La marque de pr\u00e9servatifs TOP est synonyme de pr\u00e9servatifs de qualit\u00e9 sup\u00e9rieure \u00e0 un prix raisonnable. Les pr\u00e9servatifs TOP STANDARD sont de couleur naturelle, transparents, lisses, de forme cylindrique et munis d&rsquo;un r\u00e9servoir avec lubrifiant.<\/span><\/p>\n<ul>\n<li style=\"font-weight: 400\"><span style=\"font-weight: 400\">1 sachet de 100 pr\u00e9servatifs<\/span><\/li>\n<li style=\"font-weight: 400\"><span style=\"font-weight: 400\">Largeur nominale 54mm<\/span><\/li>\n<\/ul>\n","protected":false},"featured_media":75920,"comment_status":"closed","ping_status":"closed","template":"","meta":{"_acf_changed":false,"_glsr_average":0,"_glsr_ranking":0,"_glsr_reviews":0},"product_brand":[],"product_cat":[2073,166],"product_tag":[1497],"class_list":{"0":"post-75927","1":"product","2":"type-product","3":"status-publish","4":"has-post-thumbnail","6":"product_cat-preservatif","7":"product_cat-droguerie","8":"product_tag-preservatifs-top-standard-100-pieces","10":"first","11":"instock","12":"sale","13":"taxable","14":"shipping-taxable","15":"purchasable","16":"product-type-simple"},"acf":[],"_links":{"self":[{"href":"https:\/\/dev.poppers-online.ch\/fr\/wp-json\/wp\/v2\/product\/75927","targetHints":{"allow":["GET"]}}],"collection":[{"href":"https:\/\/dev.poppers-online.ch\/fr\/wp-json\/wp\/v2\/product"}],"about":[{"href":"https:\/\/dev.poppers-online.ch\/fr\/wp-json\/wp\/v2\/types\/product"}],"replies":[{"embeddable":true,"href":"https:\/\/dev.poppers-online.ch\/fr\/wp-json\/wp\/v2\/comments?post=75927"}],"wp:featuredmedia":[{"embeddable":true,"href":"https:\/\/dev.poppers-online.ch\/fr\/wp-json\/wp\/v2\/media\/75920"}],"wp:attachment":[{"href":"https:\/\/dev.poppers-online.ch\/fr\/wp-json\/wp\/v2\/media?parent=75927"}],"wp:term":[{"taxonomy":"product_brand","embeddable":true,"href":"https:\/\/dev.poppers-online.ch\/fr\/wp-json\/wp\/v2\/product_brand?post=75927"},{"taxonomy":"product_cat","embeddable":true,"href":"https:\/\/dev.poppers-online.ch\/fr\/wp-json\/wp\/v2\/product_cat?post=75927"},{"taxonomy":"product_tag","embeddable":true,"href":"https:\/\/dev.poppers-online.ch\/fr\/wp-json\/wp\/v2\/product_tag?post=75927"}],"curies":[{"name":"wp","href":"https:\/\/api.w.org\/{rel}","templated":true}]}}