{"id":75941,"date":"2023-11-11T16:54:21","date_gmt":"2023-11-11T15:54:21","guid":{"rendered":"https:\/\/poppers-online.ch\/produkt\/top-preservatifs-red-a-larome-de-fraise-100-pieces\/"},"modified":"2023-12-20T21:33:34","modified_gmt":"2023-12-20T20:33:34","slug":"top-condoms-red-avec-arome-fraise-100-pieces","status":"publish","type":"product","link":"https:\/\/dev.poppers-online.ch\/fr\/produit\/top-condoms-red-avec-arome-fraise-100-pieces\/","title":{"rendered":"TOP Pr\u00e9servatifs RED \u00e0 l&rsquo;ar\u00f4me de fraise &#8211; 100 pi\u00e8ces"},"content":{"rendered":"","protected":false},"excerpt":{"rendered":"<p>La marque de pr\u00e9servatifs TOP est synonyme de pr\u00e9servatifs de qualit\u00e9 sup\u00e9rieure \u00e0 un prix raisonnable. Les pr\u00e9servatifs TOP RED 100 pi\u00e8ces sont aromatis\u00e9s \u00e0 la fraise, de couleur naturelle, transparents, lisses, de forme cylindrique et munis d&rsquo;un r\u00e9servoir avec lubrifiant.<\/p>\n<ul>\n<li>1 sachet de 100 pr\u00e9servatifs<\/li>\n<li>Largeur nominale 54mm<\/li>\n<\/ul>\n","protected":false},"featured_media":75934,"comment_status":"closed","ping_status":"closed","template":"","meta":{"_acf_changed":false,"_glsr_average":0,"_glsr_ranking":0,"_glsr_reviews":0},"product_brand":[],"product_cat":[2073,166],"product_tag":[1502],"class_list":{"0":"post-75941","1":"product","2":"type-product","3":"status-publish","4":"has-post-thumbnail","6":"product_cat-preservatif","7":"product_cat-droguerie","8":"product_tag-top-preservatifs-red-a-larome-de-fraise-100-pieces","10":"first","11":"instock","12":"sale","13":"taxable","14":"shipping-taxable","15":"purchasable","16":"product-type-simple"},"acf":[],"_links":{"self":[{"href":"https:\/\/dev.poppers-online.ch\/fr\/wp-json\/wp\/v2\/product\/75941","targetHints":{"allow":["GET"]}}],"collection":[{"href":"https:\/\/dev.poppers-online.ch\/fr\/wp-json\/wp\/v2\/product"}],"about":[{"href":"https:\/\/dev.poppers-online.ch\/fr\/wp-json\/wp\/v2\/types\/product"}],"replies":[{"embeddable":true,"href":"https:\/\/dev.poppers-online.ch\/fr\/wp-json\/wp\/v2\/comments?post=75941"}],"wp:featuredmedia":[{"embeddable":true,"href":"https:\/\/dev.poppers-online.ch\/fr\/wp-json\/wp\/v2\/media\/75934"}],"wp:attachment":[{"href":"https:\/\/dev.poppers-online.ch\/fr\/wp-json\/wp\/v2\/media?parent=75941"}],"wp:term":[{"taxonomy":"product_brand","embeddable":true,"href":"https:\/\/dev.poppers-online.ch\/fr\/wp-json\/wp\/v2\/product_brand?post=75941"},{"taxonomy":"product_cat","embeddable":true,"href":"https:\/\/dev.poppers-online.ch\/fr\/wp-json\/wp\/v2\/product_cat?post=75941"},{"taxonomy":"product_tag","embeddable":true,"href":"https:\/\/dev.poppers-online.ch\/fr\/wp-json\/wp\/v2\/product_tag?post=75941"}],"curies":[{"name":"wp","href":"https:\/\/api.w.org\/{rel}","templated":true}]}}