{"id":76475,"date":"2023-11-16T12:42:37","date_gmt":"2023-11-16T11:43:21","guid":{"rendered":"https:\/\/poppers-online.ch\/produkt\/lubrifiant-anal-pour-hommes-250ml\/"},"modified":"2023-11-16T12:44:11","modified_gmt":"2023-11-16T11:44:11","slug":"male-anal-lubricant-250ml","status":"publish","type":"product","link":"https:\/\/dev.poppers-online.ch\/fr\/produit\/male-anal-lubricant-250ml\/","title":{"rendered":"Lubrifiant anal pour hommes 250ml"},"content":{"rendered":"","protected":false},"excerpt":{"rendered":"<p>Male Anal Lubricant 250ml est un gel lubrifiant de qualit\u00e9 absolue, con\u00e7u pour r\u00e9pondre aux exigences tr\u00e8s sp\u00e9cifiques de la p\u00e9n\u00e9tration anale. Si tu aimes le sexe anal intense et prolong\u00e9, ce produit de MALE est le bon choix. Il a sa place dans chaque chambre \u00e0 coucher ! En flacon doseur pratique. Tr\u00e8s \u00e9conomique \u00e0 l&rsquo;usage.<\/p>\n","protected":false},"featured_media":76472,"comment_status":"closed","ping_status":"closed","template":"","meta":{"_acf_changed":false,"_glsr_average":0,"_glsr_ranking":0,"_glsr_reviews":0},"product_brand":[],"product_cat":[2067,166],"product_tag":[1525],"class_list":{"0":"post-76475","1":"product","2":"type-product","3":"status-publish","4":"has-post-thumbnail","6":"product_cat-lubrifiant","7":"product_cat-droguerie","8":"product_tag-lubrifiant-anal-pour-hommes-250ml","10":"first","11":"instock","12":"taxable","13":"shipping-taxable","14":"purchasable","15":"product-type-simple"},"acf":[],"_links":{"self":[{"href":"https:\/\/dev.poppers-online.ch\/fr\/wp-json\/wp\/v2\/product\/76475","targetHints":{"allow":["GET"]}}],"collection":[{"href":"https:\/\/dev.poppers-online.ch\/fr\/wp-json\/wp\/v2\/product"}],"about":[{"href":"https:\/\/dev.poppers-online.ch\/fr\/wp-json\/wp\/v2\/types\/product"}],"replies":[{"embeddable":true,"href":"https:\/\/dev.poppers-online.ch\/fr\/wp-json\/wp\/v2\/comments?post=76475"}],"wp:featuredmedia":[{"embeddable":true,"href":"https:\/\/dev.poppers-online.ch\/fr\/wp-json\/wp\/v2\/media\/76472"}],"wp:attachment":[{"href":"https:\/\/dev.poppers-online.ch\/fr\/wp-json\/wp\/v2\/media?parent=76475"}],"wp:term":[{"taxonomy":"product_brand","embeddable":true,"href":"https:\/\/dev.poppers-online.ch\/fr\/wp-json\/wp\/v2\/product_brand?post=76475"},{"taxonomy":"product_cat","embeddable":true,"href":"https:\/\/dev.poppers-online.ch\/fr\/wp-json\/wp\/v2\/product_cat?post=76475"},{"taxonomy":"product_tag","embeddable":true,"href":"https:\/\/dev.poppers-online.ch\/fr\/wp-json\/wp\/v2\/product_tag?post=76475"}],"curies":[{"name":"wp","href":"https:\/\/api.w.org\/{rel}","templated":true}]}}