{"id":76494,"date":"2023-11-16T13:16:24","date_gmt":"2023-11-16T12:17:29","guid":{"rendered":"https:\/\/poppers-online.ch\/produkt\/gel-lubrifiant-male-white-250ml\/"},"modified":"2023-11-16T13:17:29","modified_gmt":"2023-11-16T12:17:29","slug":"gel-lubrifiant-male-white-250ml","status":"publish","type":"product","link":"https:\/\/dev.poppers-online.ch\/fr\/produit\/gel-lubrifiant-male-white-250ml\/","title":{"rendered":"Gel lubrifiant MALE White 250ml"},"content":{"rendered":"","protected":false},"excerpt":{"rendered":"<p>Le gel lubrifiant MALE White 250ml est un lubrifiant \u00e0 base d&rsquo;eau sp\u00e9cialement con\u00e7u pour le plaisir anal. La couleur blanche du lubrifiant est un atout visuel suppl\u00e9mentaire. Utilisable avec un pr\u00e9servatif. Il a \u00e9t\u00e9 sp\u00e9cialement con\u00e7u pour la p\u00e9n\u00e9tration anale.<\/p>\n","protected":false},"featured_media":76490,"comment_status":"closed","ping_status":"closed","template":"","meta":{"_acf_changed":false,"_glsr_average":0,"_glsr_ranking":0,"_glsr_reviews":0},"product_brand":[],"product_cat":[2067,166],"product_tag":[1533],"class_list":{"0":"post-76494","1":"product","2":"type-product","3":"status-publish","4":"has-post-thumbnail","6":"product_cat-lubrifiant","7":"product_cat-droguerie","8":"product_tag-gel-lubrifiant-male-white-250ml","10":"first","11":"instock","12":"taxable","13":"shipping-taxable","14":"purchasable","15":"product-type-simple"},"acf":[],"_links":{"self":[{"href":"https:\/\/dev.poppers-online.ch\/fr\/wp-json\/wp\/v2\/product\/76494","targetHints":{"allow":["GET"]}}],"collection":[{"href":"https:\/\/dev.poppers-online.ch\/fr\/wp-json\/wp\/v2\/product"}],"about":[{"href":"https:\/\/dev.poppers-online.ch\/fr\/wp-json\/wp\/v2\/types\/product"}],"replies":[{"embeddable":true,"href":"https:\/\/dev.poppers-online.ch\/fr\/wp-json\/wp\/v2\/comments?post=76494"}],"wp:featuredmedia":[{"embeddable":true,"href":"https:\/\/dev.poppers-online.ch\/fr\/wp-json\/wp\/v2\/media\/76490"}],"wp:attachment":[{"href":"https:\/\/dev.poppers-online.ch\/fr\/wp-json\/wp\/v2\/media?parent=76494"}],"wp:term":[{"taxonomy":"product_brand","embeddable":true,"href":"https:\/\/dev.poppers-online.ch\/fr\/wp-json\/wp\/v2\/product_brand?post=76494"},{"taxonomy":"product_cat","embeddable":true,"href":"https:\/\/dev.poppers-online.ch\/fr\/wp-json\/wp\/v2\/product_cat?post=76494"},{"taxonomy":"product_tag","embeddable":true,"href":"https:\/\/dev.poppers-online.ch\/fr\/wp-json\/wp\/v2\/product_tag?post=76494"}],"curies":[{"name":"wp","href":"https:\/\/api.w.org\/{rel}","templated":true}]}}