{"id":76502,"date":"2023-11-16T13:24:29","date_gmt":"2023-11-16T12:26:08","guid":{"rendered":"https:\/\/poppers-online.ch\/produkt\/gel-lubrifiant-male-warm-250ml\/"},"modified":"2023-11-16T13:26:08","modified_gmt":"2023-11-16T12:26:08","slug":"male-warm-glissant-250ml","status":"publish","type":"product","link":"https:\/\/dev.poppers-online.ch\/fr\/produit\/male-warm-glissant-250ml\/","title":{"rendered":"Gel lubrifiant MALE WARM 250ml"},"content":{"rendered":"","protected":false},"excerpt":{"rendered":"<p>Le gel lubrifiant MALE WARM 250ml avec effet chauffant renforce encore la chaleur naturelle qui se produit pendant les rapports sexuels. Chaque partie du corps o\u00f9 l&rsquo;on applique MALE semble litt\u00e9ralement br\u00fbler de passion. Il peut bien s\u00fbr aussi \u00eatre utilis\u00e9 pour des massages conventionnels de tout le corps &#8211; la chaleur produit un plaisir intense !<\/p>\n","protected":false},"featured_media":76499,"comment_status":"closed","ping_status":"closed","template":"","meta":{"_acf_changed":false,"_glsr_average":0,"_glsr_ranking":0,"_glsr_reviews":0},"product_brand":[],"product_cat":[2067,166],"product_tag":[1537],"class_list":{"0":"post-76502","1":"product","2":"type-product","3":"status-publish","4":"has-post-thumbnail","6":"product_cat-lubrifiant","7":"product_cat-droguerie","8":"product_tag-gel-lubrifiant-male-warm-250ml","10":"first","11":"outofstock","12":"taxable","13":"shipping-taxable","14":"purchasable","15":"product-type-simple"},"acf":[],"_links":{"self":[{"href":"https:\/\/dev.poppers-online.ch\/fr\/wp-json\/wp\/v2\/product\/76502","targetHints":{"allow":["GET"]}}],"collection":[{"href":"https:\/\/dev.poppers-online.ch\/fr\/wp-json\/wp\/v2\/product"}],"about":[{"href":"https:\/\/dev.poppers-online.ch\/fr\/wp-json\/wp\/v2\/types\/product"}],"replies":[{"embeddable":true,"href":"https:\/\/dev.poppers-online.ch\/fr\/wp-json\/wp\/v2\/comments?post=76502"}],"wp:featuredmedia":[{"embeddable":true,"href":"https:\/\/dev.poppers-online.ch\/fr\/wp-json\/wp\/v2\/media\/76499"}],"wp:attachment":[{"href":"https:\/\/dev.poppers-online.ch\/fr\/wp-json\/wp\/v2\/media?parent=76502"}],"wp:term":[{"taxonomy":"product_brand","embeddable":true,"href":"https:\/\/dev.poppers-online.ch\/fr\/wp-json\/wp\/v2\/product_brand?post=76502"},{"taxonomy":"product_cat","embeddable":true,"href":"https:\/\/dev.poppers-online.ch\/fr\/wp-json\/wp\/v2\/product_cat?post=76502"},{"taxonomy":"product_tag","embeddable":true,"href":"https:\/\/dev.poppers-online.ch\/fr\/wp-json\/wp\/v2\/product_tag?post=76502"}],"curies":[{"name":"wp","href":"https:\/\/api.w.org\/{rel}","templated":true}]}}