{"id":76821,"date":"2023-11-19T19:44:25","date_gmt":"2023-11-19T18:45:12","guid":{"rendered":"https:\/\/poppers-online.ch\/produkt\/swiss-navy-naked-all-natural-4-fl-oz-118-ml\/"},"modified":"2024-10-15T23:35:47","modified_gmt":"2024-10-15T21:35:47","slug":"swiss-navy-naked-all-natural-4-fl-oz-118-ml","status":"publish","type":"product","link":"https:\/\/dev.poppers-online.ch\/fr\/produit\/swiss-navy-naked-all-natural-4-fl-oz-118-ml\/","title":{"rendered":"Swiss Navy Naked All Natural &#8211; 4 fl oz \/ 118 ml"},"content":{"rendered":"","protected":false},"excerpt":{"rendered":"<p>Notre Swiss Navy Naked All Natural &#8211; 4 fl oz \/ 118 ml 100% Natural Personal Lubricant a \u00e9t\u00e9 con\u00e7u pour tous les types de peau, afin que chacun puisse profiter d&rsquo;un plaisir sans faille lors de chaque activit\u00e9 sexuelle. NAKED est fabriqu\u00e9 \u00e0 partir des meilleurs ingr\u00e9dients, est \u00e0 base d&rsquo;eau et ne contient pas de parab\u00e8nes ni de glyc\u00e9rine. Il s&rsquo;agit d&rsquo;une formule avanc\u00e9e, hypoallerg\u00e9nique, test\u00e9e dermatologiquement et recommand\u00e9e par les m\u00e9decins pour une utilisation en tant que lubrifiant. Enrichi d&rsquo;un parfum rafra\u00eechissant \u00e0 l&rsquo;alo\u00e8s, NAKED a \u00e9t\u00e9 con\u00e7u pour les types de peau les plus sensibles, afin de leur permettre de vivre \u00e0 chaque fois une exp\u00e9rience intime inoubliable.<\/p>\n<ul>\n<li><strong>Contenu:<\/strong> 118ml<\/li>\n<\/ul>\n","protected":false},"featured_media":76818,"comment_status":"closed","ping_status":"closed","template":"","meta":{"_acf_changed":false,"_glsr_average":0,"_glsr_ranking":0,"_glsr_reviews":0},"product_brand":[],"product_cat":[2067,166],"product_tag":[1568],"class_list":{"0":"post-76821","1":"product","2":"type-product","3":"status-publish","4":"has-post-thumbnail","6":"product_cat-lubrifiant","7":"product_cat-droguerie","8":"product_tag-swiss-navy-naked-all-natural-4-fl-oz-118-ml-fr","10":"first","11":"instock","12":"taxable","13":"shipping-taxable","14":"purchasable","15":"product-type-simple"},"acf":[],"_links":{"self":[{"href":"https:\/\/dev.poppers-online.ch\/fr\/wp-json\/wp\/v2\/product\/76821","targetHints":{"allow":["GET"]}}],"collection":[{"href":"https:\/\/dev.poppers-online.ch\/fr\/wp-json\/wp\/v2\/product"}],"about":[{"href":"https:\/\/dev.poppers-online.ch\/fr\/wp-json\/wp\/v2\/types\/product"}],"replies":[{"embeddable":true,"href":"https:\/\/dev.poppers-online.ch\/fr\/wp-json\/wp\/v2\/comments?post=76821"}],"wp:featuredmedia":[{"embeddable":true,"href":"https:\/\/dev.poppers-online.ch\/fr\/wp-json\/wp\/v2\/media\/76818"}],"wp:attachment":[{"href":"https:\/\/dev.poppers-online.ch\/fr\/wp-json\/wp\/v2\/media?parent=76821"}],"wp:term":[{"taxonomy":"product_brand","embeddable":true,"href":"https:\/\/dev.poppers-online.ch\/fr\/wp-json\/wp\/v2\/product_brand?post=76821"},{"taxonomy":"product_cat","embeddable":true,"href":"https:\/\/dev.poppers-online.ch\/fr\/wp-json\/wp\/v2\/product_cat?post=76821"},{"taxonomy":"product_tag","embeddable":true,"href":"https:\/\/dev.poppers-online.ch\/fr\/wp-json\/wp\/v2\/product_tag?post=76821"}],"curies":[{"name":"wp","href":"https:\/\/api.w.org\/{rel}","templated":true}]}}