{"id":76911,"date":"2023-11-20T12:40:02","date_gmt":"2023-11-20T11:41:44","guid":{"rendered":"https:\/\/poppers-online.ch\/produkt\/eros-action-lubrifiant-a-base-de-silicone-200-ml\/"},"modified":"2024-10-15T23:35:47","modified_gmt":"2024-10-15T21:35:47","slug":"eros-action-silicone-based-lubricant-200-ml","status":"publish","type":"product","link":"https:\/\/dev.poppers-online.ch\/fr\/produit\/eros-action-silicone-based-lubricant-200-ml\/","title":{"rendered":"Eros Action &#8211; Lubrifiant \u00e0 base de silicone 200 ml"},"content":{"rendered":"","protected":false},"excerpt":{"rendered":"<p>Procure-toi le nouveau flacon en forme de godemich\u00e9 Eros Action avec 200 ml de lubrifiant \u00e0 base de silicone, et prends plus de plaisir dans ton action !<\/p>\n<p>Le <strong>lubrifiant \u00e0 base de silicone<\/strong> d&rsquo;Eros Action est contenu dans un <strong>flacon godemich\u00e9 de 200 ml<\/strong> contenant un lubrifiant \u00e0 base de silicone de premi\u00e8re qualit\u00e9 et peut \u00e9galement \u00eatre ins\u00e9r\u00e9 pour une action imm\u00e9diate.<\/p>\n<p>La formule promet des propri\u00e9t\u00e9s de glisse incroyablement longues sans se dess\u00e9cher. La texture douce et soyeuse du gel est incolore, sans go\u00fbt et peut \u00eatre utilis\u00e9e de mani\u00e8re tr\u00e8s \u00e9conomique pour plus de plaisir pendant les rapports sexuels. Eros Action ajoute de l&rsquo;humidit\u00e9 suppl\u00e9mentaire et fait du jeu un plaisir glissant et durable.<\/p>\n<p>Le flacon en forme de p\u00e9nis peut \u00eatre ins\u00e9r\u00e9 et est compatible avec tous les pr\u00e9servatifs en latex.<\/p>\n<p><strong>D\u00e9tails du produit:<\/strong><\/p>\n<ul>\n<li>Qualit\u00e9 sup\u00e9rieure made in Germany<\/li>\n<li>A base de silicone de premi\u00e8re qualit\u00e9<\/li>\n<li>Rend le sexe plus agr\u00e9able<\/li>\n<li>Flacon utilisable comme godemich\u00e9<\/li>\n<li>Glisse incroyable<\/li>\n<li>Incolore et neutre au go\u00fbt<\/li>\n<\/ul>\n<ul>\n<li><strong>longueur totale:<\/strong> environ 21,5 cm<\/li>\n<li><strong>Longueur d&rsquo;insertion:<\/strong> environ 19 cm<\/li>\n<li><strong>Diam\u00e8tre d&rsquo;insertion:<\/strong> environ 4,4 cm<\/li>\n<li><strong>Mat\u00e9riau:<\/strong> PVC<\/li>\n<li><strong>Couleur:<\/strong> Noir<\/li>\n<\/ul>\n","protected":false},"featured_media":76908,"comment_status":"closed","ping_status":"closed","template":"","meta":{"_acf_changed":false,"_glsr_average":0,"_glsr_ranking":0,"_glsr_reviews":0},"product_brand":[],"product_cat":[2067,166],"product_tag":[],"class_list":{"0":"post-76911","1":"product","2":"type-product","3":"status-publish","4":"has-post-thumbnail","6":"product_cat-lubrifiant","7":"product_cat-droguerie","9":"first","10":"outofstock","11":"taxable","12":"shipping-taxable","13":"purchasable","14":"product-type-simple"},"acf":[],"_links":{"self":[{"href":"https:\/\/dev.poppers-online.ch\/fr\/wp-json\/wp\/v2\/product\/76911","targetHints":{"allow":["GET"]}}],"collection":[{"href":"https:\/\/dev.poppers-online.ch\/fr\/wp-json\/wp\/v2\/product"}],"about":[{"href":"https:\/\/dev.poppers-online.ch\/fr\/wp-json\/wp\/v2\/types\/product"}],"replies":[{"embeddable":true,"href":"https:\/\/dev.poppers-online.ch\/fr\/wp-json\/wp\/v2\/comments?post=76911"}],"wp:featuredmedia":[{"embeddable":true,"href":"https:\/\/dev.poppers-online.ch\/fr\/wp-json\/wp\/v2\/media\/76908"}],"wp:attachment":[{"href":"https:\/\/dev.poppers-online.ch\/fr\/wp-json\/wp\/v2\/media?parent=76911"}],"wp:term":[{"taxonomy":"product_brand","embeddable":true,"href":"https:\/\/dev.poppers-online.ch\/fr\/wp-json\/wp\/v2\/product_brand?post=76911"},{"taxonomy":"product_cat","embeddable":true,"href":"https:\/\/dev.poppers-online.ch\/fr\/wp-json\/wp\/v2\/product_cat?post=76911"},{"taxonomy":"product_tag","embeddable":true,"href":"https:\/\/dev.poppers-online.ch\/fr\/wp-json\/wp\/v2\/product_tag?post=76911"}],"curies":[{"name":"wp","href":"https:\/\/api.w.org\/{rel}","templated":true}]}}