{"id":76922,"date":"2023-11-20T12:45:26","date_gmt":"2023-11-20T11:47:45","guid":{"rendered":"https:\/\/poppers-online.ch\/produkt\/spray-retardateur-male-15ml\/"},"modified":"2024-11-10T20:29:00","modified_gmt":"2024-11-10T19:29:00","slug":"spray-anti-malediction-15ml","status":"publish","type":"product","link":"https:\/\/dev.poppers-online.ch\/fr\/produit\/spray-anti-malediction-15ml\/","title":{"rendered":"MALE Delay Spray retardateur 15ml"},"content":{"rendered":"","protected":false},"excerpt":{"rendered":"<p>Spray retardateur sp\u00e9cial MALE 15ml qui inhibe l&rsquo;\u00e9jaculation pr\u00e9coce. R\u00e9duit la sensibilit\u00e9 de votre p\u00e9nis. L\u00e9g\u00e8re sensation d&rsquo;anesth\u00e9sie. Pour des jeux sexuels plus longs et plus de plaisir sexuel.<\/p>\n<h2>Comment utiliser le spray retardateur MALE ?<\/h2>\n<p>Testez d&rsquo;abord le spray en le vaporisant sur une zone non probl\u00e9matique pour v\u00e9rifier qu&rsquo;il n&rsquo;y a pas d&rsquo;hypersensibilit\u00e9 ou de r\u00e9action allergique. Si aucun probl\u00e8me n&rsquo;appara\u00eet, l&rsquo;utilisation est tr\u00e8s simple. Vaporisez le Delay Spray sur votre p\u00e9nis avant le rapport sexuel. Deux \u00e0 cinq vaporisations sur le gland et la tige suffisent.   <\/p>\n<h2>Quels sont les avantages du spray retardateur ?<\/h2>\n<p>Le spray aide les hommes qui souffrent d&rsquo;\u00e9jaculation pr\u00e9coce. Le spray retardateur r\u00e9duit la sensibilit\u00e9 de la tige de votre p\u00e9nis et du gland. Vous sentirez moins les frottements lors de la p\u00e9n\u00e9tration. Le produit prolonge et rend le jeu amoureux plus intense. Votre orgasme est retard\u00e9. Le spray peut \u00eatre utilis\u00e9 sans probl\u00e8me avec un pr\u00e9servatif. Notre conseil : le spray retardateur fonctionne tr\u00e8s bien en combinaison avec un anneau p\u00e9nien. Celui-ci renforce encore l&rsquo;effet et intensifie l&rsquo;orgasme. Faites-nous part de votre exp\u00e9rience et \u00e9crivez un commentaire. Contenu : 15 ml<br \/>\nIngr\u00e9dients : aqua, glycerin, laureth-9, avena sativa extract, hypericum perforatum extract, methyl lactate, caprylyl glycol, polysorbate 20, alcohol denat.    <\/p>\n<p>&nbsp;<\/p>\n","protected":false},"featured_media":76916,"comment_status":"closed","ping_status":"closed","template":"","meta":{"_acf_changed":false,"_glsr_average":0,"_glsr_ranking":0,"_glsr_reviews":0},"product_brand":[],"product_cat":[2079,166],"product_tag":[1595],"class_list":{"0":"post-76922","1":"product","2":"type-product","3":"status-publish","4":"has-post-thumbnail","6":"product_cat-retardant-ejaculation","7":"product_cat-droguerie","8":"product_tag-spray-retardateur-male-15ml","10":"first","11":"instock","12":"taxable","13":"shipping-taxable","14":"purchasable","15":"product-type-simple"},"acf":[],"_links":{"self":[{"href":"https:\/\/dev.poppers-online.ch\/fr\/wp-json\/wp\/v2\/product\/76922","targetHints":{"allow":["GET"]}}],"collection":[{"href":"https:\/\/dev.poppers-online.ch\/fr\/wp-json\/wp\/v2\/product"}],"about":[{"href":"https:\/\/dev.poppers-online.ch\/fr\/wp-json\/wp\/v2\/types\/product"}],"replies":[{"embeddable":true,"href":"https:\/\/dev.poppers-online.ch\/fr\/wp-json\/wp\/v2\/comments?post=76922"}],"wp:featuredmedia":[{"embeddable":true,"href":"https:\/\/dev.poppers-online.ch\/fr\/wp-json\/wp\/v2\/media\/76916"}],"wp:attachment":[{"href":"https:\/\/dev.poppers-online.ch\/fr\/wp-json\/wp\/v2\/media?parent=76922"}],"wp:term":[{"taxonomy":"product_brand","embeddable":true,"href":"https:\/\/dev.poppers-online.ch\/fr\/wp-json\/wp\/v2\/product_brand?post=76922"},{"taxonomy":"product_cat","embeddable":true,"href":"https:\/\/dev.poppers-online.ch\/fr\/wp-json\/wp\/v2\/product_cat?post=76922"},{"taxonomy":"product_tag","embeddable":true,"href":"https:\/\/dev.poppers-online.ch\/fr\/wp-json\/wp\/v2\/product_tag?post=76922"}],"curies":[{"name":"wp","href":"https:\/\/api.w.org\/{rel}","templated":true}]}}