{"id":77146,"date":"2023-11-20T15:10:07","date_gmt":"2023-11-20T14:10:07","guid":{"rendered":"https:\/\/poppers-online.ch\/produkt\/masturbateur-colt-double-down\/"},"modified":"2024-10-15T23:30:49","modified_gmt":"2024-10-15T21:30:49","slug":"colt-double-down-masturbateur","status":"publish","type":"product","link":"https:\/\/dev.poppers-online.ch\/fr\/produit\/colt-double-down-masturbateur\/","title":{"rendered":"Masturbateur COLT Double Down"},"content":{"rendered":"","protected":false},"excerpt":{"rendered":"<p><strong>Fabricant:<\/strong> Colt<br \/>\nBouche avide ou rosette r\u00e9ceptive ? Avec ce masturbateur au design astucieux en TPR, tu peux passer d&rsquo;un trou \u00e0 l&rsquo;autre quasiment en un clin d&rsquo;\u0153il ! Son int\u00e9rieur fortement nervur\u00e9 garantit dans les deux cas des moments forts sensationnels. Avec sa longueur mod\u00e9r\u00e9e de 14 cm, il se glisse dans n&rsquo;importe quelle trousse de toilette et est ainsi le compagnon de voyage id\u00e9al &#8211; toujours pr\u00eat \u00e0 recevoir sans rechigner !<\/p>\n","protected":false},"featured_media":77129,"comment_status":"closed","ping_status":"closed","template":"","meta":{"_acf_changed":false,"_glsr_average":0,"_glsr_ranking":0,"_glsr_reviews":0},"product_brand":[],"product_cat":[2094,171],"product_tag":[1669],"class_list":{"0":"post-77146","1":"product","2":"type-product","3":"status-publish","4":"has-post-thumbnail","6":"product_cat-masturbateur","7":"product_cat-sex-toys","8":"product_tag-masturbateur-colt-double-down","10":"first","11":"outofstock","12":"taxable","13":"shipping-taxable","14":"purchasable","15":"product-type-simple"},"acf":[],"_links":{"self":[{"href":"https:\/\/dev.poppers-online.ch\/fr\/wp-json\/wp\/v2\/product\/77146","targetHints":{"allow":["GET"]}}],"collection":[{"href":"https:\/\/dev.poppers-online.ch\/fr\/wp-json\/wp\/v2\/product"}],"about":[{"href":"https:\/\/dev.poppers-online.ch\/fr\/wp-json\/wp\/v2\/types\/product"}],"replies":[{"embeddable":true,"href":"https:\/\/dev.poppers-online.ch\/fr\/wp-json\/wp\/v2\/comments?post=77146"}],"wp:featuredmedia":[{"embeddable":true,"href":"https:\/\/dev.poppers-online.ch\/fr\/wp-json\/wp\/v2\/media\/77129"}],"wp:attachment":[{"href":"https:\/\/dev.poppers-online.ch\/fr\/wp-json\/wp\/v2\/media?parent=77146"}],"wp:term":[{"taxonomy":"product_brand","embeddable":true,"href":"https:\/\/dev.poppers-online.ch\/fr\/wp-json\/wp\/v2\/product_brand?post=77146"},{"taxonomy":"product_cat","embeddable":true,"href":"https:\/\/dev.poppers-online.ch\/fr\/wp-json\/wp\/v2\/product_cat?post=77146"},{"taxonomy":"product_tag","embeddable":true,"href":"https:\/\/dev.poppers-online.ch\/fr\/wp-json\/wp\/v2\/product_tag?post=77146"}],"curies":[{"name":"wp","href":"https:\/\/api.w.org\/{rel}","templated":true}]}}