{"id":77294,"date":"2023-11-20T18:55:13","date_gmt":"2023-11-20T18:01:54","guid":{"rendered":"https:\/\/poppers-online.ch\/?post_type=product&#038;p=77294"},"modified":"2024-10-15T23:30:46","modified_gmt":"2024-10-15T21:30:46","slug":"colt-big-man-cleanser-douche-anale","status":"publish","type":"product","link":"https:\/\/dev.poppers-online.ch\/fr\/produit\/colt-big-man-cleanser-douche-anale\/","title":{"rendered":"COLT Big Man Cleanser Douche anale"},"content":{"rendered":"","protected":false},"excerpt":{"rendered":"<p>Le Big Man Cleanser de Colt\u00ae est plaisant, maniable et efficace. L&#8217;embout \u00e0 spires arrondies s&rsquo;ins\u00e8re facilement tout en stimulant l&rsquo;anus ; la pompe de nettoyage g\u00e9n\u00e9reuse contient suffisamment d&rsquo;eau pour un nettoyage en profondeur. Le Cleanser est tr\u00e8s facile \u00e0 utiliser et ne contient pas de plastifiants.<\/p>\n<ul>\n<li>Embout de nettoyage fixe mais flexible<\/li>\n<li>Pompe \u00e0 pression de grande taille<\/li>\n<li>Facile \u00e0 assembler, \u00e0 nettoyer et \u00e0 utiliser<\/li>\n<li>Sans plastifiants ni PVC &#8211; 15 cm x 4 cm (embout en forme de spirale)<\/li>\n<li>9 cm x 15 cm (pompe)<\/li>\n<\/ul>\n<ul>\n<li><strong>Mat\u00e9riau:<\/strong> caoutchouc<\/li>\n<li><strong>Couleur:<\/strong> noir<\/li>\n<\/ul>\n","protected":false},"featured_media":77266,"comment_status":"closed","ping_status":"closed","template":"","meta":{"_acf_changed":false,"_glsr_average":0,"_glsr_ranking":0,"_glsr_reviews":0},"product_brand":[],"product_cat":[2064,166],"product_tag":[1692],"class_list":{"0":"post-77294","1":"product","2":"type-product","3":"status-publish","4":"has-post-thumbnail","6":"product_cat-douche-anale","7":"product_cat-droguerie","8":"product_tag-colt-big-man-cleanser-douche-anale","10":"first","11":"instock","12":"taxable","13":"shipping-taxable","14":"purchasable","15":"product-type-simple"},"acf":[],"_links":{"self":[{"href":"https:\/\/dev.poppers-online.ch\/fr\/wp-json\/wp\/v2\/product\/77294","targetHints":{"allow":["GET"]}}],"collection":[{"href":"https:\/\/dev.poppers-online.ch\/fr\/wp-json\/wp\/v2\/product"}],"about":[{"href":"https:\/\/dev.poppers-online.ch\/fr\/wp-json\/wp\/v2\/types\/product"}],"replies":[{"embeddable":true,"href":"https:\/\/dev.poppers-online.ch\/fr\/wp-json\/wp\/v2\/comments?post=77294"}],"wp:featuredmedia":[{"embeddable":true,"href":"https:\/\/dev.poppers-online.ch\/fr\/wp-json\/wp\/v2\/media\/77266"}],"wp:attachment":[{"href":"https:\/\/dev.poppers-online.ch\/fr\/wp-json\/wp\/v2\/media?parent=77294"}],"wp:term":[{"taxonomy":"product_brand","embeddable":true,"href":"https:\/\/dev.poppers-online.ch\/fr\/wp-json\/wp\/v2\/product_brand?post=77294"},{"taxonomy":"product_cat","embeddable":true,"href":"https:\/\/dev.poppers-online.ch\/fr\/wp-json\/wp\/v2\/product_cat?post=77294"},{"taxonomy":"product_tag","embeddable":true,"href":"https:\/\/dev.poppers-online.ch\/fr\/wp-json\/wp\/v2\/product_tag?post=77294"}],"curies":[{"name":"wp","href":"https:\/\/api.w.org\/{rel}","templated":true}]}}