{"id":77593,"date":"2023-11-21T15:08:12","date_gmt":"2023-11-21T14:10:19","guid":{"rendered":"https:\/\/poppers-online.ch\/produkt\/king-cock-with-balls-gode-23cm\/"},"modified":"2024-10-15T23:30:43","modified_gmt":"2024-10-15T21:30:43","slug":"king-cock-with-balls-dildo-23cm","status":"publish","type":"product","link":"https:\/\/dev.poppers-online.ch\/fr\/produit\/king-cock-with-balls-dildo-23cm\/","title":{"rendered":"King Cock with Balls Gode 23cm"},"content":{"rendered":"","protected":false},"excerpt":{"rendered":"<p>Gode r\u00e9aliste King Cock with Balls 23cm avec des testicules bien form\u00e9s et une ventouse. D\u00e8s la vue, on reconna\u00eet l&rsquo;artisanat affectueux et d\u00e9taill\u00e9 qui fait que ce godemich\u00e9 se distingue \u00e0 peine d&rsquo;un vrai p\u00e9nis. \u00c0 utiliser avec un gel lubrifiant \u00e0 base d&rsquo;eau.<\/p>\n<ul>\n<li><strong>Longueur d&rsquo;insertion:<\/strong> environ 18,5 cm<\/li>\n<li><strong>longueur:<\/strong> environ 22.8 cm<\/li>\n<li><strong>diam\u00e8tre:<\/strong> environ 6,4 cm<\/li>\n<li><strong>Mat\u00e9riau:<\/strong> PVC<\/li>\n<\/ul>\n","protected":false},"featured_media":77574,"comment_status":"closed","ping_status":"closed","template":"","meta":{"_acf_changed":false,"_glsr_average":0,"_glsr_ranking":0,"_glsr_reviews":0},"product_brand":[],"product_cat":[2085,171],"product_tag":[1720],"class_list":{"0":"post-77593","1":"product","2":"type-product","3":"status-publish","4":"has-post-thumbnail","6":"product_cat-anal-play","7":"product_cat-sex-toys","8":"product_tag-king-cock-with-balls-gode-23cm","10":"first","11":"instock","12":"taxable","13":"shipping-taxable","14":"purchasable","15":"product-type-simple"},"acf":[],"_links":{"self":[{"href":"https:\/\/dev.poppers-online.ch\/fr\/wp-json\/wp\/v2\/product\/77593","targetHints":{"allow":["GET"]}}],"collection":[{"href":"https:\/\/dev.poppers-online.ch\/fr\/wp-json\/wp\/v2\/product"}],"about":[{"href":"https:\/\/dev.poppers-online.ch\/fr\/wp-json\/wp\/v2\/types\/product"}],"replies":[{"embeddable":true,"href":"https:\/\/dev.poppers-online.ch\/fr\/wp-json\/wp\/v2\/comments?post=77593"}],"wp:featuredmedia":[{"embeddable":true,"href":"https:\/\/dev.poppers-online.ch\/fr\/wp-json\/wp\/v2\/media\/77574"}],"wp:attachment":[{"href":"https:\/\/dev.poppers-online.ch\/fr\/wp-json\/wp\/v2\/media?parent=77593"}],"wp:term":[{"taxonomy":"product_brand","embeddable":true,"href":"https:\/\/dev.poppers-online.ch\/fr\/wp-json\/wp\/v2\/product_brand?post=77593"},{"taxonomy":"product_cat","embeddable":true,"href":"https:\/\/dev.poppers-online.ch\/fr\/wp-json\/wp\/v2\/product_cat?post=77593"},{"taxonomy":"product_tag","embeddable":true,"href":"https:\/\/dev.poppers-online.ch\/fr\/wp-json\/wp\/v2\/product_tag?post=77593"}],"curies":[{"name":"wp","href":"https:\/\/api.w.org\/{rel}","templated":true}]}}