{"id":77817,"date":"2023-11-21T19:32:50","date_gmt":"2023-11-21T18:32:50","guid":{"rendered":"https:\/\/poppers-online.ch\/produkt\/king-cock-uncut-cock-18cm-godemiche-naturel\/"},"modified":"2024-10-15T23:30:39","modified_gmt":"2024-10-15T21:30:39","slug":"king-cock-uncut-cock-18cm-dildo-naturel","status":"publish","type":"product","link":"https:\/\/dev.poppers-online.ch\/fr\/produit\/king-cock-uncut-cock-18cm-dildo-naturel\/","title":{"rendered":"King Cock Uncut Cock 18cm godemich\u00e9 naturel"},"content":{"rendered":"","protected":false},"excerpt":{"rendered":"<div>Ce godemich\u00e9 King Cock Uncut Cock 18cm naturel r\u00e9alise tes fantasmes avec un <strong>pr\u00e9puce r\u00e9aliste &amp; mobile.<\/strong><\/div>\n<div>La s\u00e9rie King Cock \u00ab\u00a0Uncut\u00a0\u00bb avec Dual-Density-Slide-Skin\u2122 est sans latex et le premier godemich\u00e9 avec pr\u00e9puce mobile ! Comme tous les godemich\u00e9s King Cock, la nouvelle s\u00e9rie Uncut offre le m\u00eame souci du d\u00e9tail.<\/div>\n<div>Le pied ventouse puissant tient sur presque toutes les surfaces plates et garantit ainsi un grand divertissement.<\/div>\n<div><\/div>\n<div>Toutes les bites non circoncises ne sont pas identiques ! Mais essaie par toi-m\u00eame.<\/div>\n<ul>\n<li><strong>Longueur d&rsquo;insertion:<\/strong> environ 17,8 cm<\/li>\n<li><strong>longueur:<\/strong> environ 19,1 cm<\/li>\n<li><strong>diam\u00e8tre:<\/strong> environ 4,6 cm<\/li>\n<li><strong>Mat\u00e9riel:<\/strong> R\u00e9aliste (Fanta Flesh), Sans Phthalates<\/li>\n<\/ul>\n","protected":false},"featured_media":77793,"comment_status":"closed","ping_status":"closed","template":"","meta":{"_acf_changed":false,"_glsr_average":0,"_glsr_ranking":0,"_glsr_reviews":0},"product_brand":[],"product_cat":[2085,171],"product_tag":[1748],"class_list":{"0":"post-77817","1":"product","2":"type-product","3":"status-publish","4":"has-post-thumbnail","6":"product_cat-anal-play","7":"product_cat-sex-toys","8":"product_tag-king-cock-uncut-cock-18cm-godemiche-naturel","10":"first","11":"instock","12":"taxable","13":"shipping-taxable","14":"purchasable","15":"product-type-simple"},"acf":[],"_links":{"self":[{"href":"https:\/\/dev.poppers-online.ch\/fr\/wp-json\/wp\/v2\/product\/77817","targetHints":{"allow":["GET"]}}],"collection":[{"href":"https:\/\/dev.poppers-online.ch\/fr\/wp-json\/wp\/v2\/product"}],"about":[{"href":"https:\/\/dev.poppers-online.ch\/fr\/wp-json\/wp\/v2\/types\/product"}],"replies":[{"embeddable":true,"href":"https:\/\/dev.poppers-online.ch\/fr\/wp-json\/wp\/v2\/comments?post=77817"}],"wp:featuredmedia":[{"embeddable":true,"href":"https:\/\/dev.poppers-online.ch\/fr\/wp-json\/wp\/v2\/media\/77793"}],"wp:attachment":[{"href":"https:\/\/dev.poppers-online.ch\/fr\/wp-json\/wp\/v2\/media?parent=77817"}],"wp:term":[{"taxonomy":"product_brand","embeddable":true,"href":"https:\/\/dev.poppers-online.ch\/fr\/wp-json\/wp\/v2\/product_brand?post=77817"},{"taxonomy":"product_cat","embeddable":true,"href":"https:\/\/dev.poppers-online.ch\/fr\/wp-json\/wp\/v2\/product_cat?post=77817"},{"taxonomy":"product_tag","embeddable":true,"href":"https:\/\/dev.poppers-online.ch\/fr\/wp-json\/wp\/v2\/product_tag?post=77817"}],"curies":[{"name":"wp","href":"https:\/\/api.w.org\/{rel}","templated":true}]}}