{"id":78003,"date":"2023-11-22T15:33:59","date_gmt":"2023-11-22T14:33:59","guid":{"rendered":"https:\/\/poppers-online.ch\/produkt\/pump-worx-extenseur-de-penis-a-largeur-maximale\/"},"modified":"2024-10-15T23:30:37","modified_gmt":"2024-10-15T21:30:37","slug":"pump-worx-max-width-penis-enlarger","status":"publish","type":"product","link":"https:\/\/dev.poppers-online.ch\/fr\/produit\/pump-worx-max-width-penis-enlarger\/","title":{"rendered":"PUMP WORX Extenseur de p\u00e9nis \u00e0 largeur maximale"},"content":{"rendered":"","protected":false},"excerpt":{"rendered":"<p>Tu veux renforcer ta virilit\u00e9 et ce sans aide m\u00e9dicale, alors ce PUMP WORX Max-Width Penis Enlarger est exactement ce qu&rsquo;il te faut pour atteindre ton objectif. L&rsquo;ouverture en latex souple entoure compl\u00e8tement ton membre et assure le vide n\u00e9cessaire. Le r\u00e9cipient transparent te permet d&rsquo;observer la progression. Pour plus de s\u00e9curit\u00e9, la pompe est \u00e9quip\u00e9e d&rsquo;une soupape d&rsquo;ouverture rapide qui assure une d\u00e9compression rapide. Apr\u00e8s utilisation, le cylindre doit \u00eatre retir\u00e9 et nettoy\u00e9 avec un Toy Cleaner et de l&rsquo;eau chaude. Avec cockring gratuit.<\/p>\n<ul>\n<li><strong>longueur totale:<\/strong> environ 21 cm<\/li>\n<li><strong>Longueur d&rsquo;insertion:<\/strong> environ 20,5 cm<\/li>\n<li><strong>diam\u00e8tre:<\/strong> environ 7 cm<\/li>\n<\/ul>\n","protected":false},"featured_media":77998,"comment_status":"closed","ping_status":"closed","template":"","meta":{"_acf_changed":false,"_glsr_average":0,"_glsr_ranking":0,"_glsr_reviews":0},"product_brand":[],"product_cat":[2097,171],"product_tag":[],"class_list":{"0":"post-78003","1":"product","2":"type-product","3":"status-publish","4":"has-post-thumbnail","6":"product_cat-agrandir-penis","7":"product_cat-sex-toys","9":"first","10":"instock","11":"taxable","12":"shipping-taxable","13":"purchasable","14":"product-type-simple"},"acf":[],"_links":{"self":[{"href":"https:\/\/dev.poppers-online.ch\/fr\/wp-json\/wp\/v2\/product\/78003","targetHints":{"allow":["GET"]}}],"collection":[{"href":"https:\/\/dev.poppers-online.ch\/fr\/wp-json\/wp\/v2\/product"}],"about":[{"href":"https:\/\/dev.poppers-online.ch\/fr\/wp-json\/wp\/v2\/types\/product"}],"replies":[{"embeddable":true,"href":"https:\/\/dev.poppers-online.ch\/fr\/wp-json\/wp\/v2\/comments?post=78003"}],"wp:featuredmedia":[{"embeddable":true,"href":"https:\/\/dev.poppers-online.ch\/fr\/wp-json\/wp\/v2\/media\/77998"}],"wp:attachment":[{"href":"https:\/\/dev.poppers-online.ch\/fr\/wp-json\/wp\/v2\/media?parent=78003"}],"wp:term":[{"taxonomy":"product_brand","embeddable":true,"href":"https:\/\/dev.poppers-online.ch\/fr\/wp-json\/wp\/v2\/product_brand?post=78003"},{"taxonomy":"product_cat","embeddable":true,"href":"https:\/\/dev.poppers-online.ch\/fr\/wp-json\/wp\/v2\/product_cat?post=78003"},{"taxonomy":"product_tag","embeddable":true,"href":"https:\/\/dev.poppers-online.ch\/fr\/wp-json\/wp\/v2\/product_tag?post=78003"}],"curies":[{"name":"wp","href":"https:\/\/api.w.org\/{rel}","templated":true}]}}