{"id":78236,"date":"2023-11-23T15:41:01","date_gmt":"2023-11-23T14:41:01","guid":{"rendered":"https:\/\/poppers-online.ch\/produkt\/gant-de-masturbation-fistit-noir\/"},"modified":"2024-10-15T23:25:42","modified_gmt":"2024-10-15T21:25:42","slug":"fistit-gants-masturbation-noir","status":"publish","type":"product","link":"https:\/\/dev.poppers-online.ch\/fr\/produit\/fistit-gants-masturbation-noir\/","title":{"rendered":"Gant de masturbation FistIt &#8211; noir"},"content":{"rendered":"","protected":false},"excerpt":{"rendered":"<p>Le gant de masturbation FistIt &#8211; noir a 4 doigts fortement picot\u00e9s pour des jeux de doigts excitants, pour pr\u00e9-\u00e9tirer et stimuler. Le pouce et le reste du gant ont une surface nervur\u00e9e pour des jeux et des touchers sensuels ! Un petit plus sp\u00e9cial : une petite bouche entre le pouce et l&rsquo;index qui assure une stimulation suppl\u00e9mentaire g\u00e9niale. Introduis ton gland dans la petite ouverture et profite d&rsquo;une masturbation excitante.<\/p>\n<p>&nbsp;<\/p>\n<p>Taille : env. 17 x 14 x 3 cm (taille universelle)<\/p>\n<p>poids : env. 189 g<\/p>\n<p>Mat\u00e9riau : silicone<\/p>\n<p>Couleur : Noir<\/p>\n<p>Contenu : 1 pi\u00e8ce<\/p>\n","protected":false},"featured_media":78233,"comment_status":"closed","ping_status":"closed","template":"","meta":{"_acf_changed":false,"_glsr_average":0,"_glsr_ranking":0,"_glsr_reviews":0},"product_brand":[],"product_cat":[2070,2094,171],"product_tag":[1824],"class_list":{"0":"post-78236","1":"product","2":"type-product","3":"status-publish","4":"has-post-thumbnail","6":"product_cat-helpers","7":"product_cat-masturbateur","8":"product_cat-sex-toys","9":"product_tag-gant-de-masturbation-fistit-noir","11":"first","12":"instock","13":"taxable","14":"shipping-taxable","15":"purchasable","16":"product-type-simple"},"acf":[],"_links":{"self":[{"href":"https:\/\/dev.poppers-online.ch\/fr\/wp-json\/wp\/v2\/product\/78236","targetHints":{"allow":["GET"]}}],"collection":[{"href":"https:\/\/dev.poppers-online.ch\/fr\/wp-json\/wp\/v2\/product"}],"about":[{"href":"https:\/\/dev.poppers-online.ch\/fr\/wp-json\/wp\/v2\/types\/product"}],"replies":[{"embeddable":true,"href":"https:\/\/dev.poppers-online.ch\/fr\/wp-json\/wp\/v2\/comments?post=78236"}],"wp:featuredmedia":[{"embeddable":true,"href":"https:\/\/dev.poppers-online.ch\/fr\/wp-json\/wp\/v2\/media\/78233"}],"wp:attachment":[{"href":"https:\/\/dev.poppers-online.ch\/fr\/wp-json\/wp\/v2\/media?parent=78236"}],"wp:term":[{"taxonomy":"product_brand","embeddable":true,"href":"https:\/\/dev.poppers-online.ch\/fr\/wp-json\/wp\/v2\/product_brand?post=78236"},{"taxonomy":"product_cat","embeddable":true,"href":"https:\/\/dev.poppers-online.ch\/fr\/wp-json\/wp\/v2\/product_cat?post=78236"},{"taxonomy":"product_tag","embeddable":true,"href":"https:\/\/dev.poppers-online.ch\/fr\/wp-json\/wp\/v2\/product_tag?post=78236"}],"curies":[{"name":"wp","href":"https:\/\/api.w.org\/{rel}","templated":true}]}}