{"id":78274,"date":"2023-11-23T16:18:59","date_gmt":"2023-11-23T15:20:56","guid":{"rendered":"https:\/\/poppers-online.ch\/produkt\/fetish-fantasy-manchons-de-createur-noir\/"},"modified":"2024-10-15T23:25:40","modified_gmt":"2024-10-15T21:25:40","slug":"fetish-fantasy-designer-cuffs-black","status":"publish","type":"product","link":"https:\/\/dev.poppers-online.ch\/fr\/produit\/fetish-fantasy-designer-cuffs-black\/","title":{"rendered":"Fetish Fantasy &#8211; Manchons de cr\u00e9ateur &#8211; Noir"},"content":{"rendered":"","protected":false},"excerpt":{"rendered":"<p>\u00catre attach\u00e9 a toujours eu un attrait sexuel. Ces menottes en m\u00e9tal anodis\u00e9 sont tout aussi parfaites pour les d\u00e9butants que pour les personnes exp\u00e9riment\u00e9es. Le m\u00e9canisme de verrouillage dispose d&rsquo;un levier rapide en cas de perte des cl\u00e9s.<\/p>\n<p>Fetish Fantasy &#8211; Manchons de cr\u00e9ateur &#8211; Noir<\/p>\n","protected":false},"featured_media":78271,"comment_status":"closed","ping_status":"closed","template":"","meta":{"_acf_changed":false,"_glsr_average":0,"_glsr_ranking":0,"_glsr_reviews":0},"product_brand":[],"product_cat":[171],"product_tag":[1841],"class_list":{"0":"post-78274","1":"product","2":"type-product","3":"status-publish","4":"has-post-thumbnail","6":"product_cat-sex-toys","7":"product_tag-fetish-fantasy-manchons-de-createur-noir","9":"first","10":"instock","11":"taxable","12":"shipping-taxable","13":"purchasable","14":"product-type-simple"},"acf":[],"_links":{"self":[{"href":"https:\/\/dev.poppers-online.ch\/fr\/wp-json\/wp\/v2\/product\/78274","targetHints":{"allow":["GET"]}}],"collection":[{"href":"https:\/\/dev.poppers-online.ch\/fr\/wp-json\/wp\/v2\/product"}],"about":[{"href":"https:\/\/dev.poppers-online.ch\/fr\/wp-json\/wp\/v2\/types\/product"}],"replies":[{"embeddable":true,"href":"https:\/\/dev.poppers-online.ch\/fr\/wp-json\/wp\/v2\/comments?post=78274"}],"wp:featuredmedia":[{"embeddable":true,"href":"https:\/\/dev.poppers-online.ch\/fr\/wp-json\/wp\/v2\/media\/78271"}],"wp:attachment":[{"href":"https:\/\/dev.poppers-online.ch\/fr\/wp-json\/wp\/v2\/media?parent=78274"}],"wp:term":[{"taxonomy":"product_brand","embeddable":true,"href":"https:\/\/dev.poppers-online.ch\/fr\/wp-json\/wp\/v2\/product_brand?post=78274"},{"taxonomy":"product_cat","embeddable":true,"href":"https:\/\/dev.poppers-online.ch\/fr\/wp-json\/wp\/v2\/product_cat?post=78274"},{"taxonomy":"product_tag","embeddable":true,"href":"https:\/\/dev.poppers-online.ch\/fr\/wp-json\/wp\/v2\/product_tag?post=78274"}],"curies":[{"name":"wp","href":"https:\/\/api.w.org\/{rel}","templated":true}]}}