{"id":78522,"date":"2023-11-24T14:57:02","date_gmt":"2023-11-24T14:00:10","guid":{"rendered":"https:\/\/poppers-online.ch\/produkt\/kit-tetine\/"},"modified":"2023-11-24T15:00:10","modified_gmt":"2023-11-24T14:00:10","slug":"kit-tetine","status":"publish","type":"product","link":"https:\/\/dev.poppers-online.ch\/fr\/produit\/kit-tetine\/","title":{"rendered":"Kit t\u00e9tine"},"content":{"rendered":"","protected":false},"excerpt":{"rendered":"<p>La th\u00e9rapie par les ventouses est une m\u00e9thode de m\u00e9decine alternative chinoise qui consiste \u00e0 cr\u00e9er une aspiration locale sur la peau afin d&rsquo;am\u00e9liorer la circulation sanguine. Ce set de ventouses pour t\u00e9tons contient 12 ventouses de diff\u00e9rentes tailles qui peuvent \u00eatre raccord\u00e9es \u00e0 un pistolet d&rsquo;aspiration.<\/p>\n","protected":false},"featured_media":78516,"comment_status":"closed","ping_status":"closed","template":"","meta":{"_acf_changed":false,"_glsr_average":0,"_glsr_ranking":0,"_glsr_reviews":0},"product_brand":[],"product_cat":[2100,171],"product_tag":[],"class_list":{"0":"post-78522","1":"product","2":"type-product","3":"status-publish","4":"has-post-thumbnail","6":"product_cat-nipple-play","7":"product_cat-sex-toys","9":"first","10":"instock","11":"taxable","12":"shipping-taxable","13":"purchasable","14":"product-type-simple"},"acf":[],"_links":{"self":[{"href":"https:\/\/dev.poppers-online.ch\/fr\/wp-json\/wp\/v2\/product\/78522","targetHints":{"allow":["GET"]}}],"collection":[{"href":"https:\/\/dev.poppers-online.ch\/fr\/wp-json\/wp\/v2\/product"}],"about":[{"href":"https:\/\/dev.poppers-online.ch\/fr\/wp-json\/wp\/v2\/types\/product"}],"replies":[{"embeddable":true,"href":"https:\/\/dev.poppers-online.ch\/fr\/wp-json\/wp\/v2\/comments?post=78522"}],"wp:featuredmedia":[{"embeddable":true,"href":"https:\/\/dev.poppers-online.ch\/fr\/wp-json\/wp\/v2\/media\/78516"}],"wp:attachment":[{"href":"https:\/\/dev.poppers-online.ch\/fr\/wp-json\/wp\/v2\/media?parent=78522"}],"wp:term":[{"taxonomy":"product_brand","embeddable":true,"href":"https:\/\/dev.poppers-online.ch\/fr\/wp-json\/wp\/v2\/product_brand?post=78522"},{"taxonomy":"product_cat","embeddable":true,"href":"https:\/\/dev.poppers-online.ch\/fr\/wp-json\/wp\/v2\/product_cat?post=78522"},{"taxonomy":"product_tag","embeddable":true,"href":"https:\/\/dev.poppers-online.ch\/fr\/wp-json\/wp\/v2\/product_tag?post=78522"}],"curies":[{"name":"wp","href":"https:\/\/api.w.org\/{rel}","templated":true}]}}