{"id":80104,"date":"2023-12-09T12:29:32","date_gmt":"2023-12-09T11:29:33","guid":{"rendered":"https:\/\/poppers-online.ch\/?post_type=product&#038;p=80104"},"modified":"2024-10-15T23:25:34","modified_gmt":"2024-10-15T21:25:34","slug":"hulk-ultra-strong-24ml-kopie","status":"publish","type":"product","link":"https:\/\/dev.poppers-online.ch\/fr\/produit\/hulk-ultra-strong-24ml-kopie\/","title":{"rendered":"Hulk Ultra Strong 24ml (Kopie)"},"content":{"rendered":"<p>Le poppers Hulk Ultra Strong 24ml est bas\u00e9 sur le pentylnitrite original. Hulk Extra Strong n&rsquo;est pas seulement un excellent compl\u00e9ment lors de rapports sexuels, mais procure \u00e9galement un coup de fouet suppl\u00e9mentaire lors d&rsquo;une f\u00eate, d&rsquo;un club, d&rsquo;un concert ou d&rsquo;un festival. D\u00e9couvre comment les couleurs se r\u00e9chauffent l&rsquo;espace d&rsquo;un instant et comment la musique te transperce pendant un moment. Avec le Hulk Ultra Strong Poppers vert, tu vas certainement cr\u00e9er la surprise aupr\u00e8s de tes amis. Si tu ne sais pas comment sniffer les poppers, lis attentivement notre section FAQ sur ce site. Ne pas boire les poppers !<\/p>\n","protected":false},"excerpt":{"rendered":"<p>Le poppers Hulk Ultra Strong 24ml est bas\u00e9 sur le pentylnitrite original. Hulk Extra Strong n&rsquo;est pas seulement un excellent compl\u00e9ment pour les rapports sexuels, il donne aussi un coup de fouet suppl\u00e9mentaire lors d&rsquo;une f\u00eate, d&rsquo;un club, d&rsquo;un concert ou d&rsquo;un festival. D\u00e9couvre comment les couleurs se r\u00e9chauffent l&rsquo;espace d&rsquo;un instant et comment la musique t&rsquo;impr\u00e8gne l&rsquo;espace d&rsquo;un instant. Avec le poppers vert Hulk Ultra Strong, tu vas certainement cr\u00e9er la surprise chez tes amis. Si tu ne sais pas comment sniffer des poppers, lis attentivement notre section FAQ sur ce site. Ne pas boire de poppers !<\/p>\n","protected":false},"featured_media":0,"comment_status":"open","ping_status":"closed","template":"","meta":{"_acf_changed":false,"_glsr_average":0,"_glsr_ranking":0,"_glsr_reviews":0},"product_brand":[],"product_cat":[17],"product_tag":[],"class_list":{"0":"post-80104","1":"product","2":"type-product","3":"status-publish","5":"product_cat-unkategorisiert","7":"first","8":"instock","9":"taxable","10":"shipping-taxable","11":"product-type-simple"},"acf":[],"_links":{"self":[{"href":"https:\/\/dev.poppers-online.ch\/fr\/wp-json\/wp\/v2\/product\/80104","targetHints":{"allow":["GET"]}}],"collection":[{"href":"https:\/\/dev.poppers-online.ch\/fr\/wp-json\/wp\/v2\/product"}],"about":[{"href":"https:\/\/dev.poppers-online.ch\/fr\/wp-json\/wp\/v2\/types\/product"}],"replies":[{"embeddable":true,"href":"https:\/\/dev.poppers-online.ch\/fr\/wp-json\/wp\/v2\/comments?post=80104"}],"wp:attachment":[{"href":"https:\/\/dev.poppers-online.ch\/fr\/wp-json\/wp\/v2\/media?parent=80104"}],"wp:term":[{"taxonomy":"product_brand","embeddable":true,"href":"https:\/\/dev.poppers-online.ch\/fr\/wp-json\/wp\/v2\/product_brand?post=80104"},{"taxonomy":"product_cat","embeddable":true,"href":"https:\/\/dev.poppers-online.ch\/fr\/wp-json\/wp\/v2\/product_cat?post=80104"},{"taxonomy":"product_tag","embeddable":true,"href":"https:\/\/dev.poppers-online.ch\/fr\/wp-json\/wp\/v2\/product_tag?post=80104"}],"curies":[{"name":"wp","href":"https:\/\/api.w.org\/{rel}","templated":true}]}}