{"id":85381,"date":"2024-01-29T16:21:26","date_gmt":"2024-01-29T15:24:39","guid":{"rendered":"https:\/\/poppers-online.ch\/produkt\/hankeys-toys-hungerff-gode-anal\/"},"modified":"2024-01-29T16:24:39","modified_gmt":"2024-01-29T15:24:39","slug":"hankeys-toys-hungerff-gode-anal","status":"publish","type":"product","link":"https:\/\/dev.poppers-online.ch\/fr\/produit\/hankeys-toys-hungerff-gode-anal\/","title":{"rendered":"Hankey&rsquo;s Toys HUNGERFF Gode anal"},"content":{"rendered":"","protected":false},"excerpt":{"rendered":"<p><span style=\"font-weight: 400;\">Le godemich\u00e9 HungerFF est la cr\u00e9ation la plus extr\u00eame et la premi\u00e8re de son genre au monde et le HungerFF est un objet de collection garanti. Il est la reproduction absolument r\u00e9aliste de l&rsquo;incroyable prolapsus de la faimFF, avec toute la r\u00e9flexion et le design qui ont fait la r\u00e9putation de Hankey&rsquo;s Toys. Nous savons qu&rsquo;il existe de nombreux PIGS affam\u00e9s qui adoreraient se faire gaver avec le fameux prolapsus HungerFF. Rid\u00e9e avec des d\u00e9tails prononc\u00e9s des veines.<\/span><\/p>\n<p><span style=\"font-weight: 400;\">Hankey&rsquo;s Toys produit des godemich\u00e9s tr\u00e8s r\u00e9alistes aux dimensions disproportionn\u00e9es pour le plaisir sans limite des amateurs et des experts. De nombreux mod\u00e8les sont l&rsquo;image d&rsquo;un acteur porno tr\u00e8s bien \u00e9quip\u00e9 dans des dimensions extraordinaires. Tous les jouets Hankey&rsquo;s Toys sont fabriqu\u00e9s \u00e0 la main \u00e0 partir de silicone de haute qualit\u00e9 durci au platine. Les godemich\u00e9s de la marque culte Hankey&rsquo;s Toys sont \u00e0 la fois massifs, lourds et incroyablement grands. Pour nous, les plus grands godemich\u00e9s anaux du monde jusqu&rsquo;\u00e0 pr\u00e9sent !<\/span><\/p>\n<p><b>HUNGERFF &#8211; S<br \/>\n<\/b><span style=\"font-weight: 400;\">circonf\u00e9rence \u00e0 la t\u00eate : 18,0cm<br \/>\n<\/span><span style=\"font-weight: 400;\">Circonf\u00e9rence au milieu : 17,7cm<br \/>\n<\/span><span style=\"font-weight: 400;\">Circonf\u00e9rence \u00e0 la base : 19,3cm<br \/>\n<\/span><span style=\"font-weight: 400;\">Longueur totale : 20cm<br \/>\n<\/span><span style=\"font-weight: 400;\">Longueur ins\u00e9rable : 15,4cm<br \/>\n<\/span><span style=\"font-weight: 400;\">Taille de l&rsquo;anneau Strap-On : 6,3cm<\/span><\/p>\n<p><b>HUNGERFF &#8211; M<br \/>\n<\/b><span style=\"font-weight: 400;\">circonf\u00e9rence \u00e0 la t\u00eate : 21,3cm<br \/>\n<\/span><span style=\"font-weight: 400;\">Circonf\u00e9rence au milieu : 20,5cm<br \/>\n<\/span><span style=\"font-weight: 400;\">Circonf\u00e9rence \u00e0 la base : 25,1cm<br \/>\n<\/span><span style=\"font-weight: 400;\">Longueur totale : 23cm<br \/>\n<\/span><span style=\"font-weight: 400;\">Longueur ins\u00e9rable : 18,2cm<br \/>\n<\/span><span style=\"font-weight: 400;\">Taille de l&rsquo;anneau Strap-On : 7,6cm<\/span><\/p>\n<p><b>HUNGERFF &#8211; L<br \/>\n<\/b><span style=\"font-weight: 400;\">Circonf\u00e9rence au niveau de la t\u00eate : 23,8cm<br \/>\n<\/span><span style=\"font-weight: 400;\">circonf\u00e9rence au milieu : 23,5cm<br \/>\n<\/span><span style=\"font-weight: 400;\">Circonf\u00e9rence \u00e0 la base : 25,4cm<br \/>\n<\/span><span style=\"font-weight: 400;\">longueur totale : 26,0cm<br \/>\n<\/span><span style=\"font-weight: 400;\">Longueur d&rsquo;insertion : 18,7cm<br \/>\n<\/span><span style=\"font-weight: 400;\">Taille de l&rsquo;anneau Strap-on : &#8211;<br \/>\n<\/span><\/p>\n<p><b>HUNGERFF &#8211; XXL<br \/>\n<\/b><span style=\"font-weight: 400;\">circonf\u00e9rence \u00e0 la t\u00eate : 27,3cm<br \/>\n<\/span><span style=\"font-weight: 400;\">Circonf\u00e9rence au milieu : 26,6cm<br \/>\n<\/span><span style=\"font-weight: 400;\">Circonf\u00e9rence \u00e0 la base : 28,5cm<br \/>\n<\/span><span style=\"font-weight: 400;\">Longueur totale : 28cm<br \/>\n<\/span><span style=\"font-weight: 400;\">Longueur ins\u00e9rable : 23,5cm<br \/>\n<\/span><span style=\"font-weight: 400;\">Taille de l&rsquo;anneau Strap-On : &#8211;<\/span><\/p>\n<p>&nbsp;<\/p>\n","protected":false},"featured_media":85354,"comment_status":"closed","ping_status":"closed","template":"","meta":{"_acf_changed":false,"_glsr_average":0,"_glsr_ranking":0,"_glsr_reviews":0},"product_brand":[],"product_cat":[2085,171],"product_tag":[1941],"class_list":{"0":"post-85381","1":"product","2":"type-product","3":"status-publish","4":"has-post-thumbnail","6":"product_cat-anal-play","7":"product_cat-sex-toys","8":"product_tag-hankeys-toys-hungerff-gode-anal","10":"first","11":"instock","12":"sale","13":"taxable","14":"shipping-taxable","15":"purchasable","16":"product-type-variable","17":"has-default-attributes"},"acf":[],"_links":{"self":[{"href":"https:\/\/dev.poppers-online.ch\/fr\/wp-json\/wp\/v2\/product\/85381","targetHints":{"allow":["GET"]}}],"collection":[{"href":"https:\/\/dev.poppers-online.ch\/fr\/wp-json\/wp\/v2\/product"}],"about":[{"href":"https:\/\/dev.poppers-online.ch\/fr\/wp-json\/wp\/v2\/types\/product"}],"replies":[{"embeddable":true,"href":"https:\/\/dev.poppers-online.ch\/fr\/wp-json\/wp\/v2\/comments?post=85381"}],"wp:featuredmedia":[{"embeddable":true,"href":"https:\/\/dev.poppers-online.ch\/fr\/wp-json\/wp\/v2\/media\/85354"}],"wp:attachment":[{"href":"https:\/\/dev.poppers-online.ch\/fr\/wp-json\/wp\/v2\/media?parent=85381"}],"wp:term":[{"taxonomy":"product_brand","embeddable":true,"href":"https:\/\/dev.poppers-online.ch\/fr\/wp-json\/wp\/v2\/product_brand?post=85381"},{"taxonomy":"product_cat","embeddable":true,"href":"https:\/\/dev.poppers-online.ch\/fr\/wp-json\/wp\/v2\/product_cat?post=85381"},{"taxonomy":"product_tag","embeddable":true,"href":"https:\/\/dev.poppers-online.ch\/fr\/wp-json\/wp\/v2\/product_tag?post=85381"}],"curies":[{"name":"wp","href":"https:\/\/api.w.org\/{rel}","templated":true}]}}