{"id":85425,"date":"2024-01-29T17:26:17","date_gmt":"2024-01-29T16:27:30","guid":{"rendered":"https:\/\/poppers-online.ch\/produkt\/mister-b-glide-gel-lubrifiant-100-ml\/"},"modified":"2024-01-29T17:28:02","modified_gmt":"2024-01-29T16:28:02","slug":"mister-b-glide-gel-lubrifiant-100-ml","status":"publish","type":"product","link":"https:\/\/dev.poppers-online.ch\/fr\/produit\/mister-b-glide-gel-lubrifiant-100-ml\/","title":{"rendered":"Mister B GLIDE gel lubrifiant 100 ml"},"content":{"rendered":"","protected":false},"excerpt":{"rendered":"<p>Le gel lubrifiant Mister B GLIDE 100 ml est un lubrifiant \u00e0 base de silicone pour de nombreuses occasions qui n&rsquo;a rien \u00e0 envier aux autres gels lubrifiants de qualit\u00e9 m\u00e9dicale. Utilise-le pour tes plaisirs personnels et r\u00e9alise tes fantasmes \u00e9rotiques.<\/p>\n<p>Mister B GLIDE gel lubrifiant 100 ml est en outre un bon hydratant pour ta peau et convient parfaitement \u00e0 tous les massages.<br \/>\nIl est sans danger pour les pr\u00e9servatifs, soyeux, non collant, longue dur\u00e9e, non toxique, sans go\u00fbt, sans parfum, hypoallerg\u00e9nique et sans huile ni graisse. Il n&rsquo;a pas \u00e9t\u00e9 test\u00e9 sur les animaux et ne contient pas de produits d&rsquo;origine animale.<\/p>\n<p><strong>Ingr\u00e9dients :<\/strong> dim\u00e9thicone, dim\u00e9thiconol<\/p>\n","protected":false},"featured_media":85408,"comment_status":"closed","ping_status":"closed","template":"","meta":{"_acf_changed":false,"_glsr_average":0,"_glsr_ranking":0,"_glsr_reviews":0},"product_brand":[],"product_cat":[2067,166],"product_tag":[],"class_list":{"0":"post-85425","1":"product","2":"type-product","3":"status-publish","4":"has-post-thumbnail","6":"product_cat-lubrifiant","7":"product_cat-droguerie","9":"first","10":"instock","11":"taxable","12":"shipping-taxable","13":"purchasable","14":"product-type-simple"},"acf":[],"_links":{"self":[{"href":"https:\/\/dev.poppers-online.ch\/fr\/wp-json\/wp\/v2\/product\/85425","targetHints":{"allow":["GET"]}}],"collection":[{"href":"https:\/\/dev.poppers-online.ch\/fr\/wp-json\/wp\/v2\/product"}],"about":[{"href":"https:\/\/dev.poppers-online.ch\/fr\/wp-json\/wp\/v2\/types\/product"}],"replies":[{"embeddable":true,"href":"https:\/\/dev.poppers-online.ch\/fr\/wp-json\/wp\/v2\/comments?post=85425"}],"wp:featuredmedia":[{"embeddable":true,"href":"https:\/\/dev.poppers-online.ch\/fr\/wp-json\/wp\/v2\/media\/85408"}],"wp:attachment":[{"href":"https:\/\/dev.poppers-online.ch\/fr\/wp-json\/wp\/v2\/media?parent=85425"}],"wp:term":[{"taxonomy":"product_brand","embeddable":true,"href":"https:\/\/dev.poppers-online.ch\/fr\/wp-json\/wp\/v2\/product_brand?post=85425"},{"taxonomy":"product_cat","embeddable":true,"href":"https:\/\/dev.poppers-online.ch\/fr\/wp-json\/wp\/v2\/product_cat?post=85425"},{"taxonomy":"product_tag","embeddable":true,"href":"https:\/\/dev.poppers-online.ch\/fr\/wp-json\/wp\/v2\/product_tag?post=85425"}],"curies":[{"name":"wp","href":"https:\/\/api.w.org\/{rel}","templated":true}]}}