{"id":86327,"date":"2024-02-05T16:03:55","date_gmt":"2024-02-05T15:15:50","guid":{"rendered":"https:\/\/poppers-online.ch\/produkt\/xtrm-biest-xxl-poppers-snffr-avec-boite-en-aluminium-de-100-ml\/"},"modified":"2025-11-11T13:59:17","modified_gmt":"2025-11-11T12:59:17","slug":"xtrm-biest-xxl-poppers-snffr-avec-boite-en-aluminium-de-100-ml","status":"publish","type":"product","link":"https:\/\/dev.poppers-online.ch\/fr\/produit\/xtrm-biest-xxl-poppers-snffr-avec-boite-en-aluminium-de-100-ml\/","title":{"rendered":"XTRM BIEST XXL POPPERS SNFFR avec bo\u00eete en aluminium de 60 ml"},"content":{"rendered":"","protected":false},"excerpt":{"rendered":"<p><span style=\"font-weight: 400;\">Le <strong>XTRM BIEST XXL POPPERS SNFFR avec sa canette en aluminium de 60 ml<\/strong> \u00e9tablit de nouvelles normes. Le BIEST est \u00e9quip\u00e9 d&rsquo;une ouverture XXL et d&rsquo;un canal triphas\u00e9 pour un effet explosif. Avec le XTRM BIEST, m\u00eame les plus durs d&rsquo;entre nous craquent. Tu peux accrocher ta b\u00eate XTRM autour de ton cou avec une cha\u00eene ou un bracelet en cuir pour \u00eatre pr\u00eat \u00e0 tout moment. Le XTRM BIEST est livr\u00e9 avec une canette en aluminium de 60 ml, dans laquelle tu peux conserver ton poppers de mani\u00e8re durable. Pour cela, nous te fournissons un couvercle de fermeture s\u00fbr. La canette en aluminium reste debout o\u00f9 tu la poses gr\u00e2ce \u00e0 la but\u00e9e fournie. <\/span><\/p>\n","protected":false},"featured_media":86322,"comment_status":"open","ping_status":"closed","template":"","meta":{"_acf_changed":false,"_glsr_average":0,"_glsr_ranking":0,"_glsr_reviews":0},"product_brand":[],"product_cat":[149,1303],"product_tag":[],"class_list":{"0":"post-86327","1":"product","2":"type-product","3":"status-publish","4":"has-post-thumbnail","6":"product_cat-accessoires-poppers","7":"product_cat-booster-caps","9":"first","10":"instock","11":"taxable","12":"shipping-taxable","13":"purchasable","14":"product-type-simple"},"acf":[],"_links":{"self":[{"href":"https:\/\/dev.poppers-online.ch\/fr\/wp-json\/wp\/v2\/product\/86327","targetHints":{"allow":["GET"]}}],"collection":[{"href":"https:\/\/dev.poppers-online.ch\/fr\/wp-json\/wp\/v2\/product"}],"about":[{"href":"https:\/\/dev.poppers-online.ch\/fr\/wp-json\/wp\/v2\/types\/product"}],"replies":[{"embeddable":true,"href":"https:\/\/dev.poppers-online.ch\/fr\/wp-json\/wp\/v2\/comments?post=86327"}],"wp:featuredmedia":[{"embeddable":true,"href":"https:\/\/dev.poppers-online.ch\/fr\/wp-json\/wp\/v2\/media\/86322"}],"wp:attachment":[{"href":"https:\/\/dev.poppers-online.ch\/fr\/wp-json\/wp\/v2\/media?parent=86327"}],"wp:term":[{"taxonomy":"product_brand","embeddable":true,"href":"https:\/\/dev.poppers-online.ch\/fr\/wp-json\/wp\/v2\/product_brand?post=86327"},{"taxonomy":"product_cat","embeddable":true,"href":"https:\/\/dev.poppers-online.ch\/fr\/wp-json\/wp\/v2\/product_cat?post=86327"},{"taxonomy":"product_tag","embeddable":true,"href":"https:\/\/dev.poppers-online.ch\/fr\/wp-json\/wp\/v2\/product_tag?post=86327"}],"curies":[{"name":"wp","href":"https:\/\/api.w.org\/{rel}","templated":true}]}}