{"id":87999,"date":"2024-02-27T20:19:19","date_gmt":"2024-02-27T19:21:01","guid":{"rendered":"https:\/\/poppers-online.ch\/produkt\/godemiche-anal-hankeys-toys-midass-touch\/"},"modified":"2024-02-27T20:21:01","modified_gmt":"2024-02-27T19:21:01","slug":"godemiche-anal-hankeys-toys-midass-touch","status":"publish","type":"product","link":"https:\/\/dev.poppers-online.ch\/fr\/produit\/godemiche-anal-hankeys-toys-midass-touch\/","title":{"rendered":"Godemich\u00e9 anal Hankey&rsquo;s Toys MIDASS TOUCH"},"content":{"rendered":"","protected":false},"excerpt":{"rendered":"<p><span style=\"font-weight: 400;\">Ce sex toy unique MIDASS TOUCH de Hankey&rsquo;s Toys est moul\u00e9 \u00e0 partir d&rsquo;un v\u00e9ritable doigt humain et agrandi \u00e0 des proportions gigantesques. Le godemich\u00e9 MIDASS TOUCH de Hankey&rsquo;s Toys va faire de l&rsquo;ombre \u00e0 ton urologue. Laisse le Dr Midass traiter ta prostate avec sa touche dor\u00e9e. Ouvre la voie et laisse ce monstre Finger et le Dr Midass te montrer le chemin.<\/span><\/p>\n<p><span style=\"font-weight: 400;\">Hankey&rsquo;s Toys produit des godemich\u00e9s tr\u00e8s r\u00e9alistes aux dimensions disproportionn\u00e9es pour le plaisir sans limite des amateurs et des experts. De nombreux mod\u00e8les sont l&rsquo;image d&rsquo;un acteur porno tr\u00e8s bien \u00e9quip\u00e9 dans des dimensions extraordinaires. Tous les jouets Hankey&rsquo;s Toys sont fabriqu\u00e9s \u00e0 la main \u00e0 partir de silicone de haute qualit\u00e9 durci au platine. Les godemich\u00e9s de la marque culte Hankey&rsquo;s Toys sont \u00e0 la fois massifs, lourds et incroyablement grands. Pour nous, les plus grands godemich\u00e9s anaux du monde jusqu&rsquo;\u00e0 pr\u00e9sent !<\/span><\/p>\n<p><b>MIDASS TOUCH &#8211; S<br \/>\n<\/b><span style=\"font-weight: 400;\">circonf\u00e9rence \u00e0 la t\u00eate : 10,8cm<br \/>\n<\/span><span style=\"font-weight: 400;\">circonf\u00e9rence au milieu : 13,3cm<br \/>\n<\/span><span style=\"font-weight: 400;\">circonf\u00e9rence \u00e0 la base : 15,7cm<br \/>\n<\/span><span style=\"font-weight: 400;\">longueur totale : 23,0cm<br \/>\n<\/span><span style=\"font-weight: 400;\">Longueur ins\u00e9rable : 20,6cm<br \/>\n<\/span><span style=\"font-weight: 400;\">Taille de l&rsquo;anneau Strap-On : 6,3cm<\/span><\/p>\n<p><b>MIDASS TOUCH &#8211; M<br \/>\n<\/b><span style=\"font-weight: 400;\">circonf\u00e9rence \u00e0 la t\u00eate : 13,6cm<br \/>\n<\/span><span style=\"font-weight: 400;\">circonf\u00e9rence au milieu : 16,6cm<br \/>\n<\/span><span style=\"font-weight: 400;\">circonf\u00e9rence \u00e0 la base : 19,6cm<br \/>\n<\/span><span style=\"font-weight: 400;\">longueur totale : 29,0cm<br \/>\n<\/span><span style=\"font-weight: 400;\">Longueur ins\u00e9rable : 25,4cm<br \/>\n<\/span><span style=\"font-weight: 400;\">Taille de l&rsquo;anneau Strap-On : 6,3cm<\/span><\/p>\n<p><b>MIDASS TOUCH &#8211; L\/XL<br \/>\n<\/b><span style=\"font-weight: 400;\">circonf\u00e9rence \u00e0 la t\u00eate : 16,5cm<br \/>\n<\/span><span style=\"font-weight: 400;\">circonf\u00e9rence au milieu : 20,0cm<br \/>\n<\/span><span style=\"font-weight: 400;\">circonf\u00e9rence \u00e0 la base : 23,5cm<br \/>\n<\/span><span style=\"font-weight: 400;\">longueur totale : 33,0cm<br \/>\n<\/span><span style=\"font-weight: 400;\">Longueur ins\u00e9rable : 30,0cm<br \/>\n<\/span><span style=\"font-weight: 400;\">Taille de l&rsquo;anneau Strap-On : 7,6cm<\/span><\/p>\n<p><b>MIDASS TOUCH &#8211; XXL<br \/>\n<\/b><span style=\"font-weight: 400;\">circonf\u00e9rence \u00e0 la t\u00eate : 19,0cm<br \/>\n<\/span><span style=\"font-weight: 400;\">circonf\u00e9rence au milieu : 23,6cm<br \/>\n<\/span><span style=\"font-weight: 400;\">circonf\u00e9rence \u00e0 la base : 27,6cm<br \/>\n<\/span><span style=\"font-weight: 400;\">longueur totale : 38,0cm<br \/>\n<\/span><span style=\"font-weight: 400;\">Longueur ins\u00e9rable : 35,1cm<br \/>\n<\/span><span style=\"font-weight: 400;\">Taille du Strap-On-Ring : &#8211;<\/span><\/p>\n","protected":false},"featured_media":87961,"comment_status":"closed","ping_status":"closed","template":"","meta":{"_acf_changed":false,"_glsr_average":0,"_glsr_ranking":0,"_glsr_reviews":0},"product_brand":[],"product_cat":[2085,171],"product_tag":[1987],"class_list":{"0":"post-87999","1":"product","2":"type-product","3":"status-publish","4":"has-post-thumbnail","6":"product_cat-anal-play","7":"product_cat-sex-toys","8":"product_tag-godemiche-anal-hankeys-toys-midass-touch","10":"first","11":"instock","12":"taxable","13":"shipping-taxable","14":"purchasable","15":"product-type-variable","16":"has-default-attributes"},"acf":[],"_links":{"self":[{"href":"https:\/\/dev.poppers-online.ch\/fr\/wp-json\/wp\/v2\/product\/87999","targetHints":{"allow":["GET"]}}],"collection":[{"href":"https:\/\/dev.poppers-online.ch\/fr\/wp-json\/wp\/v2\/product"}],"about":[{"href":"https:\/\/dev.poppers-online.ch\/fr\/wp-json\/wp\/v2\/types\/product"}],"replies":[{"embeddable":true,"href":"https:\/\/dev.poppers-online.ch\/fr\/wp-json\/wp\/v2\/comments?post=87999"}],"wp:featuredmedia":[{"embeddable":true,"href":"https:\/\/dev.poppers-online.ch\/fr\/wp-json\/wp\/v2\/media\/87961"}],"wp:attachment":[{"href":"https:\/\/dev.poppers-online.ch\/fr\/wp-json\/wp\/v2\/media?parent=87999"}],"wp:term":[{"taxonomy":"product_brand","embeddable":true,"href":"https:\/\/dev.poppers-online.ch\/fr\/wp-json\/wp\/v2\/product_brand?post=87999"},{"taxonomy":"product_cat","embeddable":true,"href":"https:\/\/dev.poppers-online.ch\/fr\/wp-json\/wp\/v2\/product_cat?post=87999"},{"taxonomy":"product_tag","embeddable":true,"href":"https:\/\/dev.poppers-online.ch\/fr\/wp-json\/wp\/v2\/product_tag?post=87999"}],"curies":[{"name":"wp","href":"https:\/\/api.w.org\/{rel}","templated":true}]}}