{"id":88160,"date":"2024-02-28T17:05:47","date_gmt":"2024-02-28T16:10:17","guid":{"rendered":"https:\/\/poppers-online.ch\/produkt\/godemiche-anal-el-rey-de-hankeys-toys\/"},"modified":"2024-02-28T17:10:17","modified_gmt":"2024-02-28T16:10:17","slug":"godemiche-anal-el-rey-de-hankeys-toys","status":"publish","type":"product","link":"https:\/\/dev.poppers-online.ch\/fr\/produit\/godemiche-anal-el-rey-de-hankeys-toys\/","title":{"rendered":"Godemich\u00e9 anal EL REY de Hankey&rsquo;s Toys"},"content":{"rendered":"","protected":false},"excerpt":{"rendered":"<p><span style=\"font-weight: 400;\">L&rsquo;El Rey est l&rsquo;un des rois des jouets Hankeys. Les designers cr\u00e9atifs ont cr\u00e9\u00e9 un monstre g\u00e9ant et magnifique pour ceux qui osent \u00eatre extr\u00eames. Le plus petit mod\u00e8le d&rsquo;El Rey a une circonf\u00e9rence de 22 cm et devient encore plus grand \u00e0 chaque mod\u00e8le. Une quantit\u00e9 artistique de d\u00e9tails a \u00e9t\u00e9 utilis\u00e9e pour la texture r\u00e9aliste d&rsquo;El Rey : des veines entrelac\u00e9es et un long pr\u00e9puce lisse qui recouvre partiellement la t\u00eate de cette pi\u00e8ce. Bien que super r\u00e9aliste, ce pr\u00e9puce n&rsquo;est pas d\u00e9formable et ne peut pas \u00eatre retir\u00e9. Les Remove-O-Balls sont vendus s\u00e9par\u00e9ment.  <\/span><\/p>\n<p><span style=\"font-weight: 400;\">Hankey&rsquo;s Toys produit des godemich\u00e9s tr\u00e8s r\u00e9alistes aux dimensions disproportionn\u00e9es pour le plaisir sans limite des amateurs et des experts. De nombreux mod\u00e8les sont l&rsquo;image d&rsquo;un acteur porno tr\u00e8s bien \u00e9quip\u00e9 dans des dimensions extraordinaires. Tous les jouets Hankey&rsquo;s Toys sont fabriqu\u00e9s \u00e0 la main \u00e0 partir de silicone de haute qualit\u00e9 durci au platine. Les godemich\u00e9s de la marque culte Hankey&rsquo;s Toys sont \u00e0 la fois massifs, lourds et incroyablement grands. Pour nous, les plus grands godemich\u00e9s anaux du monde jusqu&rsquo;\u00e0 pr\u00e9sent !<\/span><\/p>\n<p><b>EL REY &#8211; M<br \/>\n<\/b><span style=\"font-weight: 400;\">circonf\u00e9rence \u00e0 la t\u00eate : 18,4cm<br \/>\n<\/span><span style=\"font-weight: 400;\">Circonf\u00e9rence au milieu : 22,2cm<br \/>\n<\/span><span style=\"font-weight: 400;\">circonf\u00e9rence \u00e0 la base : 20,3cm<br \/>\n<\/span><span style=\"font-weight: 400;\">Longueur totale : 31,0cm<br \/>\n<\/span><span style=\"font-weight: 400;\">Longueur ins\u00e9rable : 28,0cm<br \/>\n<\/span><span style=\"font-weight: 400;\">Taille de l&rsquo;anneau Strap-On : 6,3cm<\/span><\/p>\n<p><b>EL REY &#8211; L<br \/>\n<\/b><span style=\"font-weight: 400;\">circonf\u00e9rence \u00e0 la t\u00eate : 19,9cm<br \/>\n<\/span><span style=\"font-weight: 400;\">Circonf\u00e9rence au milieu : 24,1cm<br \/>\n<\/span><span style=\"font-weight: 400;\">Circonf\u00e9rence \u00e0 la base : 22,2cm<br \/>\n<\/span><span style=\"font-weight: 400;\">Longueur totale : 34,0cm<br \/>\n<\/span><span style=\"font-weight: 400;\">Longueur ins\u00e9rable : 31,1cm<br \/>\n<\/span><span style=\"font-weight: 400;\">Taille de l&rsquo;anneau Strap-On : 6,3cm<\/span><\/p>\n<p><b>EL REY &#8211; XL<br \/>\n<\/b><span style=\"font-weight: 400;\">circonf\u00e9rence \u00e0 la t\u00eate : 22,2cm<br \/>\n<\/span><span style=\"font-weight: 400;\">Circonf\u00e9rence au milieu : 26,6cm<br \/>\n<\/span><span style=\"font-weight: 400;\">circonf\u00e9rence \u00e0 la base : 24,7cm<br \/>\n<\/span><span style=\"font-weight: 400;\">Longueur totale : 36,0cm<br \/>\n<\/span><span style=\"font-weight: 400;\">Longueur ins\u00e9rable : 33,0cm<br \/>\n<\/span><span style=\"font-weight: 400;\">Taille du Strap-On-Ring : &#8211;<\/span><\/p>\n<p><b>EL REY &#8211; XXL<br \/>\n<\/b><span style=\"font-weight: 400;\">circonf\u00e9rence \u00e0 la t\u00eate : 24,1cm<br \/>\n<\/span><span style=\"font-weight: 400;\">circonf\u00e9rence au milieu : 29,8cm<br \/>\n<\/span><span style=\"font-weight: 400;\">circonf\u00e9rence \u00e0 la base : 26,6cm<br \/>\n<\/span><span style=\"font-weight: 400;\">Longueur totale : 38,0cm<br \/>\n<\/span><span style=\"font-weight: 400;\">Longueur ins\u00e9rable : 35,5cm<br \/>\n<\/span><span style=\"font-weight: 400;\">Taille du Strap-On-Ring : &#8211;<\/span><\/p>\n","protected":false},"featured_media":88098,"comment_status":"closed","ping_status":"closed","template":"","meta":{"_acf_changed":false,"_glsr_average":0,"_glsr_ranking":0,"_glsr_reviews":0},"product_brand":[],"product_cat":[2085,171],"product_tag":[1991],"class_list":{"0":"post-88160","1":"product","2":"type-product","3":"status-publish","4":"has-post-thumbnail","6":"product_cat-anal-play","7":"product_cat-sex-toys","8":"product_tag-elrey-xxl-fr","10":"first","11":"instock","12":"sale","13":"taxable","14":"shipping-taxable","15":"purchasable","16":"product-type-variable","17":"has-default-attributes"},"acf":[],"_links":{"self":[{"href":"https:\/\/dev.poppers-online.ch\/fr\/wp-json\/wp\/v2\/product\/88160","targetHints":{"allow":["GET"]}}],"collection":[{"href":"https:\/\/dev.poppers-online.ch\/fr\/wp-json\/wp\/v2\/product"}],"about":[{"href":"https:\/\/dev.poppers-online.ch\/fr\/wp-json\/wp\/v2\/types\/product"}],"replies":[{"embeddable":true,"href":"https:\/\/dev.poppers-online.ch\/fr\/wp-json\/wp\/v2\/comments?post=88160"}],"wp:featuredmedia":[{"embeddable":true,"href":"https:\/\/dev.poppers-online.ch\/fr\/wp-json\/wp\/v2\/media\/88098"}],"wp:attachment":[{"href":"https:\/\/dev.poppers-online.ch\/fr\/wp-json\/wp\/v2\/media?parent=88160"}],"wp:term":[{"taxonomy":"product_brand","embeddable":true,"href":"https:\/\/dev.poppers-online.ch\/fr\/wp-json\/wp\/v2\/product_brand?post=88160"},{"taxonomy":"product_cat","embeddable":true,"href":"https:\/\/dev.poppers-online.ch\/fr\/wp-json\/wp\/v2\/product_cat?post=88160"},{"taxonomy":"product_tag","embeddable":true,"href":"https:\/\/dev.poppers-online.ch\/fr\/wp-json\/wp\/v2\/product_tag?post=88160"}],"curies":[{"name":"wp","href":"https:\/\/api.w.org\/{rel}","templated":true}]}}