{"id":89078,"date":"2024-03-11T20:23:49","date_gmt":"2024-03-11T19:23:50","guid":{"rendered":"https:\/\/poppers-online.ch\/?post_type=product&#038;p=89078"},"modified":"2025-01-22T18:54:54","modified_gmt":"2025-01-22T17:54:54","slug":"xtrm-x-stopper-haut-noir-pour-flacons-24ml","status":"publish","type":"product","link":"https:\/\/dev.poppers-online.ch\/fr\/produit\/xtrm-x-stopper-haut-noir-pour-flacons-24ml\/","title":{"rendered":"XTRM X-Stopper haut noir &#8211; pour flacons 24ml"},"content":{"rendered":"","protected":false},"excerpt":{"rendered":"<p>Avec le X-Stopper XTRM sur\u00e9lev\u00e9, tu n&rsquo;auras plus jamais \u00e0 t&rsquo;inqui\u00e9ter que tes bouteilles de poppers se renversent ou se renversent lors du rangement. Il suffit d&rsquo;ins\u00e9rer la bouteille de poppers dans le X-Stopper avant de la ranger dans ton armoire ou ton tiroir. Tu peux \u00eatre s\u00fbr que les bouteilles ne tomberont plus. Le X-Stopper de XTRM est disponible en 5 couleurs diff\u00e9rentes et pour les 4 formes de bouteilles.<\/p>\n","protected":false},"featured_media":89998,"comment_status":"open","ping_status":"closed","template":"","meta":{"_acf_changed":false,"_glsr_average":0,"_glsr_ranking":0,"_glsr_reviews":0},"product_brand":[],"product_cat":[149,1297],"product_tag":[],"class_list":{"0":"post-89078","1":"product","2":"type-product","3":"status-publish","4":"has-post-thumbnail","6":"product_cat-accessoires-poppers","7":"product_cat-deopts-de-rangement","9":"first","10":"instock","11":"taxable","12":"shipping-taxable","13":"purchasable","14":"product-type-simple"},"acf":[],"_links":{"self":[{"href":"https:\/\/dev.poppers-online.ch\/fr\/wp-json\/wp\/v2\/product\/89078","targetHints":{"allow":["GET"]}}],"collection":[{"href":"https:\/\/dev.poppers-online.ch\/fr\/wp-json\/wp\/v2\/product"}],"about":[{"href":"https:\/\/dev.poppers-online.ch\/fr\/wp-json\/wp\/v2\/types\/product"}],"replies":[{"embeddable":true,"href":"https:\/\/dev.poppers-online.ch\/fr\/wp-json\/wp\/v2\/comments?post=89078"}],"wp:featuredmedia":[{"embeddable":true,"href":"https:\/\/dev.poppers-online.ch\/fr\/wp-json\/wp\/v2\/media\/89998"}],"wp:attachment":[{"href":"https:\/\/dev.poppers-online.ch\/fr\/wp-json\/wp\/v2\/media?parent=89078"}],"wp:term":[{"taxonomy":"product_brand","embeddable":true,"href":"https:\/\/dev.poppers-online.ch\/fr\/wp-json\/wp\/v2\/product_brand?post=89078"},{"taxonomy":"product_cat","embeddable":true,"href":"https:\/\/dev.poppers-online.ch\/fr\/wp-json\/wp\/v2\/product_cat?post=89078"},{"taxonomy":"product_tag","embeddable":true,"href":"https:\/\/dev.poppers-online.ch\/fr\/wp-json\/wp\/v2\/product_tag?post=89078"}],"curies":[{"name":"wp","href":"https:\/\/api.w.org\/{rel}","templated":true}]}}