{"id":89189,"date":"2024-03-12T14:51:20","date_gmt":"2024-03-12T14:11:03","guid":{"rendered":"https:\/\/poppers-online.ch\/?post_type=product&#038;p=89189"},"modified":"2024-11-22T09:52:08","modified_gmt":"2024-11-22T08:52:08","slug":"working-stiff-the-lifeguard-calexotics-dildo","status":"publish","type":"product","link":"https:\/\/dev.poppers-online.ch\/fr\/produit\/working-stiff-the-lifeguard-calexotics-dildo\/","title":{"rendered":"Working Stiff &#8211; The Lifeguard CalExotics Dildo"},"content":{"rendered":"","protected":false},"excerpt":{"rendered":"<p>Le <strong>gode Working Stiff &#8211; The Lifeguard CalExotics Dildo<\/strong> est l\u00e0 pour te sauver et r\u00e9aliser tous tes fantasmes sexuels de l&rsquo;\u00e9t\u00e9 ! Sois pr\u00eat \u00e0 t&rsquo;amuser beaucoup avec la petite mais puissante queue de ton nageur sauveteur pr\u00e9f\u00e9r\u00e9 et \u00e0 vivre des sensations de plaisir \u00e0 un autre niveau.<\/p>\n<p>La mati\u00e8re TPE agr\u00e9able et agr\u00e9able pour le corps, associ\u00e9e au design plein de veines et de testicules r\u00e9alistes, font des p\u00e9n\u00e9trations avec cette queue puissante un plaisir br\u00fblant. Tu auras l&rsquo;impression d&rsquo;avoir \u00e9t\u00e9 proprement pass\u00e9 au crible sur la plage ou dans une petite crique cach\u00e9e.<\/p>\n<p>Au bas du godemich\u00e9, tu trouveras une ventouse qui te permettra de fixer le Lifeguard sur des surfaces lisses afin de chevaucher horizontalement ou verticalement le p\u00e9nis de ce nageur sauveteur passionn\u00e9. De cette mani\u00e8re, tu as les mains libres pour masser ton propre p\u00e9nis et profiter d&rsquo;une double stimulation incomparable, qui te poussera \u00e0 coup s\u00fbr \u00e0 l&rsquo;orgasme. Le godemich\u00e9 peut \u00e9galement \u00eatre utilis\u00e9 avec des harnais.<\/p>\n<p>Pour profiter au maximum de la queue du Lifeguard et pour qu&rsquo;elle glisse parfaitement dans ton trou, applique un peu de lubrifiant \u00e0 base d&rsquo;eau. Apr\u00e8s utilisation, lave-le \u00e0 l&rsquo;eau chaude et au savon doux ou avec un nettoyant sp\u00e9cial pour sextoys, puis laisse-le s\u00e9cher compl\u00e8tement \u00e0 l&rsquo;air libre.<\/p>\n<p><strong>D\u00e9tails du produit :<\/strong><br \/>\n\u2713 Design r\u00e9aliste<br \/>\n\u2713 Ventouse puissante<br \/>\n\u2713 Doux pour le corps et sans phtalates<br \/>\n\u2713 Mat\u00e9riau flexible, confortable et imperm\u00e9able<br \/>\n\u2713 Utilisable avec des harengs<br \/>\n\u2713 Compatible avec les lubrifiants \u00e0 base d&rsquo;eau<br \/>\n\u2713 Facile \u00e0 utiliser et \u00e0 nettoyer<\/p>\n<p>longueur totale : environ 16 cm<br \/>\nLongueur d&rsquo;insertion : environ 11,5 cm<br \/>\nDiam\u00e8tre d&rsquo;insertion : environ 3,75 cm<br \/>\nMat\u00e9riau : TPE<br \/>\nCouleur : Couleur de peau bronz\u00e9e<\/p>\n","protected":false},"featured_media":89123,"comment_status":"open","ping_status":"closed","template":"","meta":{"_acf_changed":false,"_glsr_average":0,"_glsr_ranking":0,"_glsr_reviews":0},"product_brand":[],"product_cat":[2085,171],"product_tag":[],"class_list":{"0":"post-89189","1":"product","2":"type-product","3":"status-publish","4":"has-post-thumbnail","6":"product_cat-anal-play","7":"product_cat-sex-toys","9":"first","10":"instock","11":"taxable","12":"shipping-taxable","13":"purchasable","14":"product-type-simple"},"acf":[],"_links":{"self":[{"href":"https:\/\/dev.poppers-online.ch\/fr\/wp-json\/wp\/v2\/product\/89189","targetHints":{"allow":["GET"]}}],"collection":[{"href":"https:\/\/dev.poppers-online.ch\/fr\/wp-json\/wp\/v2\/product"}],"about":[{"href":"https:\/\/dev.poppers-online.ch\/fr\/wp-json\/wp\/v2\/types\/product"}],"replies":[{"embeddable":true,"href":"https:\/\/dev.poppers-online.ch\/fr\/wp-json\/wp\/v2\/comments?post=89189"}],"wp:featuredmedia":[{"embeddable":true,"href":"https:\/\/dev.poppers-online.ch\/fr\/wp-json\/wp\/v2\/media\/89123"}],"wp:attachment":[{"href":"https:\/\/dev.poppers-online.ch\/fr\/wp-json\/wp\/v2\/media?parent=89189"}],"wp:term":[{"taxonomy":"product_brand","embeddable":true,"href":"https:\/\/dev.poppers-online.ch\/fr\/wp-json\/wp\/v2\/product_brand?post=89189"},{"taxonomy":"product_cat","embeddable":true,"href":"https:\/\/dev.poppers-online.ch\/fr\/wp-json\/wp\/v2\/product_cat?post=89189"},{"taxonomy":"product_tag","embeddable":true,"href":"https:\/\/dev.poppers-online.ch\/fr\/wp-json\/wp\/v2\/product_tag?post=89189"}],"curies":[{"name":"wp","href":"https:\/\/api.w.org\/{rel}","templated":true}]}}