{"id":91656,"date":"2024-04-24T12:17:24","date_gmt":"2024-04-24T10:22:20","guid":{"rendered":"https:\/\/poppers-online.ch\/produkt\/cock-and-ball-strap-titus-silicon-series\/"},"modified":"2025-01-22T18:39:00","modified_gmt":"2025-01-22T17:39:00","slug":"cock-and-ball-strap-titus-silicon-series","status":"publish","type":"product","link":"https:\/\/dev.poppers-online.ch\/fr\/produit\/cock-and-ball-strap-titus-silicon-series\/","title":{"rendered":"Cock and Ball Strap Titus Silicon Series"},"content":{"rendered":"","protected":false},"excerpt":{"rendered":"<p><b>Cock and Ball Strap Titus Silicon Series <\/b><span style=\"font-weight: 400;\">en silicone souple apporte de la vari\u00e9t\u00e9. Vous pouvez facilement r\u00e9gler le Cock et Ball Strap en trois tailles diff\u00e9rentes pour renforcer votre \u00e9rection. Cette pi\u00e8ce comprime la base de votre queue et de vos couilles pour une meilleure \u00e9rection et des sensations plus fortes lors de la pr\u00e9paration \u00e0 l&rsquo;orgasme. Les boutons-pression robustes sont faciles \u00e0 utiliser et vous pouvez facilement changer la taille de l&rsquo;anneau en 35 mm, 45 mm ou 55 mm. C&rsquo;est id\u00e9al pour les sessions prolong\u00e9es ou pour le port pendant la journ\u00e9e. Le silicone de haute qualit\u00e9 se sent comme une seconde peau, m\u00eame sur une longue p\u00e9riode. Fonctionne parfaitement avec les lubrifiants \u00e0 base d&rsquo;eau ou hybrides.<\/span><\/p>\n","protected":false},"featured_media":91652,"comment_status":"open","ping_status":"closed","template":"","meta":{"_acf_changed":false,"_glsr_average":0,"_glsr_ranking":0,"_glsr_reviews":0},"product_brand":[],"product_cat":[2088,2091,171],"product_tag":[],"class_list":{"0":"post-91656","1":"product","2":"type-product","3":"status-publish","4":"has-post-thumbnail","6":"product_cat-ball-play","7":"product_cat-cock-play","8":"product_cat-sex-toys","10":"first","11":"instock","12":"taxable","13":"shipping-taxable","14":"purchasable","15":"product-type-simple"},"acf":[],"_links":{"self":[{"href":"https:\/\/dev.poppers-online.ch\/fr\/wp-json\/wp\/v2\/product\/91656","targetHints":{"allow":["GET"]}}],"collection":[{"href":"https:\/\/dev.poppers-online.ch\/fr\/wp-json\/wp\/v2\/product"}],"about":[{"href":"https:\/\/dev.poppers-online.ch\/fr\/wp-json\/wp\/v2\/types\/product"}],"replies":[{"embeddable":true,"href":"https:\/\/dev.poppers-online.ch\/fr\/wp-json\/wp\/v2\/comments?post=91656"}],"wp:featuredmedia":[{"embeddable":true,"href":"https:\/\/dev.poppers-online.ch\/fr\/wp-json\/wp\/v2\/media\/91652"}],"wp:attachment":[{"href":"https:\/\/dev.poppers-online.ch\/fr\/wp-json\/wp\/v2\/media?parent=91656"}],"wp:term":[{"taxonomy":"product_brand","embeddable":true,"href":"https:\/\/dev.poppers-online.ch\/fr\/wp-json\/wp\/v2\/product_brand?post=91656"},{"taxonomy":"product_cat","embeddable":true,"href":"https:\/\/dev.poppers-online.ch\/fr\/wp-json\/wp\/v2\/product_cat?post=91656"},{"taxonomy":"product_tag","embeddable":true,"href":"https:\/\/dev.poppers-online.ch\/fr\/wp-json\/wp\/v2\/product_tag?post=91656"}],"curies":[{"name":"wp","href":"https:\/\/api.w.org\/{rel}","templated":true}]}}