{"id":91670,"date":"2024-04-24T12:56:52","date_gmt":"2024-04-24T10:56:52","guid":{"rendered":"https:\/\/poppers-online.ch\/produkt\/douche-anale-kinky-monster-percee-sur-le-cote-15cm\/"},"modified":"2025-12-02T17:20:38","modified_gmt":"2025-12-02T16:20:38","slug":"douche-anale-kinky-monster-percee-sur-le-cote-15cm","status":"publish","type":"product","link":"https:\/\/dev.poppers-online.ch\/fr\/produit\/douche-anale-kinky-monster-percee-sur-le-cote-15cm\/","title":{"rendered":"Douche anale Kinky Monster perc\u00e9e sur le c\u00f4t\u00e9 15cm"},"content":{"rendered":"","protected":false},"excerpt":{"rendered":"<p>L&rsquo;irrigation anale fait partie de la pr\u00e9paration au sexe anal prolong\u00e9. Si tu te sens propre de l&rsquo;int\u00e9rieur, tu peux encore mieux te d\u00e9tendre et tu n&rsquo;as pas \u00e0 craindre les mauvaises surprises. Ce petit embout de douche pratique s&rsquo;adapte \u00e0 tous les flexibles de douche \u00bd pouce habituels. Il est pr\u00e9f\u00e9rable d&rsquo;ins\u00e9rer la pomme de douche lorsque l&rsquo;eau est en train de couler. Tu peux aussi utiliser un peu de lubrifiant \u00e0 cet effet. Vous devez garder l&rsquo;eau dans le rectum pendant environ 20 secondes, avec 3 r\u00e9p\u00e9titions.<\/p>\n<p>La <strong>douche anale Kinky Monster perc\u00e9e lat\u00e9ralement 15cm<\/strong> est relativement courte et avec un diam\u00e8tre d&rsquo;environ 2 cm, elle convient tr\u00e8s bien aux d\u00e9butants. Les trous lat\u00e9raux r\u00e9solvent un probl\u00e8me connu de nettoyage anal. Vous n&rsquo;avez plus \u00e0 craindre que le jet d&rsquo;eau dure de votre douche anale ne s&rsquo;engouffre dans vos intestins. Les trous lat\u00e9raux assurent un jet d&rsquo;eau lat\u00e9ral intense. Ainsi, le jet d&rsquo;eau est divis\u00e9 de telle sorte qu&rsquo;il ne s&rsquo;\u00e9coule lat\u00e9ralement que jusqu&rsquo;au rectum, ce qui rend le rin\u00e7age anal beaucoup plus agr\u00e9able pour toi. Le mat\u00e9riau en acier inoxydable est robuste et assure une surface tr\u00e8s lisse et une longue dur\u00e9e de vie. Poids 70g.<\/p>\n","protected":false},"featured_media":91661,"comment_status":"open","ping_status":"closed","template":"","meta":{"_acf_changed":false,"_glsr_average":0,"_glsr_ranking":0,"_glsr_reviews":0},"product_brand":[],"product_cat":[2064,166],"product_tag":[],"class_list":{"0":"post-91670","1":"product","2":"type-product","3":"status-publish","4":"has-post-thumbnail","6":"product_cat-douche-anale","7":"product_cat-droguerie","9":"first","10":"instock","11":"taxable","12":"shipping-taxable","13":"purchasable","14":"product-type-simple"},"acf":[],"_links":{"self":[{"href":"https:\/\/dev.poppers-online.ch\/fr\/wp-json\/wp\/v2\/product\/91670","targetHints":{"allow":["GET"]}}],"collection":[{"href":"https:\/\/dev.poppers-online.ch\/fr\/wp-json\/wp\/v2\/product"}],"about":[{"href":"https:\/\/dev.poppers-online.ch\/fr\/wp-json\/wp\/v2\/types\/product"}],"replies":[{"embeddable":true,"href":"https:\/\/dev.poppers-online.ch\/fr\/wp-json\/wp\/v2\/comments?post=91670"}],"wp:featuredmedia":[{"embeddable":true,"href":"https:\/\/dev.poppers-online.ch\/fr\/wp-json\/wp\/v2\/media\/91661"}],"wp:attachment":[{"href":"https:\/\/dev.poppers-online.ch\/fr\/wp-json\/wp\/v2\/media?parent=91670"}],"wp:term":[{"taxonomy":"product_brand","embeddable":true,"href":"https:\/\/dev.poppers-online.ch\/fr\/wp-json\/wp\/v2\/product_brand?post=91670"},{"taxonomy":"product_cat","embeddable":true,"href":"https:\/\/dev.poppers-online.ch\/fr\/wp-json\/wp\/v2\/product_cat?post=91670"},{"taxonomy":"product_tag","embeddable":true,"href":"https:\/\/dev.poppers-online.ch\/fr\/wp-json\/wp\/v2\/product_tag?post=91670"}],"curies":[{"name":"wp","href":"https:\/\/api.w.org\/{rel}","templated":true}]}}