{"id":91822,"date":"2024-04-25T12:59:17","date_gmt":"2024-04-25T11:10:32","guid":{"rendered":"https:\/\/poppers-online.ch\/?post_type=product&#038;p=91822"},"modified":"2024-10-15T23:15:39","modified_gmt":"2024-10-15T21:15:39","slug":"hit-hold-release-livre-de-poche-un-quickie-poppers-pour-adultes-gays-edition-anglaise-vol-2","status":"publish","type":"product","link":"https:\/\/dev.poppers-online.ch\/fr\/produit\/hit-hold-release-livre-de-poche-un-quickie-poppers-pour-adultes-gays-edition-anglaise-vol-2\/","title":{"rendered":"Hit Hold Release &#8211; Livre de poche &#8211; Un Quickie Poppers pour Adultes Gays &#8211; \u00c9dition Anglaise Vol.2"},"content":{"rendered":"","protected":false},"excerpt":{"rendered":"<p>Hit Hold Release &#8211; Livre de poche &#8211; Un Quickie Poppers pour Adultes Gays &#8211; \u00c9dition Anglaise Vol.2<\/p>\n<p>La deuxi\u00e8me \u00e9dition du tout premier livre porno gay sur les poppers, intitul\u00e9 \u00ab\u00a0Hit Hold Release\u00a0\u00bb, est sortie ! <strong>Tim Willems<\/strong> a r\u00e9pondu aux appels de ses fans en leur offrant une suite et en publiant un petit livre pour une exp\u00e9rience rapide avec les poppers. Les histoires gays sont courtes, excitantes et brutales &#8211; de nouvelles aventures de Tim et de ses potes des poppers venant de diff\u00e9rentes nations. Tout comme dans le premier livre, le point fort de cette \u00e9dition est le programme d&rsquo;entra\u00eenement aux poppers. Tim t&#8217;emm\u00e8ne \u00e0 nouveau dans un voyage o\u00f9 tu inhaleras, retiendras et expireras des poppers selon ses instructions. Pendant ce temps, le porno le plus chaud d\u00e9filera dans ton esprit : celui que ton imagination et les images que Tim te remettra en t\u00eate cr\u00e9eront ensemble. Tu peux te laisser totalement guider par lui lorsqu&rsquo;il prononce les mots magiques. Tu vas adorer \u00e7a ! Alors maintenant, prends tes poppers et lance-toi !<\/p>\n<p><strong>HIT ! <\/strong><\/p>\n<p><strong>HOLD ! <\/strong><\/p>\n<p><strong>RELEASE !<\/strong><\/p>\n","protected":false},"featured_media":91819,"comment_status":"open","ping_status":"closed","template":"","meta":{"_acf_changed":false,"_glsr_average":0,"_glsr_ranking":0,"_glsr_reviews":0},"product_brand":[],"product_cat":[149],"product_tag":[],"class_list":{"0":"post-91822","1":"product","2":"type-product","3":"status-publish","4":"has-post-thumbnail","6":"product_cat-accessoires-poppers","8":"first","9":"instock","10":"taxable","11":"shipping-taxable","12":"purchasable","13":"product-type-simple"},"acf":[],"_links":{"self":[{"href":"https:\/\/dev.poppers-online.ch\/fr\/wp-json\/wp\/v2\/product\/91822","targetHints":{"allow":["GET"]}}],"collection":[{"href":"https:\/\/dev.poppers-online.ch\/fr\/wp-json\/wp\/v2\/product"}],"about":[{"href":"https:\/\/dev.poppers-online.ch\/fr\/wp-json\/wp\/v2\/types\/product"}],"replies":[{"embeddable":true,"href":"https:\/\/dev.poppers-online.ch\/fr\/wp-json\/wp\/v2\/comments?post=91822"}],"wp:featuredmedia":[{"embeddable":true,"href":"https:\/\/dev.poppers-online.ch\/fr\/wp-json\/wp\/v2\/media\/91819"}],"wp:attachment":[{"href":"https:\/\/dev.poppers-online.ch\/fr\/wp-json\/wp\/v2\/media?parent=91822"}],"wp:term":[{"taxonomy":"product_brand","embeddable":true,"href":"https:\/\/dev.poppers-online.ch\/fr\/wp-json\/wp\/v2\/product_brand?post=91822"},{"taxonomy":"product_cat","embeddable":true,"href":"https:\/\/dev.poppers-online.ch\/fr\/wp-json\/wp\/v2\/product_cat?post=91822"},{"taxonomy":"product_tag","embeddable":true,"href":"https:\/\/dev.poppers-online.ch\/fr\/wp-json\/wp\/v2\/product_tag?post=91822"}],"curies":[{"name":"wp","href":"https:\/\/api.w.org\/{rel}","templated":true}]}}