{"id":91826,"date":"2024-04-25T12:30:54","date_gmt":"2024-04-25T11:13:36","guid":{"rendered":"https:\/\/poppers-online.ch\/produkt\/couvercle-a-fermeture-confort-taille-de-filetage-small-5-pieces\/"},"modified":"2024-06-17T12:17:30","modified_gmt":"2024-06-17T10:17:30","slug":"couvercle-a-fermeture-confort-taille-de-filetage-small-5-pieces","status":"publish","type":"product","link":"https:\/\/dev.poppers-online.ch\/fr\/produit\/couvercle-a-fermeture-confort-taille-de-filetage-small-5-pieces\/","title":{"rendered":"Couvercle \u00e0 fermeture confort Taille de filetage small &#8211; 5 pi\u00e8ces"},"content":{"rendered":"","protected":false},"excerpt":{"rendered":"<p><span style=\"font-weight: 400\">La fermeture \u00e0 l&rsquo;\u00e9preuve des enfants est l&rsquo;une des innombrables prescriptions permettant de mettre sur le march\u00e9 diff\u00e9rentes sortes de poppers conform\u00e9ment \u00e0 la r\u00e9glementation. Nous respectons en permanence ces r\u00e8gles strictes de distribution des poppers. Le bouchon \u00e0 l&rsquo;\u00e9preuve des enfants est toutefois g\u00eanant \u00e0 l&rsquo;usage, en particulier lorsque les choses se bousculent et que vous souhaitez ouvrir le flacon de poppers facilement et rapidement. Ces couvercles confortables de haute qualit\u00e9, sans fermeture de s\u00e9curit\u00e9 pour les enfants, sont parfaitement \u00e9tanches et conviennent \u00e9galement pour le stockage permanent des poppers apr\u00e8s la session. Ces <strong>bouchons confort \u00e0 pas de vis small &#8211; 5 pi\u00e8ces &#8211;<\/strong> s&rsquo;adaptent \u00e0 toutes les bouteilles des fabricants Lockerroom, Oxymoron, Shelbora et Royal Hexagon. Les bouchons ne s&rsquo;adaptent pas aux bouteilles Retro-Line 25ml de Lockerroom. Remarque : si des enfants vivent dans votre foyer et que vous remplacez en permanence le couvercle de la bouteille de poppers pour votre confort, pensez \u00e0 vos enfants : veuillez ne pas laisser les bouteilles de poppers \u00e0 la port\u00e9e des enfants !<\/span><\/p>\n","protected":false},"featured_media":91806,"comment_status":"open","ping_status":"closed","template":"","meta":{"_acf_changed":false,"_glsr_average":0,"_glsr_ranking":0,"_glsr_reviews":0},"product_brand":[],"product_cat":[149,1294],"product_tag":[],"class_list":{"0":"post-91826","1":"product","2":"type-product","3":"status-publish","4":"has-post-thumbnail","6":"product_cat-accessoires-poppers","7":"product_cat-aroma-toppers","8":"pa_aroma-topper-gewindegroesse-pour-taille-de-filetage-small","10":"first","11":"instock","12":"sale","13":"taxable","14":"shipping-taxable","15":"purchasable","16":"product-type-simple"},"acf":[],"_links":{"self":[{"href":"https:\/\/dev.poppers-online.ch\/fr\/wp-json\/wp\/v2\/product\/91826","targetHints":{"allow":["GET"]}}],"collection":[{"href":"https:\/\/dev.poppers-online.ch\/fr\/wp-json\/wp\/v2\/product"}],"about":[{"href":"https:\/\/dev.poppers-online.ch\/fr\/wp-json\/wp\/v2\/types\/product"}],"replies":[{"embeddable":true,"href":"https:\/\/dev.poppers-online.ch\/fr\/wp-json\/wp\/v2\/comments?post=91826"}],"wp:featuredmedia":[{"embeddable":true,"href":"https:\/\/dev.poppers-online.ch\/fr\/wp-json\/wp\/v2\/media\/91806"}],"wp:attachment":[{"href":"https:\/\/dev.poppers-online.ch\/fr\/wp-json\/wp\/v2\/media?parent=91826"}],"wp:term":[{"taxonomy":"product_brand","embeddable":true,"href":"https:\/\/dev.poppers-online.ch\/fr\/wp-json\/wp\/v2\/product_brand?post=91826"},{"taxonomy":"product_cat","embeddable":true,"href":"https:\/\/dev.poppers-online.ch\/fr\/wp-json\/wp\/v2\/product_cat?post=91826"},{"taxonomy":"product_tag","embeddable":true,"href":"https:\/\/dev.poppers-online.ch\/fr\/wp-json\/wp\/v2\/product_tag?post=91826"}],"curies":[{"name":"wp","href":"https:\/\/api.w.org\/{rel}","templated":true}]}}