{"id":92539,"date":"2024-05-02T14:00:09","date_gmt":"2024-05-02T15:28:13","guid":{"rendered":"https:\/\/poppers-online.ch\/produkt\/toyjoy-get-real-the-hand-gode-anal-36-cm\/"},"modified":"2024-05-02T17:28:13","modified_gmt":"2024-05-02T15:28:13","slug":"toyjoy-get-real-the-hand-gode-anal-36-cm","status":"publish","type":"product","link":"https:\/\/dev.poppers-online.ch\/fr\/produit\/toyjoy-get-real-the-hand-gode-anal-36-cm\/","title":{"rendered":"ToyJoy Get Real The Hand Gode anal 36 cm"},"content":{"rendered":"","protected":false},"excerpt":{"rendered":"<p><strong>ToyJoy Get Real The Hand Anal Dildo 36 cm<\/strong> &#8211; Plongez dans les sensations excitantes de la main extr\u00eame de ToyJoy Get Real pendant qu&rsquo;elle explore d\u00e9licatement votre anus ou toute autre partie de votre corps. Cette main r\u00e9aliste de 36 cm de long poss\u00e8de des doigts ferm\u00e9s et un avant-bras complet qui stimuleront votre imagination. Fabriqu\u00e9 en PVC, il vous offre du plaisir en toute s\u00e9curit\u00e9 gr\u00e2ce \u00e0 son mat\u00e9riau sans phtalate, pour que vous puissiez vous d\u00e9tendre pleinement.<\/p>\n","protected":false},"featured_media":92367,"comment_status":"open","ping_status":"closed","template":"","meta":{"_acf_changed":false,"_glsr_average":0,"_glsr_ranking":0,"_glsr_reviews":0},"product_brand":[],"product_cat":[2085,171],"product_tag":[],"class_list":{"0":"post-92539","1":"product","2":"type-product","3":"status-publish","4":"has-post-thumbnail","6":"product_cat-anal-play","7":"product_cat-sex-toys","9":"first","10":"instock","11":"taxable","12":"shipping-taxable","13":"purchasable","14":"product-type-simple"},"acf":[],"_links":{"self":[{"href":"https:\/\/dev.poppers-online.ch\/fr\/wp-json\/wp\/v2\/product\/92539","targetHints":{"allow":["GET"]}}],"collection":[{"href":"https:\/\/dev.poppers-online.ch\/fr\/wp-json\/wp\/v2\/product"}],"about":[{"href":"https:\/\/dev.poppers-online.ch\/fr\/wp-json\/wp\/v2\/types\/product"}],"replies":[{"embeddable":true,"href":"https:\/\/dev.poppers-online.ch\/fr\/wp-json\/wp\/v2\/comments?post=92539"}],"wp:featuredmedia":[{"embeddable":true,"href":"https:\/\/dev.poppers-online.ch\/fr\/wp-json\/wp\/v2\/media\/92367"}],"wp:attachment":[{"href":"https:\/\/dev.poppers-online.ch\/fr\/wp-json\/wp\/v2\/media?parent=92539"}],"wp:term":[{"taxonomy":"product_brand","embeddable":true,"href":"https:\/\/dev.poppers-online.ch\/fr\/wp-json\/wp\/v2\/product_brand?post=92539"},{"taxonomy":"product_cat","embeddable":true,"href":"https:\/\/dev.poppers-online.ch\/fr\/wp-json\/wp\/v2\/product_cat?post=92539"},{"taxonomy":"product_tag","embeddable":true,"href":"https:\/\/dev.poppers-online.ch\/fr\/wp-json\/wp\/v2\/product_tag?post=92539"}],"curies":[{"name":"wp","href":"https:\/\/api.w.org\/{rel}","templated":true}]}}