{"id":92545,"date":"2024-05-02T15:50:51","date_gmt":"2024-05-02T15:28:15","guid":{"rendered":"https:\/\/poppers-online.ch\/produkt\/anneau-penien-en-caoutchouc-noir-calexotics-small\/"},"modified":"2025-02-26T16:56:41","modified_gmt":"2025-02-26T15:56:41","slug":"anneau-penien-en-caoutchouc-noir-calexotics-small","status":"publish","type":"product","link":"https:\/\/dev.poppers-online.ch\/fr\/produit\/anneau-penien-en-caoutchouc-noir-calexotics-small\/","title":{"rendered":"Anneau p\u00e9nien en caoutchouc noir CalExotics &#8211; Small"},"content":{"rendered":"","protected":false},"excerpt":{"rendered":"<p>\u00c9tendez et approfondissez vos rencontres sensuelles avec le robuste <strong>CalExotics Black Rubber Cock Ring &#8211; Small.<\/strong> Facile \u00e0 utiliser, cet amplificateur d&rsquo;\u00e9rection est agr\u00e9able \u00e0 porter et convient parfaitement aux moments de plaisir personnel ainsi qu&rsquo;aux pr\u00e9liminaires passionn\u00e9s avec votre partenaire. Utilisez l&rsquo;anneau en caoutchouc flexible pour explorer vos fantasmes secrets et vos d\u00e9sirs les plus profonds. L&rsquo;anneau p\u00e9nien favorise la stimulation de l&rsquo;excitation et garantit \u00e0 chaque fois un plaisir sans limite pour les adultes. Cet amplificateur confortable est con\u00e7u pour maintenir l&rsquo;\u00e9rection et prolonger la dur\u00e9e de la performance. Fabriqu\u00e9 en caoutchouc souple et lisse, l&rsquo;anneau glisse facilement sur le p\u00e9nis en \u00e9rection pour offrir une stimulation suppl\u00e9mentaire lors d&rsquo;aventures sensuelles. Pour augmenter la sensibilit\u00e9 et obtenir des orgasmes encore plus intenses, nous vous recommandons d&rsquo;utiliser un lubrifiant de qualit\u00e9 avec ce jouet. Faites passer chaque exp\u00e9rience sensuelle \u00e0 un niveau sup\u00e9rieur avec cet accessoire polyvalent. Parfait pour les d\u00e9butants et les exp\u00e9riment\u00e9s, l&rsquo;amplificateur est id\u00e9al pour les explorations \u00e9rotiques spontan\u00e9es. Facile \u00e0 mettre en place et parfait pour une utilisation avec votre stimulateur vibrant pr\u00e9f\u00e9r\u00e9. Glissez-vous dans l&rsquo;anneau extensible et pr\u00e9parez-vous \u00e0 des sensations sensuelles sans limites et \u00e0 des jeux intimes prolong\u00e9s. L&rsquo;amplificateur en caoutchouc flexible maximisera \u00e0 coup s\u00fbr votre plaisir et vos d\u00e9sirs. Avant et apr\u00e8s chaque utilisation, vous devez nettoyer l&rsquo;anneau en caoutchouc avec un spray nettoyant pour jouets ou le laver dans de l&rsquo;eau chaude et savonneuse.<\/p>\n<p>&nbsp;<\/p>\n<div class=\"info-block--item\">\n<div>Diam\u00e8tre : 3,25 cm<\/div>\n<\/div>\n<div class=\"info-block--item\">\n<div>R\u00e9sistance \u00e0 l&rsquo;eau : \u00e9tanche<\/div>\n<\/div>\n<div class=\"info-block--item\">\n<div>Mat\u00e9riau : caoutchouc<\/div>\n<\/div>\n","protected":false},"featured_media":92475,"comment_status":"open","ping_status":"closed","template":"","meta":{"_acf_changed":false,"_glsr_average":0,"_glsr_ranking":0,"_glsr_reviews":0},"product_brand":[],"product_cat":[2091,171],"product_tag":[],"class_list":{"0":"post-92545","1":"product","2":"type-product","3":"status-publish","4":"has-post-thumbnail","6":"product_cat-cock-play","7":"product_cat-sex-toys","9":"first","10":"instock","11":"taxable","12":"shipping-taxable","13":"purchasable","14":"product-type-simple"},"acf":[],"_links":{"self":[{"href":"https:\/\/dev.poppers-online.ch\/fr\/wp-json\/wp\/v2\/product\/92545","targetHints":{"allow":["GET"]}}],"collection":[{"href":"https:\/\/dev.poppers-online.ch\/fr\/wp-json\/wp\/v2\/product"}],"about":[{"href":"https:\/\/dev.poppers-online.ch\/fr\/wp-json\/wp\/v2\/types\/product"}],"replies":[{"embeddable":true,"href":"https:\/\/dev.poppers-online.ch\/fr\/wp-json\/wp\/v2\/comments?post=92545"}],"wp:featuredmedia":[{"embeddable":true,"href":"https:\/\/dev.poppers-online.ch\/fr\/wp-json\/wp\/v2\/media\/92475"}],"wp:attachment":[{"href":"https:\/\/dev.poppers-online.ch\/fr\/wp-json\/wp\/v2\/media?parent=92545"}],"wp:term":[{"taxonomy":"product_brand","embeddable":true,"href":"https:\/\/dev.poppers-online.ch\/fr\/wp-json\/wp\/v2\/product_brand?post=92545"},{"taxonomy":"product_cat","embeddable":true,"href":"https:\/\/dev.poppers-online.ch\/fr\/wp-json\/wp\/v2\/product_cat?post=92545"},{"taxonomy":"product_tag","embeddable":true,"href":"https:\/\/dev.poppers-online.ch\/fr\/wp-json\/wp\/v2\/product_tag?post=92545"}],"curies":[{"name":"wp","href":"https:\/\/api.w.org\/{rel}","templated":true}]}}