{"id":92610,"date":"2024-05-02T20:41:46","date_gmt":"2024-05-02T18:41:46","guid":{"rendered":"https:\/\/poppers-online.ch\/produkt\/calexotics-admiral-liquid-silicone-beaded-extension\/"},"modified":"2024-05-02T20:47:04","modified_gmt":"2024-05-02T18:47:04","slug":"calexotics-admiral-liquid-silicone-beaded-extension","status":"publish","type":"product","link":"https:\/\/dev.poppers-online.ch\/fr\/produit\/calexotics-admiral-liquid-silicone-beaded-extension\/","title":{"rendered":"CalExotics Admiral Liquid Silicone Beaded Extension"},"content":{"rendered":"","protected":false},"excerpt":{"rendered":"<p>Embarquez pour un voyage dans un oc\u00e9an de plaisirs inexplor\u00e9s avec le <strong>CalExotics Admiral Liquid Silicone Beaded Extension<\/strong>. Cet amplificateur extra large entoure fermement votre outil de plaisir pour maximiser la circonf\u00e9rence, le soutien et l&rsquo;excitation. Tandis que vous excitez votre amant avec la circonf\u00e9rence croissante et la texture BEDDED, le soutien puissant de l&rsquo;\u00e9rection et la chambre \u00e9troite de l&rsquo;amplificateur \u00e9panouissant conduisent \u00e0 des points culminants explosifs pour vous deux. La manche amplificatrice \u00e9rotique, faite d&rsquo;un mat\u00e9riau ultra extensible et d&rsquo;un compartiment spacieux, est con\u00e7ue pour s&rsquo;adapter m\u00eame aux hommes les plus grands. La chambre structur\u00e9e et la sangle testiculaire int\u00e9gr\u00e9e apportent une stimulation suppl\u00e9mentaire et un soutien puissant. Enveloppez votre outil de plaisir avec cette manche super extensible pour augmenter facilement l&rsquo;endurance, la stimulation et le plaisir orgasmique. L&rsquo;amplificateur flexible est fabriqu\u00e9 en silicone liquide, un mat\u00e9riau plus doux, plus lisse et plus durable, fait pour une sensation douce et serr\u00e9e. Ce mat\u00e9riau respectueux du corps est inodore et sans phtalate pour garder vos parties les plus sensibles heureuses et en bonne sant\u00e9.<\/p>\n<p>&nbsp;<\/p>\n<p><strong>Dimensions du produit<\/strong>: 10,3 x 4,5 cm<\/p>\n<p>Longueur totale : 10,3 cm<\/p>\n<p>Diam\u00e8tre : 3,3 cm<\/p>\n<p>Mat\u00e9riau : silicone<\/p>\n","protected":false},"featured_media":92606,"comment_status":"open","ping_status":"closed","template":"","meta":{"_acf_changed":false,"_glsr_average":0,"_glsr_ranking":0,"_glsr_reviews":0},"product_brand":[],"product_cat":[2097,2091,171],"product_tag":[],"class_list":{"0":"post-92610","1":"product","2":"type-product","3":"status-publish","4":"has-post-thumbnail","6":"product_cat-agrandir-penis","7":"product_cat-cock-play","8":"product_cat-sex-toys","10":"first","11":"outofstock","12":"taxable","13":"shipping-taxable","14":"purchasable","15":"product-type-simple"},"acf":[],"_links":{"self":[{"href":"https:\/\/dev.poppers-online.ch\/fr\/wp-json\/wp\/v2\/product\/92610","targetHints":{"allow":["GET"]}}],"collection":[{"href":"https:\/\/dev.poppers-online.ch\/fr\/wp-json\/wp\/v2\/product"}],"about":[{"href":"https:\/\/dev.poppers-online.ch\/fr\/wp-json\/wp\/v2\/types\/product"}],"replies":[{"embeddable":true,"href":"https:\/\/dev.poppers-online.ch\/fr\/wp-json\/wp\/v2\/comments?post=92610"}],"wp:featuredmedia":[{"embeddable":true,"href":"https:\/\/dev.poppers-online.ch\/fr\/wp-json\/wp\/v2\/media\/92606"}],"wp:attachment":[{"href":"https:\/\/dev.poppers-online.ch\/fr\/wp-json\/wp\/v2\/media?parent=92610"}],"wp:term":[{"taxonomy":"product_brand","embeddable":true,"href":"https:\/\/dev.poppers-online.ch\/fr\/wp-json\/wp\/v2\/product_brand?post=92610"},{"taxonomy":"product_cat","embeddable":true,"href":"https:\/\/dev.poppers-online.ch\/fr\/wp-json\/wp\/v2\/product_cat?post=92610"},{"taxonomy":"product_tag","embeddable":true,"href":"https:\/\/dev.poppers-online.ch\/fr\/wp-json\/wp\/v2\/product_tag?post=92610"}],"curies":[{"name":"wp","href":"https:\/\/api.w.org\/{rel}","templated":true}]}}