{"id":92665,"date":"2024-05-02T21:13:30","date_gmt":"2024-05-02T20:54:35","guid":{"rendered":"https:\/\/poppers-online.ch\/produkt\/calexotics-admiral-2-cock-ring-set\/"},"modified":"2024-05-02T22:54:35","modified_gmt":"2024-05-02T20:54:35","slug":"calexotics-admiral-2-cock-ring-set","status":"publish","type":"product","link":"https:\/\/dev.poppers-online.ch\/fr\/produit\/calexotics-admiral-2-cock-ring-set\/","title":{"rendered":"CalExotics Admiral 2 Cock Ring Set"},"content":{"rendered":"","protected":false},"excerpt":{"rendered":"<p>D\u00e9couvrez le <strong>CalExotics Admiral 2 Cock Ring Set<\/strong>, un duo d&rsquo;amplificateurs en silicone de premi\u00e8re qualit\u00e9, con\u00e7u pour am\u00e9liorer les performances et le plaisir. Dimensionn\u00e9s \u00e0 l&rsquo;entrejambe pour la polyvalence, ces anneaux extensibles et confortables assurent un ajustement fluide pour que vous puissiez vous concentrer sur le plaisir sans \u00eatre distrait. Utilis\u00e9s seuls ou ensemble, ils offrent un soutien suppl\u00e9mentaire pour une satisfaction plus forte et plus durable. Fabriqu\u00e9 en silicone respectueux du corps, l&rsquo;ensemble met l&rsquo;accent sur votre s\u00e9curit\u00e9 et votre confort et garantit une exp\u00e9rience sans souci. Explorer un plaisir et une performance accrus, que ce soit en augmentant l&rsquo;endurance ou en am\u00e9liorant les sensations. Donnez la priorit\u00e9 \u00e0 une sensibilit\u00e9 accrue et \u00e0 un plaisir durable avec cet ensemble d&rsquo;anneaux Admiral 2, polyvalent et efficace, qui r\u00e9pond \u00e0 vos d\u00e9sirs et valorise vos exp\u00e9riences intimes.<\/p>\n<p><strong>Information suppl\u00e9mentaire :<\/strong><\/p>\n<ul>\n<li>Jeu de 2 amplificateurs en silicone premium \u00e0 dimensionnement progressif<\/li>\n<li>Conception extensible, confortable, robuste et sans couture pour am\u00e9liorer les performances<\/li>\n<li>Peut \u00eatre utilis\u00e9 comme un seul anneau ou combin\u00e9 pour un renforcement suppl\u00e9mentaire<\/li>\n<li>Silicone respectueux du corps<\/li>\n<\/ul>\n<p><strong>Dimensions du produit :<\/strong><\/p>\n<ul>\n<li>4,5 cm (diam\u00e8tre &#8211; grand anneau) &amp; 5 cm (diam\u00e8tre &#8211; tr\u00e8s grand anneau)<\/li>\n<li>R\u00e9sistance \u00e0 l&rsquo;eau : \u00e9tanche<\/li>\n<li>Mat\u00e9riau : silicone<\/li>\n<\/ul>\n","protected":false},"featured_media":92624,"comment_status":"open","ping_status":"closed","template":"","meta":{"_acf_changed":false,"_glsr_average":0,"_glsr_ranking":0,"_glsr_reviews":0},"product_brand":[],"product_cat":[2091,171],"product_tag":[],"class_list":{"0":"post-92665","1":"product","2":"type-product","3":"status-publish","4":"has-post-thumbnail","6":"product_cat-cock-play","7":"product_cat-sex-toys","9":"first","10":"instock","11":"taxable","12":"shipping-taxable","13":"purchasable","14":"product-type-simple"},"acf":[],"_links":{"self":[{"href":"https:\/\/dev.poppers-online.ch\/fr\/wp-json\/wp\/v2\/product\/92665","targetHints":{"allow":["GET"]}}],"collection":[{"href":"https:\/\/dev.poppers-online.ch\/fr\/wp-json\/wp\/v2\/product"}],"about":[{"href":"https:\/\/dev.poppers-online.ch\/fr\/wp-json\/wp\/v2\/types\/product"}],"replies":[{"embeddable":true,"href":"https:\/\/dev.poppers-online.ch\/fr\/wp-json\/wp\/v2\/comments?post=92665"}],"wp:featuredmedia":[{"embeddable":true,"href":"https:\/\/dev.poppers-online.ch\/fr\/wp-json\/wp\/v2\/media\/92624"}],"wp:attachment":[{"href":"https:\/\/dev.poppers-online.ch\/fr\/wp-json\/wp\/v2\/media?parent=92665"}],"wp:term":[{"taxonomy":"product_brand","embeddable":true,"href":"https:\/\/dev.poppers-online.ch\/fr\/wp-json\/wp\/v2\/product_brand?post=92665"},{"taxonomy":"product_cat","embeddable":true,"href":"https:\/\/dev.poppers-online.ch\/fr\/wp-json\/wp\/v2\/product_cat?post=92665"},{"taxonomy":"product_tag","embeddable":true,"href":"https:\/\/dev.poppers-online.ch\/fr\/wp-json\/wp\/v2\/product_tag?post=92665"}],"curies":[{"name":"wp","href":"https:\/\/api.w.org\/{rel}","templated":true}]}}