{"id":92669,"date":"2024-05-02T22:55:33","date_gmt":"2024-05-02T21:10:25","guid":{"rendered":"https:\/\/poppers-online.ch\/produkt\/alpha-liquid-silicone-muscle-cock-ring\/"},"modified":"2024-05-02T23:10:25","modified_gmt":"2024-05-02T21:10:25","slug":"alpha-liquid-silicone-muscle-cock-ring","status":"publish","type":"product","link":"https:\/\/dev.poppers-online.ch\/fr\/produit\/alpha-liquid-silicone-muscle-cock-ring\/","title":{"rendered":"Alpha Liquid Silicone Muscle Cock Ring"},"content":{"rendered":"","protected":false},"excerpt":{"rendered":"<p>Des d\u00e9butants timides aux experts \u00e9rotiques, l&rsquo;<strong>Alpha Liquid Silicone Muscle Cock Ring<\/strong> vous enveloppera fermement dans le plaisir avec son anneau de renforcement ultra pelucheux et ultra extensible. Cet anneau ludique est compos\u00e9 d&rsquo;un silicone liquide ultra-extensible avec un accent unique de perles. Ce cockring extensible et confortable est con\u00e7u pour augmenter l&rsquo;endurance, am\u00e9liorer la sensibilit\u00e9 et fournir un soutien \u00e9rectile sup\u00e9rieur. Vivez un plaisir explosif alors que l&rsquo;anneau duveteux se contracte \u00e0 chaque mouvement. Le silicone liquide de haute qualit\u00e9 est doux, lisse, durable et \u00e9tanche.<\/p>\n<p><strong>Information suppl\u00e9mentaire :<\/strong><\/p>\n<ul>\n<li>Amplificateur en silicone liquide Premium<\/li>\n<li>Conception extensible, confortable, robuste et sans couture<\/li>\n<li>Silicone liquide : plus souple, plus lisse, plus durable et plus \u00e9tanche<\/li>\n<\/ul>\n<p><strong>Dimensions du produit :<\/strong> 3,75 cm (diam\u00e8tre de l&rsquo;anneau)<\/p>\n<p>R\u00e9sistance \u00e0 l&rsquo;eau : \u00e9tanche<\/p>\n<p>Mat\u00e9riau : silicone<\/p>\n<p>les batteries : Lithium-ion<\/p>\n<p>Piles incluses : Oui<\/p>\n","protected":false},"featured_media":92662,"comment_status":"open","ping_status":"closed","template":"","meta":{"_acf_changed":false,"_glsr_average":0,"_glsr_ranking":0,"_glsr_reviews":0},"product_brand":[],"product_cat":[2091,171],"product_tag":[],"class_list":{"0":"post-92669","1":"product","2":"type-product","3":"status-publish","4":"has-post-thumbnail","6":"product_cat-cock-play","7":"product_cat-sex-toys","9":"first","10":"instock","11":"taxable","12":"shipping-taxable","13":"purchasable","14":"product-type-simple"},"acf":[],"_links":{"self":[{"href":"https:\/\/dev.poppers-online.ch\/fr\/wp-json\/wp\/v2\/product\/92669","targetHints":{"allow":["GET"]}}],"collection":[{"href":"https:\/\/dev.poppers-online.ch\/fr\/wp-json\/wp\/v2\/product"}],"about":[{"href":"https:\/\/dev.poppers-online.ch\/fr\/wp-json\/wp\/v2\/types\/product"}],"replies":[{"embeddable":true,"href":"https:\/\/dev.poppers-online.ch\/fr\/wp-json\/wp\/v2\/comments?post=92669"}],"wp:featuredmedia":[{"embeddable":true,"href":"https:\/\/dev.poppers-online.ch\/fr\/wp-json\/wp\/v2\/media\/92662"}],"wp:attachment":[{"href":"https:\/\/dev.poppers-online.ch\/fr\/wp-json\/wp\/v2\/media?parent=92669"}],"wp:term":[{"taxonomy":"product_brand","embeddable":true,"href":"https:\/\/dev.poppers-online.ch\/fr\/wp-json\/wp\/v2\/product_brand?post=92669"},{"taxonomy":"product_cat","embeddable":true,"href":"https:\/\/dev.poppers-online.ch\/fr\/wp-json\/wp\/v2\/product_cat?post=92669"},{"taxonomy":"product_tag","embeddable":true,"href":"https:\/\/dev.poppers-online.ch\/fr\/wp-json\/wp\/v2\/product_tag?post=92669"}],"curies":[{"name":"wp","href":"https:\/\/api.w.org\/{rel}","templated":true}]}}