{"id":92941,"date":"2024-05-05T15:45:27","date_gmt":"2024-05-05T19:49:45","guid":{"rendered":"https:\/\/poppers-online.ch\/produkt\/s8-deep-throat-spray-30ml\/"},"modified":"2024-05-05T21:49:45","modified_gmt":"2024-05-05T19:49:45","slug":"s8-deep-throat-spray-30ml","status":"publish","type":"product","link":"https:\/\/dev.poppers-online.ch\/fr\/produit\/s8-deep-throat-spray-30ml\/","title":{"rendered":"S8 Deep Throat Spray 30ml"},"content":{"rendered":"","protected":false},"excerpt":{"rendered":"<p>Le <strong>spray S8 Deep Throat Spray 30ml<\/strong> est un spray innovant \u00e0 base d&rsquo;eau au go\u00fbt rafra\u00eechissant de menthe. Ce spray sp\u00e9cialement formul\u00e9 a \u00e9t\u00e9 con\u00e7u pour am\u00e9liorer votre exp\u00e9rience orale en d\u00e9sensibilisant votre cou pour une fellation plus profonde et plus satisfaisante. Son ingr\u00e9dient principal est le laureth-9, qui engourdit doucement votre gorge pour un plus grand confort lors de la stimulation orale. Ce spray vous permet d&rsquo;explorer de nouvelles profondeurs de plaisir et de porter vos moments intimes \u00e0 de nouveaux sommets excitants. L&rsquo;utilisation du spray S8 Deep Throat est simple. Appliquez simplement 1 \u00e0 3 pulv\u00e9risations directement dans la gorge et laissez le spray agir. \u00c9vitez tout contact avec les yeux et ne le vaporisez pas \u00e0 proximit\u00e9 de plaies ouvertes. Profitez de l&rsquo;all\u00e9chant go\u00fbt menthol\u00e9 du spray S8 Deep Throat et vivez une rencontre orale plus satisfaisante et agr\u00e9able.<\/p>\n<p>&nbsp;<\/p>\n<p><strong>Contenu<\/strong>: 30ml<\/p>\n<p><strong>Ingr\u00e9dients<\/strong>: AQUA, GLYCERIN, LAURETH-9, PEG-6 CAPRYLIC\/CAPRIC GLYCERIDES, METHYL LACTATE, LACTIC ACID, EUGENIA CARYOPHYLUS, SODIUM BENZOATE, PATASSIUM SORBATE, EUGENOL<\/p>\n","protected":false},"featured_media":92878,"comment_status":"closed","ping_status":"closed","template":"","meta":{"_acf_changed":false,"_glsr_average":0,"_glsr_ranking":0,"_glsr_reviews":0},"product_brand":[],"product_cat":[2070,166],"product_tag":[],"class_list":{"0":"post-92941","1":"product","2":"type-product","3":"status-publish","4":"has-post-thumbnail","6":"product_cat-helpers","7":"product_cat-droguerie","9":"first","10":"instock","11":"taxable","12":"shipping-taxable","13":"purchasable","14":"product-type-simple"},"acf":[],"_links":{"self":[{"href":"https:\/\/dev.poppers-online.ch\/fr\/wp-json\/wp\/v2\/product\/92941","targetHints":{"allow":["GET"]}}],"collection":[{"href":"https:\/\/dev.poppers-online.ch\/fr\/wp-json\/wp\/v2\/product"}],"about":[{"href":"https:\/\/dev.poppers-online.ch\/fr\/wp-json\/wp\/v2\/types\/product"}],"replies":[{"embeddable":true,"href":"https:\/\/dev.poppers-online.ch\/fr\/wp-json\/wp\/v2\/comments?post=92941"}],"wp:featuredmedia":[{"embeddable":true,"href":"https:\/\/dev.poppers-online.ch\/fr\/wp-json\/wp\/v2\/media\/92878"}],"wp:attachment":[{"href":"https:\/\/dev.poppers-online.ch\/fr\/wp-json\/wp\/v2\/media?parent=92941"}],"wp:term":[{"taxonomy":"product_brand","embeddable":true,"href":"https:\/\/dev.poppers-online.ch\/fr\/wp-json\/wp\/v2\/product_brand?post=92941"},{"taxonomy":"product_cat","embeddable":true,"href":"https:\/\/dev.poppers-online.ch\/fr\/wp-json\/wp\/v2\/product_cat?post=92941"},{"taxonomy":"product_tag","embeddable":true,"href":"https:\/\/dev.poppers-online.ch\/fr\/wp-json\/wp\/v2\/product_tag?post=92941"}],"curies":[{"name":"wp","href":"https:\/\/api.w.org\/{rel}","templated":true}]}}