{"id":92948,"date":"2024-05-05T15:25:57","date_gmt":"2024-05-05T19:49:47","guid":{"rendered":"https:\/\/poppers-online.ch\/produkt\/s8-ease-anal-relax-spray-30ml\/"},"modified":"2024-05-05T21:49:47","modified_gmt":"2024-05-05T19:49:47","slug":"s8-ease-anal-relax-spray-30ml","status":"publish","type":"product","link":"https:\/\/dev.poppers-online.ch\/fr\/produit\/s8-ease-anal-relax-spray-30ml\/","title":{"rendered":"S8 Ease Anal Relax Spray 30ml"},"content":{"rendered":"","protected":false},"excerpt":{"rendered":"<p>Le <strong>spray S8 Ease Anal Relax 30ml<\/strong> est votre solution parfaite pour une exp\u00e9rience anale d\u00e9tendue et passionn\u00e9e. Ce spray de relaxation anale a \u00e9t\u00e9 con\u00e7u pour am\u00e9liorer le confort et la d\u00e9tente pendant les moments intimes. Gr\u00e2ce \u00e0 l&rsquo;ingr\u00e9dient LAURETH-9, le spray d\u00e9sensibilise et d\u00e9tend en douceur la r\u00e9gion anale, ce qui permet une p\u00e9n\u00e9tration plus facile et sans douleur. C&rsquo;est le choix id\u00e9al pour tous ceux qui souhaitent explorer et profiter pleinement de la p\u00e9n\u00e9tration anale. L&rsquo;utilisation de S8 Ease est simple : il suffit d&rsquo;appliquer 1 ou 2 pulv\u00e9risations sur l&rsquo;anus et d&rsquo;attendre quelques instants que le produit fasse effet. Si n\u00e9cessaire, vous pouvez utiliser des lubrifiants suppl\u00e9mentaires pour encore plus de confort. Veuillez noter que le spray S8 Ease Anal Relax ne doit \u00eatre utilis\u00e9 que dans la r\u00e9gion anale et ne doit jamais \u00eatre vaporis\u00e9 sur d&rsquo;autres parties du corps ou \u00e0 proximit\u00e9 de plaies ouvertes. \u00c9vitez tout contact avec les yeux.<\/p>\n<p>&nbsp;<\/p>\n<p><strong>Contenu :<\/strong> 30ml<\/p>\n<p><strong>Ingr\u00e9dients<\/strong>: AQUA, GLYCERIN, LAURETH-9, PEG-6 CAPRYLIC\/CAPRIC GLYCERIDES, METHYL LACTATE, LACTIC ACID, EUGENIA CARYOPHYLUS, SODIUM BENZOATE, PATASSIUM SORBATE, EUGENOL<\/p>\n","protected":false},"featured_media":92872,"comment_status":"closed","ping_status":"closed","template":"","meta":{"_acf_changed":false,"_glsr_average":0,"_glsr_ranking":0,"_glsr_reviews":0},"product_brand":[],"product_cat":[2070,2061,166],"product_tag":[],"class_list":{"0":"post-92948","1":"product","2":"type-product","3":"status-publish","4":"has-post-thumbnail","6":"product_cat-helpers","7":"product_cat-spray-relaxant-anal","8":"product_cat-droguerie","10":"first","11":"instock","12":"taxable","13":"shipping-taxable","14":"purchasable","15":"product-type-simple"},"acf":[],"_links":{"self":[{"href":"https:\/\/dev.poppers-online.ch\/fr\/wp-json\/wp\/v2\/product\/92948","targetHints":{"allow":["GET"]}}],"collection":[{"href":"https:\/\/dev.poppers-online.ch\/fr\/wp-json\/wp\/v2\/product"}],"about":[{"href":"https:\/\/dev.poppers-online.ch\/fr\/wp-json\/wp\/v2\/types\/product"}],"replies":[{"embeddable":true,"href":"https:\/\/dev.poppers-online.ch\/fr\/wp-json\/wp\/v2\/comments?post=92948"}],"wp:featuredmedia":[{"embeddable":true,"href":"https:\/\/dev.poppers-online.ch\/fr\/wp-json\/wp\/v2\/media\/92872"}],"wp:attachment":[{"href":"https:\/\/dev.poppers-online.ch\/fr\/wp-json\/wp\/v2\/media?parent=92948"}],"wp:term":[{"taxonomy":"product_brand","embeddable":true,"href":"https:\/\/dev.poppers-online.ch\/fr\/wp-json\/wp\/v2\/product_brand?post=92948"},{"taxonomy":"product_cat","embeddable":true,"href":"https:\/\/dev.poppers-online.ch\/fr\/wp-json\/wp\/v2\/product_cat?post=92948"},{"taxonomy":"product_tag","embeddable":true,"href":"https:\/\/dev.poppers-online.ch\/fr\/wp-json\/wp\/v2\/product_tag?post=92948"}],"curies":[{"name":"wp","href":"https:\/\/api.w.org\/{rel}","templated":true}]}}