{"id":93561,"date":"2024-05-15T12:47:32","date_gmt":"2024-05-15T19:38:40","guid":{"rendered":"https:\/\/poppers-online.ch\/produkt\/lubrifiant-s8-pride-glide-a-base-deau-125ml\/"},"modified":"2024-05-15T21:38:40","modified_gmt":"2024-05-15T19:38:40","slug":"lubrifiant-s8-pride-glide-a-base-deau-125ml","status":"publish","type":"product","link":"https:\/\/dev.poppers-online.ch\/fr\/produit\/lubrifiant-s8-pride-glide-a-base-deau-125ml\/","title":{"rendered":"Lubrifiant S8 Pride Glide \u00e0 base d&rsquo;eau 125ml"},"content":{"rendered":"","protected":false},"excerpt":{"rendered":"<p>Le <strong>lubrifiant S8 Waterbased Pride Glide Lube 125ml<\/strong> est un lubrifiant \u00e0 base d&rsquo;eau extra \u00e9pais et longue dur\u00e9e ; parfait pour toute aventure sexy ! La formule de haute qualit\u00e9 est con\u00e7ue pour assurer le contact le plus doux avec la peau, tout en \u00e9tant douce pour la peau et les muqueuses intimes. Ce lubrifiant de haute qualit\u00e9 est sans gluten, sans sulfate, sans parab\u00e8ne, sans phtalate et ne contient pas de conservateurs durs ou de couleurs suppl\u00e9mentaires. Le lubrifiant S8 Pride Glide est \u00e9galement conforme \u00e0 toutes les r\u00e9glementations actuelles de l&rsquo;UE sur les produits d&rsquo;hygi\u00e8ne intime et offre une alternative fiable, \u00e0 un prix comp\u00e9titif et transparente aux autres produits non autoris\u00e9s sur le march\u00e9.<\/p>\n<p>&nbsp;<\/p>\n<p><strong>Contenu<\/strong>: 125ml<\/p>\n<p><strong>Ingr\u00e9dients<\/strong>: EAU, GLYC\u00c9RINE, HYDROXY\u00c9THYLCELLULOSE, PH\u00c9NOXY\u00c9THANOL, \u00c9THYLHEXYLGLYC\u00c9RINE<\/p>\n","protected":false},"featured_media":93446,"comment_status":"closed","ping_status":"closed","template":"","meta":{"_acf_changed":false,"_glsr_average":0,"_glsr_ranking":0,"_glsr_reviews":0},"product_brand":[],"product_cat":[2067,166],"product_tag":[],"class_list":{"0":"post-93561","1":"product","2":"type-product","3":"status-publish","4":"has-post-thumbnail","6":"product_cat-lubrifiant","7":"product_cat-droguerie","9":"first","10":"instock","11":"taxable","12":"shipping-taxable","13":"purchasable","14":"product-type-simple"},"acf":[],"_links":{"self":[{"href":"https:\/\/dev.poppers-online.ch\/fr\/wp-json\/wp\/v2\/product\/93561","targetHints":{"allow":["GET"]}}],"collection":[{"href":"https:\/\/dev.poppers-online.ch\/fr\/wp-json\/wp\/v2\/product"}],"about":[{"href":"https:\/\/dev.poppers-online.ch\/fr\/wp-json\/wp\/v2\/types\/product"}],"replies":[{"embeddable":true,"href":"https:\/\/dev.poppers-online.ch\/fr\/wp-json\/wp\/v2\/comments?post=93561"}],"wp:featuredmedia":[{"embeddable":true,"href":"https:\/\/dev.poppers-online.ch\/fr\/wp-json\/wp\/v2\/media\/93446"}],"wp:attachment":[{"href":"https:\/\/dev.poppers-online.ch\/fr\/wp-json\/wp\/v2\/media?parent=93561"}],"wp:term":[{"taxonomy":"product_brand","embeddable":true,"href":"https:\/\/dev.poppers-online.ch\/fr\/wp-json\/wp\/v2\/product_brand?post=93561"},{"taxonomy":"product_cat","embeddable":true,"href":"https:\/\/dev.poppers-online.ch\/fr\/wp-json\/wp\/v2\/product_cat?post=93561"},{"taxonomy":"product_tag","embeddable":true,"href":"https:\/\/dev.poppers-online.ch\/fr\/wp-json\/wp\/v2\/product_tag?post=93561"}],"curies":[{"name":"wp","href":"https:\/\/api.w.org\/{rel}","templated":true}]}}