{"id":93627,"date":"2024-05-16T12:41:08","date_gmt":"2024-05-16T10:41:08","guid":{"rendered":"https:\/\/poppers-online.ch\/produkt\/pig-dream-poppers-combo\/"},"modified":"2025-09-07T11:00:29","modified_gmt":"2025-09-07T09:00:29","slug":"pigdreams-poppers-combo","status":"publish","type":"product","link":"https:\/\/dev.poppers-online.ch\/fr\/produit\/pigdreams-poppers-combo\/","title":{"rendered":"Pigdreams Poppers Combo"},"content":{"rendered":"","protected":false},"excerpt":{"rendered":"<p>Le paquet \u00e9conomique <strong>Pigdreams Poppers Combo\u00a0<\/strong>se compose de deux flacons de poppers : Dirty Pig 10ml Poppers et Dream Dream Extra Stark 30ml Poppers. <strong>Dirty PIG Poppers 10ml<\/strong> est sur le march\u00e9 depuis 2023 et contient l\u2019ancien vrai pentyl nitrite. Ce poppers ne doit en aucun cas manquer \u00e0 ta prochaine session coquine. L\u2019intensit\u00e9 5 de ce flacon te permet de profiter pleinement de tes aventures sexuelles cochonnes. Dirty Pig Poppers fera de toi une vraie truie au lit. Dirty Pig Poppers est \u00e9galement disponible dans un flacon de 24 ml.<\/p>\n<p>&nbsp;<\/p>\n<p>Le <strong>Poppers Extra Fort Drecksau 30ml<\/strong> r\u00e9veillera la truie qui sommeille en toi. Avec notre poppers de cochon extra fort, tu peux faire des choses coquines quand il s\u2019agit de sexe, de sexe anal, de sexe oral et de positions sexuelles inhabituelles. Il contient du nitrite d\u2019alkyle, appel\u00e9 nitrite d\u2019hexyle, qui est consid\u00e9r\u00e9 comme le moins nocif pour la sant\u00e9. Le poppers Drecksau, d\u2019intensit\u00e9 6, fait partie des vari\u00e9t\u00e9s les plus fortes du march\u00e9 et est disponible dans un flacon de 30ml avec un bouchon facile \u00e0 ouvrir. Repousse tes limites et lib\u00e8re-toi sans retenue avec le Poppers Extra Fort Drecksau.<\/p>\n","protected":false},"featured_media":93624,"comment_status":"open","ping_status":"closed","template":"","meta":{"_acf_changed":false,"_glsr_average":0,"_glsr_ranking":0,"_glsr_reviews":0},"product_brand":[],"product_cat":[1046,76,77,78],"product_tag":[],"class_list":{"0":"post-93627","1":"product","2":"type-product","3":"status-publish","4":"has-post-thumbnail","6":"product_cat-poppers","7":"product_cat-paquets-economiques","8":"product_cat-grands-flacons","9":"product_cat-petits-flacons","10":"pa_flaschenform-rond-petit","11":"pa_flaschenform-rond-grand","12":"pa_gewindegroesse-small","13":"pa_inhalt-combo","14":"pa_inhalt-30ml","15":"pa_inhalt-10ml","16":"pa_inhaltsstoffe-nitrite-de-pentyle","17":"pa_inhaltsstoffe-nitrite-dhexyle","18":"pa_marke-edition-oxy","19":"pa_marke-royal-hexagon-fr","20":"pa_staerke-90","22":"first","23":"instock","24":"sale","25":"taxable","26":"shipping-taxable","27":"purchasable","28":"product-type-simple"},"acf":[],"_links":{"self":[{"href":"https:\/\/dev.poppers-online.ch\/fr\/wp-json\/wp\/v2\/product\/93627","targetHints":{"allow":["GET"]}}],"collection":[{"href":"https:\/\/dev.poppers-online.ch\/fr\/wp-json\/wp\/v2\/product"}],"about":[{"href":"https:\/\/dev.poppers-online.ch\/fr\/wp-json\/wp\/v2\/types\/product"}],"replies":[{"embeddable":true,"href":"https:\/\/dev.poppers-online.ch\/fr\/wp-json\/wp\/v2\/comments?post=93627"}],"wp:featuredmedia":[{"embeddable":true,"href":"https:\/\/dev.poppers-online.ch\/fr\/wp-json\/wp\/v2\/media\/93624"}],"wp:attachment":[{"href":"https:\/\/dev.poppers-online.ch\/fr\/wp-json\/wp\/v2\/media?parent=93627"}],"wp:term":[{"taxonomy":"product_brand","embeddable":true,"href":"https:\/\/dev.poppers-online.ch\/fr\/wp-json\/wp\/v2\/product_brand?post=93627"},{"taxonomy":"product_cat","embeddable":true,"href":"https:\/\/dev.poppers-online.ch\/fr\/wp-json\/wp\/v2\/product_cat?post=93627"},{"taxonomy":"product_tag","embeddable":true,"href":"https:\/\/dev.poppers-online.ch\/fr\/wp-json\/wp\/v2\/product_tag?post=93627"}],"curies":[{"name":"wp","href":"https:\/\/api.w.org\/{rel}","templated":true}]}}