{"id":93775,"date":"2024-05-16T14:16:55","date_gmt":"2024-05-16T15:32:40","guid":{"rendered":"https:\/\/poppers-online.ch\/produkt\/colt-silicone-super-cock-rings\/"},"modified":"2024-10-25T12:24:18","modified_gmt":"2024-10-25T10:24:18","slug":"colt-silicone-super-cock-rings","status":"publish","type":"product","link":"https:\/\/dev.poppers-online.ch\/fr\/produit\/colt-silicone-super-cock-rings\/","title":{"rendered":"COLT Silicone Super Cock Rings"},"content":{"rendered":"","protected":false},"excerpt":{"rendered":"<p>Plongez dans l&rsquo;action comme un homme COLT, grand et dur comme la pierre ! Les <strong>COLT Silicone Super Cock Rings<\/strong> sont des amplificateurs d&rsquo;\u00e9rection r\u00e9sistants et extensibles, con\u00e7us pour un confort ultime et une endurance accrue. Cet ensemble de deux anneaux en silicone surdimensionn\u00e9s et extra extensibles est doux et confortable tout en offrant une r\u00e9sistance sup\u00e9rieure. De plus, ils sont fabriqu\u00e9s en silicone pur d&rsquo;un noir fonc\u00e9 profond, donc aussi s\u00fbrs qu&rsquo;ils sont sexy. Ils sont faits \u00e0 la fois pour le plaisir ultime et pour la s\u00e9curit\u00e9, fabriqu\u00e9s \u00e0 partir de mat\u00e9riaux de haute qualit\u00e9 et sans phtalates. Les super anneaux en silicone COLT soutiennent et font durer votre plaisir. Vous ferez plaisir \u00e0 votre partenaire et am\u00e9liorerez votre satisfaction avec ces amplificateurs confortables. Avec ce soutien, en route pour une exp\u00e9rience de chambre \u00e0 coucher plus excitante. Un design \u00e9l\u00e9gant et un ajustement confortable : les super anneaux en silicone COLT offrent tout ce dont vous avez besoin pour une exp\u00e9rience sensuelle plus excitante. Pr\u00e9parez-vous, pr\u00e9parez-vous et restez plus longtemps &#8211; restez dur et fort plus longtemps. Nos super anneaux en silicone COLT ont ce qu&rsquo;il vous faut pour obtenir ce que vous voulez. N&rsquo;oubliez pas de nettoyer les super-anneaux en silicone avant et apr\u00e8s utilisation avec de l&rsquo;eau chaude et du savon ou un nettoyant pour jouets de qualit\u00e9.<\/p>\n<p>&nbsp;<\/p>\n<div class=\"info-block--item\">\n<div><strong>Diam\u00e8tre :<\/strong> M : 3,75 cm | L : 4,5 cm<\/div>\n<div><strong>Mat\u00e9riau :<\/strong> Silicone<\/div>\n<\/div>\n","protected":false},"featured_media":93689,"comment_status":"closed","ping_status":"closed","template":"","meta":{"_acf_changed":false,"_glsr_average":0,"_glsr_ranking":0,"_glsr_reviews":0},"product_brand":[],"product_cat":[2091,171],"product_tag":[],"class_list":{"0":"post-93775","1":"product","2":"type-product","3":"status-publish","4":"has-post-thumbnail","6":"product_cat-cock-play","7":"product_cat-sex-toys","9":"first","10":"instock","11":"taxable","12":"shipping-taxable","13":"purchasable","14":"product-type-simple"},"acf":[],"_links":{"self":[{"href":"https:\/\/dev.poppers-online.ch\/fr\/wp-json\/wp\/v2\/product\/93775","targetHints":{"allow":["GET"]}}],"collection":[{"href":"https:\/\/dev.poppers-online.ch\/fr\/wp-json\/wp\/v2\/product"}],"about":[{"href":"https:\/\/dev.poppers-online.ch\/fr\/wp-json\/wp\/v2\/types\/product"}],"replies":[{"embeddable":true,"href":"https:\/\/dev.poppers-online.ch\/fr\/wp-json\/wp\/v2\/comments?post=93775"}],"wp:featuredmedia":[{"embeddable":true,"href":"https:\/\/dev.poppers-online.ch\/fr\/wp-json\/wp\/v2\/media\/93689"}],"wp:attachment":[{"href":"https:\/\/dev.poppers-online.ch\/fr\/wp-json\/wp\/v2\/media?parent=93775"}],"wp:term":[{"taxonomy":"product_brand","embeddable":true,"href":"https:\/\/dev.poppers-online.ch\/fr\/wp-json\/wp\/v2\/product_brand?post=93775"},{"taxonomy":"product_cat","embeddable":true,"href":"https:\/\/dev.poppers-online.ch\/fr\/wp-json\/wp\/v2\/product_cat?post=93775"},{"taxonomy":"product_tag","embeddable":true,"href":"https:\/\/dev.poppers-online.ch\/fr\/wp-json\/wp\/v2\/product_tag?post=93775"}],"curies":[{"name":"wp","href":"https:\/\/api.w.org\/{rel}","templated":true}]}}