{"id":95712,"date":"2023-11-19T19:27:56","date_gmt":"2024-06-13T14:27:32","guid":{"rendered":"https:\/\/poppers-online.ch\/produkt\/godemiche-anal-hankeys-toys-boss-hogg\/"},"modified":"2024-06-13T16:27:32","modified_gmt":"2024-06-13T14:27:32","slug":"godemiche-anal-hankeys-toys-boss-hogg","status":"publish","type":"product","link":"https:\/\/dev.poppers-online.ch\/fr\/produit\/godemiche-anal-hankeys-toys-boss-hogg\/","title":{"rendered":"Godemich\u00e9 anal Hankey&rsquo;s Toys BOSS HOGG"},"content":{"rendered":"","protected":false},"excerpt":{"rendered":"<p>Pensez-vous que vous pouvez le pousser \u00e0 l&rsquo;extr\u00eame avec le BOSS HOGG de Hankey&rsquo;s Toys ? La texture lisse et la tige puissante de ce jouet feront fr\u00e9mir votre trou. Cette queue est super grosse ! Il vous donne une sensation de pl\u00e9nitude totale tout en vous \u00e9tirant bien au-del\u00e0 de l&rsquo;ouverture. L&rsquo;un des jouets les plus populaires de la gamme Hankey&rsquo;s Toys. Les Remove-O-Balls sont vendus s\u00e9par\u00e9ment. Ce jouet a un trou au bas de la base, ce qui le rend compatible avec Vac-U-Lock. Il peut \u00eatre utilis\u00e9 avec des machines \u00e0 baiser et avec d&rsquo;autres embouts Vac-U-Lock et strap-on. Texture : Lisse\/texture l\u00e9g\u00e8re.<\/p>\n<p>Hankey&rsquo;s Toys produit des godemich\u00e9s tr\u00e8s r\u00e9alistes aux dimensions disproportionn\u00e9es pour le plaisir sans limite des amateurs et des experts. De nombreux mod\u00e8les sont l&rsquo;image d&rsquo;un acteur porno tr\u00e8s bien \u00e9quip\u00e9 dans des dimensions extraordinaires. Tous les jouets Hankey&rsquo;s sont fabriqu\u00e9s \u00e0 la main \u00e0 partir de silicone de haute qualit\u00e9 durci au platine. Les godemich\u00e9s de la marque culte Hankey&rsquo;s Toys sont \u00e0 la fois massifs, lourds et incroyablement grands. Pour nous, les plus grands godemich\u00e9s anaux du monde jusqu&rsquo;\u00e0 pr\u00e9sent !<\/p>\n<p><strong>BOSS HOGG &#8211; SMALL<\/strong><br \/>\nCirconf\u00e9rence au niveau de la t\u00eate : 17.8cm<br \/>\nCirconf\u00e9rence au centre : 22.8cm<br \/>\nCirconf\u00e9rence \u00e0 la base : 20.3cm<br \/>\nLongueur totale : 25.0cm<br \/>\nLongueur ins\u00e9rable : 22.8cm<br \/>\nTaille de l&rsquo;anneau Strap-On : 6.4cm<\/p>\n<p><strong>BOSS HOGG &#8211; MOYEN<\/strong><br \/>\nCirconf\u00e9rence au niveau de la t\u00eate : 19.0cm<br \/>\nCirconf\u00e9rence au centre : 25.4cm<br \/>\nCirconf\u00e9rence \u00e0 la base : 22.2cm<br \/>\nLongueur totale : 28.0cm<br \/>\nLongueur ins\u00e9rable : 26.0cm<br \/>\nTaille de l&rsquo;anneau Strap-On : 6.4cm<\/p>\n<p><strong>BOSS HOGG &#8211; L\/XL (TAILLE ORIGINALE)<\/strong><br \/>\nCirconf\u00e9rence au niveau de la t\u00eate : 22.8cm<br \/>\nCirconf\u00e9rence au centre : 30.0cm<br \/>\nCirconf\u00e9rence \u00e0 la base : 27.3cm<br \/>\nLongueur totale : 33.0cm<br \/>\nLongueur ins\u00e9rable : 30.5cm<br \/>\nTaille de l&rsquo;anneau Strap-On : 7.6cm<\/p>\n<p><strong>BOSS HOGG &#8211; XXL<br \/>\n<\/strong>Circonf\u00e9rence de la t\u00eate : 24.1cm<br \/>\nCirconf\u00e9rence au centre : 33.0cm<br \/>\nCirconf\u00e9rence \u00e0 la base : 28.6cm<br \/>\nLongueur totale : 35.0cm<br \/>\nLongueur ins\u00e9rable : 33.0cm<br \/>\nTaille de l&rsquo;anneau Strap-On : 7.6cm<\/p>\n<p><strong>BOSS HOGG &#8211; XXXL<\/strong><br \/>\nCirconf\u00e9rence au niveau de la t\u00eate : 26.0cm<br \/>\nCirconf\u00e9rence au centre : 35.6cm<br \/>\nCirconf\u00e9rence \u00e0 la base : 31.1cm<br \/>\nLongueur totale : 37.2cm<br \/>\nLongueur ins\u00e9rable : 34.7cm<br \/>\nTaille de l&rsquo;anneau Strap-On : 7.6cm<\/p>\n","protected":false},"featured_media":76791,"comment_status":"open","ping_status":"closed","template":"","meta":{"_acf_changed":false,"_glsr_average":0,"_glsr_ranking":0,"_glsr_reviews":0},"product_brand":[],"product_cat":[2085,171],"product_tag":[1564],"class_list":{"0":"post-95712","1":"product","2":"type-product","3":"status-publish","4":"has-post-thumbnail","6":"product_cat-anal-play","7":"product_cat-sex-toys","8":"product_tag-honkeys-toys-boss-hogg-gode-anal-l-xl","10":"first","11":"outofstock","12":"sale","13":"taxable","14":"shipping-taxable","15":"purchasable","16":"product-type-variable","17":"has-default-attributes"},"acf":[],"_links":{"self":[{"href":"https:\/\/dev.poppers-online.ch\/fr\/wp-json\/wp\/v2\/product\/95712","targetHints":{"allow":["GET"]}}],"collection":[{"href":"https:\/\/dev.poppers-online.ch\/fr\/wp-json\/wp\/v2\/product"}],"about":[{"href":"https:\/\/dev.poppers-online.ch\/fr\/wp-json\/wp\/v2\/types\/product"}],"replies":[{"embeddable":true,"href":"https:\/\/dev.poppers-online.ch\/fr\/wp-json\/wp\/v2\/comments?post=95712"}],"wp:featuredmedia":[{"embeddable":true,"href":"https:\/\/dev.poppers-online.ch\/fr\/wp-json\/wp\/v2\/media\/76791"}],"wp:attachment":[{"href":"https:\/\/dev.poppers-online.ch\/fr\/wp-json\/wp\/v2\/media?parent=95712"}],"wp:term":[{"taxonomy":"product_brand","embeddable":true,"href":"https:\/\/dev.poppers-online.ch\/fr\/wp-json\/wp\/v2\/product_brand?post=95712"},{"taxonomy":"product_cat","embeddable":true,"href":"https:\/\/dev.poppers-online.ch\/fr\/wp-json\/wp\/v2\/product_cat?post=95712"},{"taxonomy":"product_tag","embeddable":true,"href":"https:\/\/dev.poppers-online.ch\/fr\/wp-json\/wp\/v2\/product_tag?post=95712"}],"curies":[{"name":"wp","href":"https:\/\/api.w.org\/{rel}","templated":true}]}}