{"id":97885,"date":"2024-07-19T14:41:45","date_gmt":"2024-07-19T14:24:54","guid":{"rendered":"https:\/\/poppers-online.ch\/produkt\/liquid-gold-extra-strong-poppers-30ml\/"},"modified":"2024-11-01T20:44:05","modified_gmt":"2024-11-01T19:44:05","slug":"liquid-gold-extra-strong-poppers-30ml","status":"publish","type":"product","link":"https:\/\/dev.poppers-online.ch\/fr\/produit\/liquid-gold-extra-strong-poppers-30ml\/","title":{"rendered":"Liquid Gold EXTRA STRONG Poppers 30ml"},"content":{"rendered":"","protected":false},"excerpt":{"rendered":"<p><strong>Liquid Gold EXTRA STRONG Poppers 30ml<\/strong> est extra fort, originaire du Royaume-Uni et tr\u00e8s concentr\u00e9, comme de l&rsquo;or liquide. Il fait aussi de vous un champion gagnant et \u00e9jaculateur au lit. Liquid Gold EXTRA STRONG Poppers 30ml contient du nitrite d&rsquo;alkyle, appel\u00e9 nitrite d&rsquo;hexyle, qui est consid\u00e9r\u00e9 comme le moins dangereux pour la sant\u00e9. Avec une force de 5 sur 6, Liquid Gold EXTRA STRONG Poppers 30ml fait partie des poppers les plus forts du march\u00e9 et est disponible en bouteille de 30ml uniquement chez nous avec un bouchon facile \u00e0 ouvrir. Profitez de votre prochaine nuit de sexe ou de votre prochaine session de Bate avec le Liquid Gold EXTRA Strong Poppers.<\/p>\n","protected":false},"featured_media":97855,"comment_status":"open","ping_status":"closed","template":"","meta":{"_acf_changed":false,"_glsr_average":0,"_glsr_ranking":0,"_glsr_reviews":0},"product_brand":[],"product_cat":[1046,77],"product_tag":[],"class_list":{"0":"post-97885","1":"product","2":"type-product","3":"status-publish","4":"has-post-thumbnail","6":"product_cat-poppers","7":"product_cat-grands-flacons","8":"pa_flaschenform-rond-petit","9":"pa_gewindegroesse-small","10":"pa_inhalt-30ml","11":"pa_inhaltsstoffe-nitrite-dhexyle","12":"pa_marke-royal-hexagon-fr","13":"pa_staerke-90","15":"first","16":"instock","17":"taxable","18":"shipping-taxable","19":"purchasable","20":"product-type-simple"},"acf":[],"_links":{"self":[{"href":"https:\/\/dev.poppers-online.ch\/fr\/wp-json\/wp\/v2\/product\/97885","targetHints":{"allow":["GET"]}}],"collection":[{"href":"https:\/\/dev.poppers-online.ch\/fr\/wp-json\/wp\/v2\/product"}],"about":[{"href":"https:\/\/dev.poppers-online.ch\/fr\/wp-json\/wp\/v2\/types\/product"}],"replies":[{"embeddable":true,"href":"https:\/\/dev.poppers-online.ch\/fr\/wp-json\/wp\/v2\/comments?post=97885"}],"wp:featuredmedia":[{"embeddable":true,"href":"https:\/\/dev.poppers-online.ch\/fr\/wp-json\/wp\/v2\/media\/97855"}],"wp:attachment":[{"href":"https:\/\/dev.poppers-online.ch\/fr\/wp-json\/wp\/v2\/media?parent=97885"}],"wp:term":[{"taxonomy":"product_brand","embeddable":true,"href":"https:\/\/dev.poppers-online.ch\/fr\/wp-json\/wp\/v2\/product_brand?post=97885"},{"taxonomy":"product_cat","embeddable":true,"href":"https:\/\/dev.poppers-online.ch\/fr\/wp-json\/wp\/v2\/product_cat?post=97885"},{"taxonomy":"product_tag","embeddable":true,"href":"https:\/\/dev.poppers-online.ch\/fr\/wp-json\/wp\/v2\/product_tag?post=97885"}],"curies":[{"name":"wp","href":"https:\/\/api.w.org\/{rel}","templated":true}]}}