{"id":97886,"date":"2024-07-19T16:11:26","date_gmt":"2024-07-19T14:24:56","guid":{"rendered":"https:\/\/poppers-online.ch\/produkt\/popper-italia-ultra-forte-30ml\/"},"modified":"2024-10-24T17:51:52","modified_gmt":"2024-10-24T15:51:52","slug":"popper-italia-ultra-forte-30ml","status":"publish","type":"product","link":"https:\/\/dev.poppers-online.ch\/fr\/produit\/popper-italia-ultra-forte-30ml\/","title":{"rendered":"Popper Italia Ultra Forte 30ml"},"content":{"rendered":"","protected":false},"excerpt":{"rendered":"<p><strong>Popper Italia Ultra Forte 30ml<\/strong> est un MUST-Have pour tous les fans de poppers gays en Italie. \u00c0 Milan, Rome, Florence, Naples et dans d&rsquo;autres villes d&rsquo;Italie, acheter des poppers n&rsquo;est pas facile, m\u00eame en 2024. C&rsquo;est pourquoi poppers-online.ch vous livre des poppers en Italie de mani\u00e8re fiable, rapide et discr\u00e8te. Vous pouvez bien s\u00fbr les commander m\u00eame si vous ne vivez pas en Italie.  <\/p>\n<p>Popper Italia Ultra Forte 30ml contient du nitrite d&rsquo;alkyle appel\u00e9 nitrite d&rsquo;hexyle, qui est consid\u00e9r\u00e9 comme le moins nocif pour la sant\u00e9. Avec une force de 5 sur 6, Popper Italia Ultra Forte 30ml est l&rsquo;un des poppers les plus forts du march\u00e9. Il est disponible en flacon de 30ml avec un bouchon facile \u00e0 ouvrir. Achetez votre Italia Ultra Forte Popper et d\u00e9couvrez comment l&rsquo;excitation monte en vous \u00e0 chaque bouff\u00e9e, vous rendant encore plus d\u00e9sireux, plus d\u00e9tendu et plus excit\u00e9.<\/p>\n","protected":false},"featured_media":97876,"comment_status":"open","ping_status":"closed","template":"","meta":{"_acf_changed":false,"_glsr_average":0,"_glsr_ranking":0,"_glsr_reviews":0},"product_brand":[],"product_cat":[1046,77],"product_tag":[],"class_list":{"0":"post-97886","1":"product","2":"type-product","3":"status-publish","4":"has-post-thumbnail","6":"product_cat-poppers","7":"product_cat-grands-flacons","8":"pa_flaschenform-rond-petit","9":"pa_gewindegroesse-small","10":"pa_inhalt-30ml","11":"pa_inhaltsstoffe-nitrite-dhexyle","12":"pa_marke-royal-hexagon-fr","13":"pa_staerke-90","15":"first","16":"instock","17":"taxable","18":"shipping-taxable","19":"purchasable","20":"product-type-simple"},"acf":[],"_links":{"self":[{"href":"https:\/\/dev.poppers-online.ch\/fr\/wp-json\/wp\/v2\/product\/97886","targetHints":{"allow":["GET"]}}],"collection":[{"href":"https:\/\/dev.poppers-online.ch\/fr\/wp-json\/wp\/v2\/product"}],"about":[{"href":"https:\/\/dev.poppers-online.ch\/fr\/wp-json\/wp\/v2\/types\/product"}],"replies":[{"embeddable":true,"href":"https:\/\/dev.poppers-online.ch\/fr\/wp-json\/wp\/v2\/comments?post=97886"}],"wp:featuredmedia":[{"embeddable":true,"href":"https:\/\/dev.poppers-online.ch\/fr\/wp-json\/wp\/v2\/media\/97876"}],"wp:attachment":[{"href":"https:\/\/dev.poppers-online.ch\/fr\/wp-json\/wp\/v2\/media?parent=97886"}],"wp:term":[{"taxonomy":"product_brand","embeddable":true,"href":"https:\/\/dev.poppers-online.ch\/fr\/wp-json\/wp\/v2\/product_brand?post=97886"},{"taxonomy":"product_cat","embeddable":true,"href":"https:\/\/dev.poppers-online.ch\/fr\/wp-json\/wp\/v2\/product_cat?post=97886"},{"taxonomy":"product_tag","embeddable":true,"href":"https:\/\/dev.poppers-online.ch\/fr\/wp-json\/wp\/v2\/product_tag?post=97886"}],"curies":[{"name":"wp","href":"https:\/\/api.w.org\/{rel}","templated":true}]}}