{"id":97902,"date":"2024-07-19T16:39:23","date_gmt":"2024-07-19T14:42:28","guid":{"rendered":"https:\/\/poppers-online.ch\/produkt\/sub-zero-extreme-strong-poppers-30ml\/"},"modified":"2025-08-25T10:56:13","modified_gmt":"2025-08-25T08:56:13","slug":"sub-zero-extreme-strong-poppers-30ml","status":"publish","type":"product","link":"https:\/\/dev.poppers-online.ch\/fr\/produit\/sub-zero-extreme-strong-poppers-30ml\/","title":{"rendered":"SUB ZERO Extreme Strong Poppers 30ml"},"content":{"rendered":"","protected":false},"excerpt":{"rendered":"<p><strong>SUB ZERO Extreme Strong Poppers 30ml<\/strong> est extra fort et fait de vous le guerrier ninja du sexe. SUB ZERO Extreme Strong Poppers 30ml contient du nitrite d&rsquo;alkyle, appel\u00e9 nitrite d&rsquo;hexyle, consid\u00e9r\u00e9 comme le moins nocif pour la sant\u00e9. Avec une force de 6 sur 6, SUB ZERO Extreme Strong Poppers 30ml est l&rsquo;un des poppers les plus forts du march\u00e9. Il est disponible dans un flacon de 30ml avec un bouchon facile \u00e0 ouvrir. Vainquez le froid, la glace et les r\u00e9sistances qui s&rsquo;opposent au sexe endiabl\u00e9 et d\u00e9couvrez une nouvelle dimension du plaisir avec le SUB ZERO Extreme Poppers.<\/p>\n<p>Aux \u00c9tats-Unis, des solvants Sub Zero contenant du nitrite d&rsquo;isobutyle, un ingr\u00e9dient canc\u00e9rig\u00e8ne, sont vendus comme nettoyants. Nous nous distan\u00e7ons de la vente de nitrite d&rsquo;isobutyle. Lisez \u00e9galement l&rsquo;article de notre blog sur les <a href=\"https:\/\/dev.poppers-online.ch\/blog\/was-sind-die-inhaltsstoffe-von-poppers\/\">ingr\u00e9dients<\/a>.<\/p>\n","protected":false},"featured_media":97894,"comment_status":"open","ping_status":"closed","template":"","meta":{"_acf_changed":false,"_glsr_average":0,"_glsr_ranking":0,"_glsr_reviews":0},"product_brand":[],"product_cat":[1046,77],"product_tag":[],"class_list":{"0":"post-97902","1":"product","2":"type-product","3":"status-publish","4":"has-post-thumbnail","6":"product_cat-poppers","7":"product_cat-grands-flacons","8":"pa_flaschenform-rond-petit","9":"pa_gewindegroesse-small","10":"pa_inhalt-30ml","11":"pa_inhaltsstoffe-nitrite-dhexyle","12":"pa_marke-royal-hexagon-fr","13":"pa_staerke-91","15":"first","16":"instock","17":"taxable","18":"shipping-taxable","19":"purchasable","20":"product-type-simple"},"acf":[],"_links":{"self":[{"href":"https:\/\/dev.poppers-online.ch\/fr\/wp-json\/wp\/v2\/product\/97902","targetHints":{"allow":["GET"]}}],"collection":[{"href":"https:\/\/dev.poppers-online.ch\/fr\/wp-json\/wp\/v2\/product"}],"about":[{"href":"https:\/\/dev.poppers-online.ch\/fr\/wp-json\/wp\/v2\/types\/product"}],"replies":[{"embeddable":true,"href":"https:\/\/dev.poppers-online.ch\/fr\/wp-json\/wp\/v2\/comments?post=97902"}],"wp:featuredmedia":[{"embeddable":true,"href":"https:\/\/dev.poppers-online.ch\/fr\/wp-json\/wp\/v2\/media\/97894"}],"wp:attachment":[{"href":"https:\/\/dev.poppers-online.ch\/fr\/wp-json\/wp\/v2\/media?parent=97902"}],"wp:term":[{"taxonomy":"product_brand","embeddable":true,"href":"https:\/\/dev.poppers-online.ch\/fr\/wp-json\/wp\/v2\/product_brand?post=97902"},{"taxonomy":"product_cat","embeddable":true,"href":"https:\/\/dev.poppers-online.ch\/fr\/wp-json\/wp\/v2\/product_cat?post=97902"},{"taxonomy":"product_tag","embeddable":true,"href":"https:\/\/dev.poppers-online.ch\/fr\/wp-json\/wp\/v2\/product_tag?post=97902"}],"curies":[{"name":"wp","href":"https:\/\/api.w.org\/{rel}","templated":true}]}}