{"id":99242,"date":"2024-08-10T14:52:58","date_gmt":"2024-08-10T12:52:58","guid":{"rendered":"https:\/\/poppers-online.ch\/produkt\/deep-sniff-une-histoire-de-poppers-et-de-futurs-queers\/"},"modified":"2024-10-24T16:42:50","modified_gmt":"2024-10-24T14:42:50","slug":"deep-sniff-une-histoire-de-poppers-et-de-futurs-queers","status":"publish","type":"product","link":"https:\/\/dev.poppers-online.ch\/fr\/produit\/deep-sniff-une-histoire-de-poppers-et-de-futurs-queers\/","title":{"rendered":"DEEP SNIFF : une histoire de poppers et de futurs queers"},"content":{"rendered":"","protected":false},"excerpt":{"rendered":"<p><em><strong>DEEP SNIFF : une histoire de poppers et de futurs queers<\/strong><\/em> est l&rsquo;histoire fascinante de la fa\u00e7on dont le poppers est pass\u00e9 du laboratoire aux bars gays, aux sex-shops, aux chambres \u00e0 coucher et aux films pornographiques.<br \/>\nEn m\u00ealant recherche historique et observation perspicace, Adam Zmith explore les forces culturelles et les liens improbables qui se cachent derri\u00e8re le pouvoir de Poppers. <\/p>\n<p>Ce qui en r\u00e9sulte n&rsquo;est pas seulement une histoire de braquages, de panique virale et de muscles.<br \/>\nC&rsquo;est une collection d&rsquo;id\u00e9es fra\u00eeches et provocantes sur l&rsquo;identit\u00e9, le sexe, l&rsquo;utopie, le capitalisme, la justice, la libert\u00e9 et les corps avec lesquels nous faisons l&rsquo;exp\u00e9rience du monde.<br \/>\nCe qui commence comme une enqu\u00eate r\u00e9fl\u00e9chie sur Poppers se transforme dans Deep Sniff en un manifeste pour le plaisir avec Poppers.<br \/>\nUne histoire sociale et personnelle fascinante et amusante d&rsquo;une drogue sous-estim\u00e9e.<br \/>\nZmith parvient \u00e0 capturer non seulement l&rsquo;histoire fascinante du poppers et son r\u00f4le dans la vie queer, mais aussi le plaisir qu&rsquo;il procure.    <\/p>\n<p>\u00ab\u00a0Absorbant, \u00e9radicateur, finement recherch\u00e9 et extr\u00eamement solennel, Deep Sniff est exactement le genre d&rsquo;histoire queer dont nous avons besoin maintenant. \u00c0 travers le prisme enivrant de Poppers, Zmith explore le corps queer avec une telle curiosit\u00e9 et une telle nuance &#8211; et r\u00e9v\u00e8le \u00e0 quel point la recherche du plaisir autonome est r\u00e9ellement politique et continue\u00a0\u00bb. &#8211; Richard Scott, auteur de Soho.<\/p>\n<p>\u00ab\u00a0Deep Sniff\u00a0\u00bb d&rsquo;Adam Zmith est un aper\u00e7u fascinant de l&rsquo;histoire d&rsquo;un aspect quotidien mais rarement abord\u00e9 de la vie des hommes gays \u00e0 la fin du 20e si\u00e8cle et au d\u00e9but du 20e si\u00e8cle : Poppers. M\u00ealant habilement histoire, exp\u00e9riences personnelles et commentaires culturels, Deep Sniff est une contribution remarquable \u00e0 l&rsquo;histoire du queer\u00a0\u00bb. &#8211; Hugh Ryan, auteur de When Brooklyn Was Queer.<\/p>\n","protected":false},"featured_media":99237,"comment_status":"open","ping_status":"closed","template":"","meta":{"_acf_changed":false,"_glsr_average":0,"_glsr_ranking":0,"_glsr_reviews":0},"product_brand":[],"product_cat":[149],"product_tag":[],"class_list":{"0":"post-99242","1":"product","2":"type-product","3":"status-publish","4":"has-post-thumbnail","6":"product_cat-accessoires-poppers","8":"first","9":"instock","10":"taxable","11":"shipping-taxable","12":"purchasable","13":"product-type-simple"},"acf":[],"_links":{"self":[{"href":"https:\/\/dev.poppers-online.ch\/fr\/wp-json\/wp\/v2\/product\/99242","targetHints":{"allow":["GET"]}}],"collection":[{"href":"https:\/\/dev.poppers-online.ch\/fr\/wp-json\/wp\/v2\/product"}],"about":[{"href":"https:\/\/dev.poppers-online.ch\/fr\/wp-json\/wp\/v2\/types\/product"}],"replies":[{"embeddable":true,"href":"https:\/\/dev.poppers-online.ch\/fr\/wp-json\/wp\/v2\/comments?post=99242"}],"wp:featuredmedia":[{"embeddable":true,"href":"https:\/\/dev.poppers-online.ch\/fr\/wp-json\/wp\/v2\/media\/99237"}],"wp:attachment":[{"href":"https:\/\/dev.poppers-online.ch\/fr\/wp-json\/wp\/v2\/media?parent=99242"}],"wp:term":[{"taxonomy":"product_brand","embeddable":true,"href":"https:\/\/dev.poppers-online.ch\/fr\/wp-json\/wp\/v2\/product_brand?post=99242"},{"taxonomy":"product_cat","embeddable":true,"href":"https:\/\/dev.poppers-online.ch\/fr\/wp-json\/wp\/v2\/product_cat?post=99242"},{"taxonomy":"product_tag","embeddable":true,"href":"https:\/\/dev.poppers-online.ch\/fr\/wp-json\/wp\/v2\/product_tag?post=99242"}],"curies":[{"name":"wp","href":"https:\/\/api.w.org\/{rel}","templated":true}]}}