{"id":3306,"date":"2021-09-22T19:44:36","date_gmt":"2021-09-22T17:44:36","guid":{"rendered":"https:\/\/poppers.novatask.biz\/spedizione\/"},"modified":"2024-10-15T20:26:31","modified_gmt":"2024-10-15T18:26:31","slug":"spedizione","status":"publish","type":"page","link":"https:\/\/dev.poppers-online.ch\/it\/spedizione\/","title":{"rendered":"spedizione"},"content":{"rendered":"\t\t<div data-elementor-type=\"wp-page\" data-elementor-id=\"3306\" class=\"elementor elementor-3306 elementor-263\" data-elementor-post-type=\"page\">\n\t\t\t\t\t\t<section class=\"elementor-section elementor-top-section elementor-element elementor-element-1cfecbb elementor-section-boxed elementor-section-height-default elementor-section-height-default\" data-id=\"1cfecbb\" data-element_type=\"section\">\n\t\t\t\t\t\t<div class=\"elementor-container elementor-column-gap-default\">\n\t\t\t\t\t<div class=\"elementor-column elementor-col-100 elementor-top-column elementor-element elementor-element-936b174\" data-id=\"936b174\" data-element_type=\"column\">\n\t\t\t<div class=\"elementor-widget-wrap elementor-element-populated\">\n\t\t\t\t\t\t<div class=\"elementor-element elementor-element-e44d74d elementor-widget elementor-widget-heading\" data-id=\"e44d74d\" data-element_type=\"widget\" data-widget_type=\"heading.default\">\n\t\t\t\t<div class=\"elementor-widget-container\">\n\t\t\t\t\t<h1 class=\"elementor-heading-title elementor-size-default\">Spedizione popper dalla Svizzera \/ servizio di ritiro<\/h1>\t\t\t\t<\/div>\n\t\t\t\t<\/div>\n\t\t\t\t\t<\/div>\n\t\t<\/div>\n\t\t\t\t\t<\/div>\n\t\t<\/section>\n\t\t\t\t<section class=\"elementor-section elementor-top-section elementor-element elementor-element-99387da elementor-section-boxed elementor-section-height-default elementor-section-height-default\" data-id=\"99387da\" data-element_type=\"section\">\n\t\t\t\t\t\t<div class=\"elementor-container elementor-column-gap-default\">\n\t\t\t\t\t<div class=\"elementor-column elementor-col-100 elementor-top-column elementor-element elementor-element-f8dab93\" data-id=\"f8dab93\" data-element_type=\"column\">\n\t\t\t<div class=\"elementor-widget-wrap elementor-element-populated\">\n\t\t\t\t\t\t<div class=\"elementor-element elementor-element-90f6749 elementor-widget elementor-widget-text-editor\" data-id=\"90f6749\" data-element_type=\"widget\" data-widget_type=\"text-editor.default\">\n\t\t\t\t<div class=\"elementor-widget-container\">\n\t\t\t\t\t\t\t\t\t<p>Inviamo i popper esclusivamente dalla Svizzera tramite la Posta Svizzera. Questo garantisce che non ci siano problemi doganali e che il pacco arrivi rapidamente, entro 1-2 giorni lavorativi. Ci\u00f2 significa che invieremo il pacco il giorno in cui riceveremo il denaro. In caso di pagamento con carta di credito e TWINT, questo \u00e8 il giorno dell&#8217;ordine. Inviamo solo con Posta A, il che significa che il tempo di consegna del pacco \u00e8 di 1 giorno lavorativo. Ad esempio, se ordini con carta di credito il luned\u00ec mattina, riceverai il pacco nella cassetta del latte marted\u00ec.<\/p>\n<p>Corriere per poppers: Se la discrezione \u00e8 la vostra priorit\u00e0 e non potete ricevere una confezione di poppers a casa, vi consigliamo il nostro servizio di consegna tramite corriere in tutta la Svizzera: poppers-kurier.ch.<\/p>\n<p><span style=\"color: var( --e-global-color-text ); font-size: var( --e-global-typography-text-font-size ); font-weight: var( --e-global-typography-text-font-weight );\">Servizio di ritiro: se abitate a Zurigo o nell&#8217;agglomerato urbano di Zurigo, ora potete usufruire anche del nostro servizio di ritiro. Se avete fretta nel fine settimana, ad esempio, il nostro servizio di ritiro \u00e8 molto pratico (valore minimo della merce CHF 80).<\/span><br><\/p>\n<p>Le spedizioni <b>in Italia<\/b> sono effettuate da DHL.&nbsp;<\/p>\n<p>Inviamo sempre i nostri pacchi in modo neutrale, cio\u00e8 senza pubblicit\u00e0 sul Scatola di spedizione . Il mittente \u00e8 Oxymoron AG.&nbsp;Ecco come proteggiamo la vostra privacy.<\/p>\n<p>I popper sono in uno Borsa con zip e uno Rete protettiva e\/o flo-pack imballato in modo sicuro. In questo modo proteggiamo i popper da perdite e da un cattivo odore nella cassa del latte.<\/p>\n<div style=\"width: 0;\">\n<div>&nbsp;<\/div>\n<div>&nbsp;<\/div>\n<\/div>\t\t\t\t\t\t\t\t<\/div>\n\t\t\t\t<\/div>\n\t\t\t\t\t<\/div>\n\t\t<\/div>\n\t\t\t\t\t<\/div>\n\t\t<\/section>\n\t\t\t\t<section class=\"elementor-section elementor-top-section elementor-element elementor-element-3d72f18 elementor-section-boxed elementor-section-height-default elementor-section-height-default\" data-id=\"3d72f18\" data-element_type=\"section\">\n\t\t\t\t\t\t<div class=\"elementor-container elementor-column-gap-default\">\n\t\t\t\t\t<div class=\"elementor-column elementor-col-50 elementor-top-column elementor-element elementor-element-bbcb02f\" data-id=\"bbcb02f\" data-element_type=\"column\">\n\t\t\t<div class=\"elementor-widget-wrap elementor-element-populated\">\n\t\t\t\t\t\t<div class=\"elementor-element elementor-element-1361f63 elementor-widget elementor-widget-image\" data-id=\"1361f63\" data-element_type=\"widget\" data-widget_type=\"image.default\">\n\t\t\t\t<div class=\"elementor-widget-container\">\n\t\t\t\t\t\t\t\t\t\t\t\t\t\t\t<img fetchpriority=\"high\" decoding=\"async\" width=\"800\" height=\"800\" src=\"https:\/\/dev.poppers-online.ch\/wp-content\/uploads\/poppers-versand-2.jpg\" class=\"attachment-large size-large wp-image-3308\" alt=\"poppers-versand-2\" srcset=\"https:\/\/dev.poppers-online.ch\/wp-content\/uploads\/poppers-versand-2.jpg 800w, https:\/\/dev.poppers-online.ch\/wp-content\/uploads\/poppers-versand-2-100x100.jpg 100w, https:\/\/dev.poppers-online.ch\/wp-content\/uploads\/poppers-versand-2-64x64.jpg 64w, https:\/\/dev.poppers-online.ch\/wp-content\/uploads\/poppers-versand-2-600x600.jpg 600w, https:\/\/dev.poppers-online.ch\/wp-content\/uploads\/poppers-versand-2-300x300.jpg 300w, https:\/\/dev.poppers-online.ch\/wp-content\/uploads\/poppers-versand-2-150x150.jpg 150w, https:\/\/dev.poppers-online.ch\/wp-content\/uploads\/poppers-versand-2-768x768.jpg 768w\" sizes=\"(max-width: 800px) 100vw, 800px\" \/>\t\t\t\t\t\t\t\t\t\t\t\t\t\t\t<\/div>\n\t\t\t\t<\/div>\n\t\t\t\t\t<\/div>\n\t\t<\/div>\n\t\t\t\t<div class=\"elementor-column elementor-col-50 elementor-top-column elementor-element elementor-element-49b7215\" data-id=\"49b7215\" data-element_type=\"column\">\n\t\t\t<div class=\"elementor-widget-wrap elementor-element-populated\">\n\t\t\t\t\t\t<div class=\"elementor-element elementor-element-0e25e2e elementor-widget elementor-widget-image\" data-id=\"0e25e2e\" data-element_type=\"widget\" data-widget_type=\"image.default\">\n\t\t\t\t<div class=\"elementor-widget-container\">\n\t\t\t\t\t\t\t\t\t\t\t\t\t\t\t<img decoding=\"async\" width=\"800\" height=\"800\" src=\"https:\/\/dev.poppers-online.ch\/wp-content\/uploads\/poppers-versand-1.jpg\" class=\"attachment-large size-large wp-image-3307\" alt=\"Spedizione popper dalla Svizzera\" srcset=\"https:\/\/dev.poppers-online.ch\/wp-content\/uploads\/poppers-versand-1.jpg 800w, https:\/\/dev.poppers-online.ch\/wp-content\/uploads\/poppers-versand-1-100x100.jpg 100w, https:\/\/dev.poppers-online.ch\/wp-content\/uploads\/poppers-versand-1-64x64.jpg 64w, https:\/\/dev.poppers-online.ch\/wp-content\/uploads\/poppers-versand-1-600x600.jpg 600w, https:\/\/dev.poppers-online.ch\/wp-content\/uploads\/poppers-versand-1-300x300.jpg 300w, https:\/\/dev.poppers-online.ch\/wp-content\/uploads\/poppers-versand-1-150x150.jpg 150w, https:\/\/dev.poppers-online.ch\/wp-content\/uploads\/poppers-versand-1-768x768.jpg 768w\" sizes=\"(max-width: 800px) 100vw, 800px\" \/>\t\t\t\t\t\t\t\t\t\t\t\t\t\t\t<\/div>\n\t\t\t\t<\/div>\n\t\t\t\t\t<\/div>\n\t\t<\/div>\n\t\t\t\t\t<\/div>\n\t\t<\/section>\n\t\t\t\t<section class=\"elementor-section elementor-top-section elementor-element elementor-element-4ec228d elementor-section-boxed elementor-section-height-default elementor-section-height-default\" data-id=\"4ec228d\" data-element_type=\"section\">\n\t\t\t\t\t\t<div class=\"elementor-container elementor-column-gap-default\">\n\t\t\t\t\t<div class=\"elementor-column elementor-col-100 elementor-top-column elementor-element elementor-element-faaa50a\" data-id=\"faaa50a\" data-element_type=\"column\">\n\t\t\t<div class=\"elementor-widget-wrap elementor-element-populated\">\n\t\t\t\t\t\t<div class=\"elementor-element elementor-element-517344c elementor-widget elementor-widget-html\" data-id=\"517344c\" data-element_type=\"widget\" data-widget_type=\"html.default\">\n\t\t\t\t<div class=\"elementor-widget-container\">\n\t\t\t\t\t<iframe width=\"1120\" height=\"630\" src=\"https:\/\/youtube.com\/embed\/HIl0BvWJgno\" frameborder=\"0\" allow=\"accelerometer; autoplay; clipboard-write; encrypted-media; gyroscope; picture-in-picture; web-share\" allowfullscreen=\"\"><\/iframe>\t\t\t\t<\/div>\n\t\t\t\t<\/div>\n\t\t\t\t\t<\/div>\n\t\t<\/div>\n\t\t\t\t\t<\/div>\n\t\t<\/section>\n\t\t\t\t<\/div>\n\t\t","protected":false},"excerpt":{"rendered":"<p>Spedizione popper dalla Svizzera \/ servizio di ritiro Inviamo i popper esclusivamente dalla Svizzera tramite la Posta Svizzera. Questo garantisce che non ci siano problemi doganali e che il pacco arrivi rapidamente, entro 1-2 giorni lavorativi. Ci\u00f2 significa che invieremo il pacco il giorno in cui riceveremo il denaro. In caso di pagamento con carta [&hellip;]<\/p>\n","protected":false},"author":1,"featured_media":91284,"parent":0,"menu_order":0,"comment_status":"closed","ping_status":"closed","template":"elementor_header_footer","meta":{"_acf_changed":false,"_glsr_average":0,"_glsr_ranking":0,"_glsr_reviews":0,"footnotes":""},"class_list":["post-3306","page","type-page","status-publish","has-post-thumbnail","hentry"],"acf":[],"_links":{"self":[{"href":"https:\/\/dev.poppers-online.ch\/it\/wp-json\/wp\/v2\/pages\/3306","targetHints":{"allow":["GET"]}}],"collection":[{"href":"https:\/\/dev.poppers-online.ch\/it\/wp-json\/wp\/v2\/pages"}],"about":[{"href":"https:\/\/dev.poppers-online.ch\/it\/wp-json\/wp\/v2\/types\/page"}],"author":[{"embeddable":true,"href":"https:\/\/dev.poppers-online.ch\/it\/wp-json\/wp\/v2\/users\/1"}],"replies":[{"embeddable":true,"href":"https:\/\/dev.poppers-online.ch\/it\/wp-json\/wp\/v2\/comments?post=3306"}],"version-history":[{"count":0,"href":"https:\/\/dev.poppers-online.ch\/it\/wp-json\/wp\/v2\/pages\/3306\/revisions"}],"wp:featuredmedia":[{"embeddable":true,"href":"https:\/\/dev.poppers-online.ch\/it\/wp-json\/wp\/v2\/media\/91284"}],"wp:attachment":[{"href":"https:\/\/dev.poppers-online.ch\/it\/wp-json\/wp\/v2\/media?parent=3306"}],"curies":[{"name":"wp","href":"https:\/\/api.w.org\/{rel}","templated":true}]}}